{"id":11036,"date":"2023-10-26T14:02:09","date_gmt":"2023-10-26T12:02:09","guid":{"rendered":"https:\/\/jacekplacek.com.pl\/?post_type=product&#038;p=11036"},"modified":"2025-11-18T18:30:55","modified_gmt":"2025-11-18T17:30:55","slug":"gateau-de-velours-rouge-2","status":"publish","type":"product","link":"https:\/\/jacekplacek.com.pl\/fr\/magasin\/torty_i_desery\/gateaux\/gateau-de-velours-rouge-2\/","title":{"rendered":"G\u00e2teau de velours rouge"},"content":{"rendered":"<p><strong>Nous vous invitons \u00e0 essayer notre g\u00e2teau phare Red Velvet - un dessert classique avec une nouvelle touche. <\/strong><\/p>\n<p><span style=\"font-weight: 400;\"><strong>Notre g\u00e2teau est non seulement app\u00e9tissant, mais aussi sain car nous \u00e9vitons les additifs artificiels en utilisant un colorant naturel au lycop\u00e8ne obtenu \u00e0 partir de tomates.<\/strong> Nous remplissons l&#039;int\u00e9rieur du g\u00e2teau de d\u00e9licieuse cr\u00e8me de mascarpone et de confiture de framboise, ce qui lui donne un go\u00fbt unique. <\/span><span style=\"font-weight: 400;\">Constatez par vous-m\u00eame que le go\u00fbt traditionnel peut aller de pair avec l\u2019attention port\u00e9e \u00e0 la qualit\u00e9 des ingr\u00e9dients.<\/span><\/p>\n<p><span style=\"font-weight: 400;\">Nous vous encourageons \u00e0 commander un g\u00e2teau sous forme de cadeau, avec celui choisi <\/span><b>carte de voeux<\/b><span style=\"font-weight: 400;\"> et correspondant <\/span><b>bougies<\/b><span style=\"font-weight: 400;\">.<\/span><\/p>","protected":false},"excerpt":{"rendered":"<p><span data-sheets-root=\"1\">G\u00e2teau \u00e9ponge rouge, color\u00e9 avec du lycop\u00e8ne naturel de tomates, garni de cr\u00e8me au mascarpone et de confiture de framboises. Un classique dans une \u00e9dition moderne, sans ajouts artificiels.<\/span><\/p>","protected":false},"featured_media":9379,"comment_status":"closed","ping_status":"closed","template":"","meta":{"content-type":""},"product_brand":[],"product_cat":[123],"product_tag":[336,166,730,733,447,731,732,734],"class_list":{"0":"post-11036","1":"product","2":"type-product","3":"status-publish","4":"has-post-thumbnail","6":"product_cat-torty","7":"product_tag-red-velvet","8":"product_tag-tort","9":"product_tag-tort-na-urodziny","10":"product_tag-tort-naturalny","11":"product_tag-tort-red-velvet","12":"product_tag-tort-urodzinowy","13":"product_tag-torty-naturalne","14":"product_tag-zdrowy-sklad","16":"entry","17":"has-media","19":"first","20":"instock","21":"shipping-taxable","22":"product-type-variable","23":"has-default-attributes","24":"has-product-nav","25":"col","26":"span_1_of_4","27":"owp-content-center","28":"owp-thumbs-layout-horizontal","29":"owp-btn-normal","30":"owp-tabs-layout-horizontal"},"acf":[],"_links":{"self":[{"href":"https:\/\/jacekplacek.com.pl\/fr\/wp-json\/wp\/v2\/product\/11036","targetHints":{"allow":["GET"]}}],"collection":[{"href":"https:\/\/jacekplacek.com.pl\/fr\/wp-json\/wp\/v2\/product"}],"about":[{"href":"https:\/\/jacekplacek.com.pl\/fr\/wp-json\/wp\/v2\/types\/product"}],"replies":[{"embeddable":true,"href":"https:\/\/jacekplacek.com.pl\/fr\/wp-json\/wp\/v2\/comments?post=11036"}],"wp:featuredmedia":[{"embeddable":true,"href":"https:\/\/jacekplacek.com.pl\/fr\/wp-json\/wp\/v2\/media\/9379"}],"wp:attachment":[{"href":"https:\/\/jacekplacek.com.pl\/fr\/wp-json\/wp\/v2\/media?parent=11036"}],"wp:term":[{"taxonomy":"product_brand","embeddable":true,"href":"https:\/\/jacekplacek.com.pl\/fr\/wp-json\/wp\/v2\/product_brand?post=11036"},{"taxonomy":"product_cat","embeddable":true,"href":"https:\/\/jacekplacek.com.pl\/fr\/wp-json\/wp\/v2\/product_cat?post=11036"},{"taxonomy":"product_tag","embeddable":true,"href":"https:\/\/jacekplacek.com.pl\/fr\/wp-json\/wp\/v2\/product_tag?post=11036"}],"curies":[{"name":"wp","href":"https:\/\/api.w.org\/{rel}","templated":true}]}}