{"id":11031,"date":"2023-10-26T14:00:48","date_gmt":"2023-10-26T12:00:48","guid":{"rendered":"https:\/\/jacekplacek.com.pl\/?post_type=product&#038;p=11031"},"modified":"2025-11-18T18:30:54","modified_gmt":"2025-11-18T17:30:54","slug":"gateau-aux-fraises-2","status":"publish","type":"product","link":"https:\/\/jacekplacek.com.pl\/fr\/magasin\/torty_i_desery\/gateaux\/gateau-aux-fraises-2\/","title":{"rendered":"g\u00e2teau aux fraises"},"content":{"rendered":"<p><b>G\u00e2teau aux fraises \u2013 un d\u00e9lice pour le palais. Notre version de ce d\u00e9lice classique est un v\u00e9ritable r\u00e9gal pour les sens !<\/b><\/p>\n<p><span style=\"font-weight: 400;\">Le g\u00e2teau est compos\u00e9 de chantilly d\u00e9licate et de confiture de fraises unique - il satisfera petits et grands gourmands ! Qu\u2019est-ce qui le distingue ? Son go\u00fbt extraordinaire, qui provient uniquement d&#039;ingr\u00e9dients naturels. C&#039;est la douceur des fraises cr\u00e9\u00e9e par la nature - savourez leur go\u00fbt \u00e0 chaque bouch\u00e9e et laissez vos sens profiter d&#039;un petit festin !<\/span><\/p>\n<p><span style=\"font-weight: 400;\">Nous vous encourageons \u00e0 commander un g\u00e2teau sous forme de cadeau, avec celui choisi <\/span><b>carte de voeux<\/b><span style=\"font-weight: 400;\"> et correspondant <\/span><b>bougies<\/b><span style=\"font-weight: 400;\">.<\/span><\/p>","protected":false},"excerpt":{"rendered":"<p><span data-sheets-root=\"1\">Un g\u00e2teau l\u00e9ger \u00e0 base de cr\u00e8me fouett\u00e9e et de confiture de fraises. La douceur naturelle des fraises ravit par son go\u00fbt et fait de chaque bouch\u00e9e un pur plaisir.<\/span><\/p>","protected":false},"featured_media":10321,"comment_status":"closed","ping_status":"closed","template":"","meta":{"content-type":""},"product_brand":[],"product_cat":[123],"product_tag":[728,166,730,733,735,297,731,729,732,734],"class_list":{"0":"post-11031","1":"product","2":"type-product","3":"status-publish","4":"has-post-thumbnail","6":"product_cat-torty","7":"product_tag-ciasto-truskawkowe","8":"product_tag-tort","9":"product_tag-tort-na-urodziny","10":"product_tag-tort-naturalny","11":"product_tag-tort-owocowy","12":"product_tag-tort-truskawkowy","13":"product_tag-tort-urodzinowy","14":"product_tag-tort-z-truskawkami","15":"product_tag-torty-naturalne","16":"product_tag-zdrowy-sklad","18":"entry","19":"has-media","21":"first","22":"instock","23":"shipping-taxable","24":"product-type-variable","25":"has-default-attributes","26":"has-product-nav","27":"col","28":"span_1_of_4","29":"owp-content-center","30":"owp-thumbs-layout-horizontal","31":"owp-btn-normal","32":"owp-tabs-layout-horizontal"},"acf":[],"_links":{"self":[{"href":"https:\/\/jacekplacek.com.pl\/fr\/wp-json\/wp\/v2\/product\/11031","targetHints":{"allow":["GET"]}}],"collection":[{"href":"https:\/\/jacekplacek.com.pl\/fr\/wp-json\/wp\/v2\/product"}],"about":[{"href":"https:\/\/jacekplacek.com.pl\/fr\/wp-json\/wp\/v2\/types\/product"}],"replies":[{"embeddable":true,"href":"https:\/\/jacekplacek.com.pl\/fr\/wp-json\/wp\/v2\/comments?post=11031"}],"wp:featuredmedia":[{"embeddable":true,"href":"https:\/\/jacekplacek.com.pl\/fr\/wp-json\/wp\/v2\/media\/10321"}],"wp:attachment":[{"href":"https:\/\/jacekplacek.com.pl\/fr\/wp-json\/wp\/v2\/media?parent=11031"}],"wp:term":[{"taxonomy":"product_brand","embeddable":true,"href":"https:\/\/jacekplacek.com.pl\/fr\/wp-json\/wp\/v2\/product_brand?post=11031"},{"taxonomy":"product_cat","embeddable":true,"href":"https:\/\/jacekplacek.com.pl\/fr\/wp-json\/wp\/v2\/product_cat?post=11031"},{"taxonomy":"product_tag","embeddable":true,"href":"https:\/\/jacekplacek.com.pl\/fr\/wp-json\/wp\/v2\/product_tag?post=11031"}],"curies":[{"name":"wp","href":"https:\/\/api.w.org\/{rel}","templated":true}]}}