{"id":10992,"date":"2023-10-26T12:14:45","date_gmt":"2023-10-26T10:14:45","guid":{"rendered":"https:\/\/jacekplacek.com.pl\/?post_type=product&#038;p=10992"},"modified":"2025-11-18T18:30:48","modified_gmt":"2025-11-18T17:30:48","slug":"gateau-au-caramel-sale","status":"publish","type":"product","link":"https:\/\/jacekplacek.com.pl\/fr\/magasin\/torty_i_desery\/gateaux\/gateau-au-caramel-sale\/","title":{"rendered":"G\u00e2teau au caramel sal\u00e9"},"content":{"rendered":"<p><span style=\"font-weight: 400;\"><strong>Nous vous pr\u00e9sentons le G\u00e2teau au Caramel Sal\u00e9, qui combine une mousse \u00e0 la cr\u00e8me unique avec un d\u00e9licat caramel sal\u00e9.<\/strong> <\/span>C&#039;est une combinaison de saveurs qui cr\u00e9e un contraste insolite et surprenant. L&#039;int\u00e9rieur du g\u00e2teau est d\u00e9cor\u00e9 de cacahu\u00e8tes croquantes au caramel, et la d\u00e9coration fran\u00e7aise &quot;Dulce de Leche&quot; et le pop-corn au caramel sont le point culminant unique de ce d\u00e9licieux g\u00e2teau. C&#039;est un paradis sucr\u00e9-sal\u00e9 pour les gourmets.<\/p>\n<p><strong>Savourez le go\u00fbt du g\u00e2teau au caramel sal\u00e9 avec nous\u00a0!<\/strong><\/p>\n<p><span style=\"font-weight: 400;\">Nous vous encourageons \u00e0 commander un g\u00e2teau sous forme de cadeau, avec celui choisi <\/span><b>carte de voeux<\/b><span style=\"font-weight: 400;\"> et correspondant <\/span><b>bougies<\/b><span style=\"font-weight: 400;\">.<\/span><\/p>","protected":false},"excerpt":{"rendered":"<p><span data-sheets-root=\"1\">Cr\u00e8me anglaise cr\u00e9meuse au caramel sal\u00e9, couche de noix caram\u00e9lis\u00e9es et d\u00e9coration de Dulce de Leche et de pop-corn.<\/span><\/p>","protected":false},"featured_media":11007,"comment_status":"closed","ping_status":"closed","template":"","meta":{"content-type":""},"product_brand":[],"product_cat":[123],"product_tag":[166,176,730,733,760,731,732,734],"class_list":{"0":"post-10992","1":"product","2":"type-product","3":"status-publish","4":"has-post-thumbnail","6":"product_cat-torty","7":"product_tag-tort","8":"product_tag-tort-czekoladowy","9":"product_tag-tort-na-urodziny","10":"product_tag-tort-naturalny","11":"product_tag-tort-slony-karmel","12":"product_tag-tort-urodzinowy","13":"product_tag-torty-naturalne","14":"product_tag-zdrowy-sklad","16":"entry","17":"has-media","19":"first","20":"instock","21":"shipping-taxable","22":"product-type-variable","23":"has-default-attributes","24":"has-product-nav","25":"col","26":"span_1_of_4","27":"owp-content-center","28":"owp-thumbs-layout-horizontal","29":"owp-btn-normal","30":"owp-tabs-layout-horizontal"},"acf":[],"_links":{"self":[{"href":"https:\/\/jacekplacek.com.pl\/fr\/wp-json\/wp\/v2\/product\/10992","targetHints":{"allow":["GET"]}}],"collection":[{"href":"https:\/\/jacekplacek.com.pl\/fr\/wp-json\/wp\/v2\/product"}],"about":[{"href":"https:\/\/jacekplacek.com.pl\/fr\/wp-json\/wp\/v2\/types\/product"}],"replies":[{"embeddable":true,"href":"https:\/\/jacekplacek.com.pl\/fr\/wp-json\/wp\/v2\/comments?post=10992"}],"wp:featuredmedia":[{"embeddable":true,"href":"https:\/\/jacekplacek.com.pl\/fr\/wp-json\/wp\/v2\/media\/11007"}],"wp:attachment":[{"href":"https:\/\/jacekplacek.com.pl\/fr\/wp-json\/wp\/v2\/media?parent=10992"}],"wp:term":[{"taxonomy":"product_brand","embeddable":true,"href":"https:\/\/jacekplacek.com.pl\/fr\/wp-json\/wp\/v2\/product_brand?post=10992"},{"taxonomy":"product_cat","embeddable":true,"href":"https:\/\/jacekplacek.com.pl\/fr\/wp-json\/wp\/v2\/product_cat?post=10992"},{"taxonomy":"product_tag","embeddable":true,"href":"https:\/\/jacekplacek.com.pl\/fr\/wp-json\/wp\/v2\/product_tag?post=10992"}],"curies":[{"name":"wp","href":"https:\/\/api.w.org\/{rel}","templated":true}]}}