{"id":10987,"date":"2023-10-26T12:14:42","date_gmt":"2023-10-26T10:14:42","guid":{"rendered":"https:\/\/jacekplacek.com.pl\/?post_type=product&#038;p=10987"},"modified":"2025-11-18T18:30:48","modified_gmt":"2025-11-18T17:30:48","slug":"gateau-bueno-2","status":"publish","type":"product","link":"https:\/\/jacekplacek.com.pl\/fr\/magasin\/torty_i_desery\/gateaux\/gateau-bueno-2\/","title":{"rendered":"g\u00e2teau bueno"},"content":{"rendered":"<p><strong>Nous vous pr\u00e9sentons le Bueno Cake - une combinaison de d\u00e9licate cr\u00e8me au chocolat blanc et de noisettes croquantes. <\/strong><\/p>\n<p><span style=\"font-weight: 400;\">Notre version de ce g\u00e2teau populaire est un v\u00e9ritable r\u00e9gal pour le palais. Qu\u2019est-ce qui le distingue ? Le fait qu\u2019il ne soit pas trop sucr\u00e9 en fait une option id\u00e9ale pour les enfants qui aiment cette composition unique de saveurs.<strong> Nous vous invitons \u00e0 notre confiserie pour d\u00e9couvrir pourquoi le Bueno Cake est devenu le dessert pr\u00e9f\u00e9r\u00e9 de nombreux gourmets !<\/strong><\/span><\/p>\n<p><span style=\"font-weight: 400;\">Nous vous encourageons \u00e0 commander un g\u00e2teau sous forme de cadeau, avec celui choisi <\/span><b>carte de voeux<\/b><span style=\"font-weight: 400;\"> et correspondant <\/span><b>bougies<\/b><span style=\"font-weight: 400;\">.<\/span><\/p>","protected":false},"excerpt":{"rendered":"<p><span style=\"font-weight: 400;\">Notre version de ce g\u00e2teau populaire est bien s\u00fbr une combinaison de cr\u00e8me au chocolat blanc et de noisettes. Le g\u00e2teau n&#039;est pas trop sucr\u00e9, a des saveurs int\u00e9ressantes et les enfants l&#039;adorent !<\/span><\/p>","protected":false},"featured_media":11010,"comment_status":"closed","ping_status":"closed","template":"","meta":{"content-type":""},"product_brand":[],"product_cat":[123],"product_tag":[761,166,290,730,733,731,732,734],"class_list":{"0":"post-10987","1":"product","2":"type-product","3":"status-publish","4":"has-post-thumbnail","6":"product_cat-torty","7":"product_tag-bueno","8":"product_tag-tort","9":"product_tag-tort-bueno","10":"product_tag-tort-na-urodziny","11":"product_tag-tort-naturalny","12":"product_tag-tort-urodzinowy","13":"product_tag-torty-naturalne","14":"product_tag-zdrowy-sklad","16":"entry","17":"has-media","19":"first","20":"instock","21":"shipping-taxable","22":"product-type-variable","23":"has-product-nav","24":"col","25":"span_1_of_4","26":"owp-content-center","27":"owp-thumbs-layout-horizontal","28":"owp-btn-normal","29":"owp-tabs-layout-horizontal"},"acf":[],"_links":{"self":[{"href":"https:\/\/jacekplacek.com.pl\/fr\/wp-json\/wp\/v2\/product\/10987","targetHints":{"allow":["GET"]}}],"collection":[{"href":"https:\/\/jacekplacek.com.pl\/fr\/wp-json\/wp\/v2\/product"}],"about":[{"href":"https:\/\/jacekplacek.com.pl\/fr\/wp-json\/wp\/v2\/types\/product"}],"replies":[{"embeddable":true,"href":"https:\/\/jacekplacek.com.pl\/fr\/wp-json\/wp\/v2\/comments?post=10987"}],"wp:featuredmedia":[{"embeddable":true,"href":"https:\/\/jacekplacek.com.pl\/fr\/wp-json\/wp\/v2\/media\/11010"}],"wp:attachment":[{"href":"https:\/\/jacekplacek.com.pl\/fr\/wp-json\/wp\/v2\/media?parent=10987"}],"wp:term":[{"taxonomy":"product_brand","embeddable":true,"href":"https:\/\/jacekplacek.com.pl\/fr\/wp-json\/wp\/v2\/product_brand?post=10987"},{"taxonomy":"product_cat","embeddable":true,"href":"https:\/\/jacekplacek.com.pl\/fr\/wp-json\/wp\/v2\/product_cat?post=10987"},{"taxonomy":"product_tag","embeddable":true,"href":"https:\/\/jacekplacek.com.pl\/fr\/wp-json\/wp\/v2\/product_tag?post=10987"}],"curies":[{"name":"wp","href":"https:\/\/api.w.org\/{rel}","templated":true}]}}