{"id":10196,"date":"2023-07-28T10:16:02","date_gmt":"2023-07-28T08:16:02","guid":{"rendered":"https:\/\/jacekplacek.com.pl\/?post_type=product&#038;p=10196"},"modified":"2025-12-16T15:38:39","modified_gmt":"2025-12-16T14:38:39","slug":"biscuits-aux-amandes-keto","status":"publish","type":"product","link":"https:\/\/jacekplacek.com.pl\/fr\/magasin\/biscuits-et-biscuits\/cookies\/biscuits-aux-amandes-keto\/","title":{"rendered":"Biscuits aux amandes KETO"},"content":{"rendered":"<p><span style=\"font-weight: 400; color: #000000;\">Comme c&#039;est agr\u00e9able de combiner votre faible pour les biscuits sabl\u00e9s et de compl\u00e9ter votre alimentation avec des graines pr\u00e9cieuses...<\/span><\/p>\n<p><span style=\"color: #000000;\">Nos biscuits aux amandes sans gluten, au xylitol et avec une touche d&#039;orange ne sont pas seulement une collation savoureuse, mais aussi un produit qui s&#039;int\u00e8gre dans un mode de vie sain. Pr\u00e9par\u00e9s pour les personnes suivant un r\u00e9gime c\u00e9tog\u00e8ne, ils compl\u00e8tent parfaitement le menu quotidien. Chaque biscuit est petit, mais plein de saveur, de plaisir et de sant\u00e9. <span style=\"font-weight: 400;\"> (En raison de l&#039;absence de ligne de production s\u00e9par\u00e9e, le produit peut contenir des traces de gluten et d&#039;autres allerg\u00e8nes. L&#039;usine utilise : de la farine, des \u0153ufs, des noix, du s\u00e9same et du lait, donc chaque produit peut contenir des traces des allerg\u00e8nes mentionn\u00e9s, m\u00eame s&#039;ils sont pr\u00e9sents. non sp\u00e9cifi\u00e9 dans la description et la liste des ingr\u00e9dients.)<\/span><\/span><\/p>\n<p><span style=\"font-weight: 400; color: #000000;\">C&#039;est la collation parfaite pour toute occasion !\u00a0<\/span><\/p>\n<p>&nbsp;<\/p>\n<p>&nbsp;<\/p>","protected":false},"excerpt":{"rendered":"<p><span style=\"font-weight: 400;\">Biscuits aux amandes \u00e0 teneur r\u00e9duite en gluten avec du xylitol et une touche d&#039;orange - un produit destin\u00e9 aux personnes suivant un r\u00e9gime c\u00e9tog\u00e8ne.\u00a0<\/span><\/p>","protected":false},"featured_media":0,"comment_status":"closed","ping_status":"closed","template":"","meta":{"content-type":""},"product_brand":[],"product_cat":[121],"product_tag":[348,454,444,446,445,449,354,355],"class_list":{"0":"post-10196","1":"product","2":"type-product","3":"status-publish","5":"product_cat-ciasteczka","6":"product_tag-ciasteczka-kruche","7":"product_tag-ciasteczka-na-wage","8":"product_tag-cukiernia-jacek-placek","9":"product_tag-jacek-placek-gdansk","10":"product_tag-jacek-placek-gowino","11":"product_tag-jacek-placek-sopot","12":"product_tag-z-nasionami","13":"product_tag-ze-slonecznikiem","15":"entry","17":"first","18":"outofstock","19":"shipping-taxable","20":"product-type-variable","21":"has-default-attributes","22":"has-product-nav","23":"col","24":"span_1_of_4","25":"owp-content-center","26":"owp-thumbs-layout-horizontal","27":"owp-btn-normal","28":"owp-tabs-layout-horizontal","29":"has-no-thumbnails"},"acf":[],"_links":{"self":[{"href":"https:\/\/jacekplacek.com.pl\/fr\/wp-json\/wp\/v2\/product\/10196","targetHints":{"allow":["GET"]}}],"collection":[{"href":"https:\/\/jacekplacek.com.pl\/fr\/wp-json\/wp\/v2\/product"}],"about":[{"href":"https:\/\/jacekplacek.com.pl\/fr\/wp-json\/wp\/v2\/types\/product"}],"replies":[{"embeddable":true,"href":"https:\/\/jacekplacek.com.pl\/fr\/wp-json\/wp\/v2\/comments?post=10196"}],"wp:attachment":[{"href":"https:\/\/jacekplacek.com.pl\/fr\/wp-json\/wp\/v2\/media?parent=10196"}],"wp:term":[{"taxonomy":"product_brand","embeddable":true,"href":"https:\/\/jacekplacek.com.pl\/fr\/wp-json\/wp\/v2\/product_brand?post=10196"},{"taxonomy":"product_cat","embeddable":true,"href":"https:\/\/jacekplacek.com.pl\/fr\/wp-json\/wp\/v2\/product_cat?post=10196"},{"taxonomy":"product_tag","embeddable":true,"href":"https:\/\/jacekplacek.com.pl\/fr\/wp-json\/wp\/v2\/product_tag?post=10196"}],"curies":[{"name":"wp","href":"https:\/\/api.w.org\/{rel}","templated":true}]}}