{"id":9849,"date":"2023-07-10T13:38:28","date_gmt":"2023-07-10T11:38:28","guid":{"rendered":"https:\/\/jacekplacek.com.pl\/?post_type=product&#038;p=9849"},"modified":"2025-12-16T15:38:39","modified_gmt":"2025-12-16T14:38:39","slug":"speltti-kekseja-koivusokerilla","status":"publish","type":"product","link":"https:\/\/jacekplacek.com.pl\/fi\/tallentaa\/evasteet-ja-kekseja\/evasteet\/speltti-kekseja-koivusokerilla\/","title":{"rendered":"Spelttikeksej\u00e4 koivusokerilla"},"content":{"rendered":"<p><span style=\"font-weight: 400;\">Kuinka mukavaa yhdist\u00e4\u00e4 heikkoutesi murokeksiin ja t\u00e4ydent\u00e4\u00e4 ruokavaliotasi arvokkailla siemenill\u00e4...<\/span><\/p>\n<p><span style=\"font-weight: 400;\">Valmistaudu ainutlaatuiseen makuel\u00e4mykseemme sokerittomista murokekeksist\u00e4mme, joilla on matala glykeeminen indeksi. Nauti t\u00e4ysjyv\u00e4spelttikeksist\u00e4 ilman lis\u00e4tty\u00e4 sokeria, jotka sopivat t\u00e4ydellisesti terveelliseen el\u00e4m\u00e4ntapaan. Pid\u00e4t varmasti niiden rapeasta koostumuksesta ja hienovaraisesta mausta.<\/span><\/p>\n<p><strong><span style=\"color: #000000;\"><span style=\"font-weight: 400;\">(Kasvi k\u00e4ytt\u00e4\u00e4: jauhoja, munia, p\u00e4hkin\u00f6it\u00e4, seesamia ja maitoa, joten jokainen tuote saattaa sis\u00e4lt\u00e4\u00e4 j\u00e4\u00e4mi\u00e4 mainituista allergeeneista, vaikka niit\u00e4 ei mainita kuvauksessa ja ainesosaluettelossa.)<\/span><\/span><\/strong><\/p>\n<p>&nbsp;<\/p>\n<p>&nbsp;<\/p>","protected":false},"excerpt":{"rendered":"<p><span style=\"font-weight: 400;\">Ainutlaatuiset t\u00e4ysjyv\u00e4spelttileiv\u00e4t, joilla on matala glykeeminen indeksi.\u00a0<\/span><\/p>","protected":false},"featured_media":10097,"comment_status":"closed","ping_status":"closed","template":"","meta":{"content-type":""},"product_brand":[],"product_cat":[121],"product_tag":[348,454,444,446,445,449,354,355],"class_list":{"0":"post-9849","1":"product","2":"type-product","3":"status-publish","4":"has-post-thumbnail","6":"product_cat-ciasteczka","7":"product_tag-ciasteczka-kruche","8":"product_tag-ciasteczka-na-wage","9":"product_tag-cukiernia-jacek-placek","10":"product_tag-jacek-placek-gdansk","11":"product_tag-jacek-placek-gowino","12":"product_tag-jacek-placek-sopot","13":"product_tag-z-nasionami","14":"product_tag-ze-slonecznikiem","16":"entry","17":"has-media","19":"first","20":"outofstock","21":"shipping-taxable","22":"product-type-variable","23":"has-default-attributes","24":"has-product-nav","25":"col","26":"span_1_of_4","27":"owp-content-center","28":"owp-thumbs-layout-horizontal","29":"owp-btn-normal","30":"owp-tabs-layout-horizontal"},"acf":[],"_links":{"self":[{"href":"https:\/\/jacekplacek.com.pl\/fi\/wp-json\/wp\/v2\/product\/9849","targetHints":{"allow":["GET"]}}],"collection":[{"href":"https:\/\/jacekplacek.com.pl\/fi\/wp-json\/wp\/v2\/product"}],"about":[{"href":"https:\/\/jacekplacek.com.pl\/fi\/wp-json\/wp\/v2\/types\/product"}],"replies":[{"embeddable":true,"href":"https:\/\/jacekplacek.com.pl\/fi\/wp-json\/wp\/v2\/comments?post=9849"}],"wp:featuredmedia":[{"embeddable":true,"href":"https:\/\/jacekplacek.com.pl\/fi\/wp-json\/wp\/v2\/media\/10097"}],"wp:attachment":[{"href":"https:\/\/jacekplacek.com.pl\/fi\/wp-json\/wp\/v2\/media?parent=9849"}],"wp:term":[{"taxonomy":"product_brand","embeddable":true,"href":"https:\/\/jacekplacek.com.pl\/fi\/wp-json\/wp\/v2\/product_brand?post=9849"},{"taxonomy":"product_cat","embeddable":true,"href":"https:\/\/jacekplacek.com.pl\/fi\/wp-json\/wp\/v2\/product_cat?post=9849"},{"taxonomy":"product_tag","embeddable":true,"href":"https:\/\/jacekplacek.com.pl\/fi\/wp-json\/wp\/v2\/product_tag?post=9849"}],"curies":[{"name":"wp","href":"https:\/\/api.w.org\/{rel}","templated":true}]}}