{"id":9845,"date":"2023-07-10T13:38:24","date_gmt":"2023-07-10T11:38:24","guid":{"rendered":"https:\/\/jacekplacek.com.pl\/?post_type=product&#038;p=9845"},"modified":"2025-12-16T15:38:39","modified_gmt":"2025-12-16T14:38:39","slug":"kaurapuuro-kaakaokeksit","status":"publish","type":"product","link":"https:\/\/jacekplacek.com.pl\/fi\/tallentaa\/evasteet-ja-kekseja\/evasteet\/kaurapuuro-kaakaokeksit\/","title":{"rendered":"Kaakao-kaurahiutaleet"},"content":{"rendered":"<p><span style=\"font-weight: 400;\">Kuinka mukavaa yhdist\u00e4\u00e4 heikkoutesi murokeksiin ja t\u00e4ydent\u00e4\u00e4 ruokavaliotasi arvokkailla siemenill\u00e4...<\/span><\/p>\n<p><span style=\"font-weight: 400;\">Koe herkullisten gluteenittomien kaakao-kaurakeksiemme vertaansa vailla oleva maku.\u00a0<\/span><\/p>\n<p><span style=\"font-weight: 400;\">Kaurasta ja aromaattisesta maap\u00e4hkin\u00e4voista valmistetut keksit ovat todellista makupalaa. T\u00e4ynn\u00e4 terveellisi\u00e4 ainesosia \u2013 kaakao-kaurahiutaleemme ovat loistava valinta niille, jotka haluavat nauttia mausta ilman kompromisseja.<\/span><\/p>\n<p><span style=\"color: #000000;\"><span style=\"font-weight: 400;\">(Erillisen tuotantolinjan puuttuessa tuote saattaa sis\u00e4lt\u00e4\u00e4 j\u00e4\u00e4mi\u00e4 gluteenia ja muita allergeeneja. Kasvin k\u00e4ytt\u00f6tarkoitukset: jauhot, munat, p\u00e4hkin\u00e4t, seesami ja maito, joten jokainen tuote saattaa sis\u00e4lt\u00e4\u00e4 j\u00e4\u00e4mi\u00e4 mainituista allergeeneista, vaikka ei ole mainittu kuvauksessa ja ainesosaluettelossa.)<\/span><\/span><\/p>\n<p>&nbsp;<\/p>\n<p>&nbsp;<\/p>","protected":false},"excerpt":{"rendered":"<p><span style=\"font-weight: 400;\">Valmistaudu nauttimaan herkullisten kaakao-kauraleip\u00e4keksiemme ainutlaatuisesta mausta. Kaurapuuroista ja maap\u00e4hkin\u00e4voista valmistetut, runsaasti kuitua sis\u00e4lt\u00e4v\u00e4t ja v\u00e4h\u00e4gluteenipitoiset keksit ovat todellista makupalaa.<\/span><\/p>","protected":false},"featured_media":10094,"comment_status":"closed","ping_status":"closed","template":"","meta":{"content-type":""},"product_brand":[],"product_cat":[121],"product_tag":[348,454,444,446,445,449,354,355],"class_list":{"0":"post-9845","1":"product","2":"type-product","3":"status-publish","4":"has-post-thumbnail","6":"product_cat-ciasteczka","7":"product_tag-ciasteczka-kruche","8":"product_tag-ciasteczka-na-wage","9":"product_tag-cukiernia-jacek-placek","10":"product_tag-jacek-placek-gdansk","11":"product_tag-jacek-placek-gowino","12":"product_tag-jacek-placek-sopot","13":"product_tag-z-nasionami","14":"product_tag-ze-slonecznikiem","16":"entry","17":"has-media","19":"first","20":"outofstock","21":"shipping-taxable","22":"product-type-variable","23":"has-default-attributes","24":"has-product-nav","25":"col","26":"span_1_of_4","27":"owp-content-center","28":"owp-thumbs-layout-horizontal","29":"owp-btn-normal","30":"owp-tabs-layout-horizontal"},"acf":[],"_links":{"self":[{"href":"https:\/\/jacekplacek.com.pl\/fi\/wp-json\/wp\/v2\/product\/9845","targetHints":{"allow":["GET"]}}],"collection":[{"href":"https:\/\/jacekplacek.com.pl\/fi\/wp-json\/wp\/v2\/product"}],"about":[{"href":"https:\/\/jacekplacek.com.pl\/fi\/wp-json\/wp\/v2\/types\/product"}],"replies":[{"embeddable":true,"href":"https:\/\/jacekplacek.com.pl\/fi\/wp-json\/wp\/v2\/comments?post=9845"}],"wp:featuredmedia":[{"embeddable":true,"href":"https:\/\/jacekplacek.com.pl\/fi\/wp-json\/wp\/v2\/media\/10094"}],"wp:attachment":[{"href":"https:\/\/jacekplacek.com.pl\/fi\/wp-json\/wp\/v2\/media?parent=9845"}],"wp:term":[{"taxonomy":"product_brand","embeddable":true,"href":"https:\/\/jacekplacek.com.pl\/fi\/wp-json\/wp\/v2\/product_brand?post=9845"},{"taxonomy":"product_cat","embeddable":true,"href":"https:\/\/jacekplacek.com.pl\/fi\/wp-json\/wp\/v2\/product_cat?post=9845"},{"taxonomy":"product_tag","embeddable":true,"href":"https:\/\/jacekplacek.com.pl\/fi\/wp-json\/wp\/v2\/product_tag?post=9845"}],"curies":[{"name":"wp","href":"https:\/\/api.w.org\/{rel}","templated":true}]}}