{"id":9841,"date":"2023-07-10T13:38:20","date_gmt":"2023-07-10T11:38:20","guid":{"rendered":"https:\/\/jacekplacek.com.pl\/?post_type=product&#038;p=9841"},"modified":"2025-12-16T15:38:40","modified_gmt":"2025-12-16T14:38:40","slug":"maslane-ciasteczka-pomaranczowe-z-zurawina","status":"publish","type":"product","link":"https:\/\/jacekplacek.com.pl\/fi\/tallentaa\/evasteet-ja-kekseja\/evasteet\/maslane-ciasteczka-pomaranczowe-z-zurawina\/","title":{"rendered":"Oranssi keksej\u00e4 karpaloilla"},"content":{"rendered":"<p><span style=\"font-weight: 400;\">Kuinka mukavaa yhdist\u00e4\u00e4 heikkoutesi murokeksiin ja t\u00e4ydent\u00e4\u00e4 ruokavaliotasi arvokkailla siemenill\u00e4...<\/span><\/p>\n<p><span style=\"font-weight: 400;\">Odkryj niezwyk\u0142e smaki naszych kruchych ciasteczek pomara\u0144czowych na ma\u015ble z dodatkiem \u017curawiny. Te wyj\u0105tkowe aromaty przenios\u0105 Ci\u0119 do owocowego sadu pe\u0142nego soczystych cytrus\u00f3w. Ich krucho\u015b\u0107 i intensywny smak pomara\u0144czy w harmonii z \u017curawin\u0105 zapewni\u0105 Ci niezapomniane doznania smakowe. <\/span><\/p>\n<p><span style=\"font-weight: 400;\">Spr\u00f3buj naszych ciasteczek i pozw\u00f3l sobie na chwil\u0119 rozkoszy kulinarnej.<\/span><\/p>\n<p><span style=\"color: #000000;\"><span style=\"font-weight: 400;\">(Kasvi k\u00e4ytt\u00e4\u00e4: jauhoja, munia, p\u00e4hkin\u00f6it\u00e4, seesamia ja maitoa, joten jokainen tuote saattaa sis\u00e4lt\u00e4\u00e4 j\u00e4\u00e4mi\u00e4 mainituista allergeeneista, vaikka niit\u00e4 ei mainita kuvauksessa ja ainesosaluettelossa.)<\/span><\/span><\/p>\n<p>&nbsp;<\/p>\n<p>&nbsp;<\/p>","protected":false},"excerpt":{"rendered":"<p><span style=\"font-weight: 400;\">Przygotuj si\u0119 na niebia\u0144ski smak naszych pysznych ciasteczek pomara\u0144czowych na ma\u015ble z dodatkiem \u017curawiny.<\/span><\/p>","protected":false},"featured_media":10111,"comment_status":"closed","ping_status":"closed","template":"","meta":{"content-type":""},"product_brand":[],"product_cat":[121],"product_tag":[348,454,444,446,445,449,354,355],"class_list":{"0":"post-9841","1":"product","2":"type-product","3":"status-publish","4":"has-post-thumbnail","6":"product_cat-ciasteczka","7":"product_tag-ciasteczka-kruche","8":"product_tag-ciasteczka-na-wage","9":"product_tag-cukiernia-jacek-placek","10":"product_tag-jacek-placek-gdansk","11":"product_tag-jacek-placek-gowino","12":"product_tag-jacek-placek-sopot","13":"product_tag-z-nasionami","14":"product_tag-ze-slonecznikiem","16":"entry","17":"has-media","19":"first","20":"outofstock","21":"shipping-taxable","22":"product-type-variable","23":"has-default-attributes","24":"has-product-nav","25":"col","26":"span_1_of_4","27":"owp-content-center","28":"owp-thumbs-layout-horizontal","29":"owp-btn-normal","30":"owp-tabs-layout-horizontal"},"acf":[],"_links":{"self":[{"href":"https:\/\/jacekplacek.com.pl\/fi\/wp-json\/wp\/v2\/product\/9841","targetHints":{"allow":["GET"]}}],"collection":[{"href":"https:\/\/jacekplacek.com.pl\/fi\/wp-json\/wp\/v2\/product"}],"about":[{"href":"https:\/\/jacekplacek.com.pl\/fi\/wp-json\/wp\/v2\/types\/product"}],"replies":[{"embeddable":true,"href":"https:\/\/jacekplacek.com.pl\/fi\/wp-json\/wp\/v2\/comments?post=9841"}],"wp:featuredmedia":[{"embeddable":true,"href":"https:\/\/jacekplacek.com.pl\/fi\/wp-json\/wp\/v2\/media\/10111"}],"wp:attachment":[{"href":"https:\/\/jacekplacek.com.pl\/fi\/wp-json\/wp\/v2\/media?parent=9841"}],"wp:term":[{"taxonomy":"product_brand","embeddable":true,"href":"https:\/\/jacekplacek.com.pl\/fi\/wp-json\/wp\/v2\/product_brand?post=9841"},{"taxonomy":"product_cat","embeddable":true,"href":"https:\/\/jacekplacek.com.pl\/fi\/wp-json\/wp\/v2\/product_cat?post=9841"},{"taxonomy":"product_tag","embeddable":true,"href":"https:\/\/jacekplacek.com.pl\/fi\/wp-json\/wp\/v2\/product_tag?post=9841"}],"curies":[{"name":"wp","href":"https:\/\/api.w.org\/{rel}","templated":true}]}}