{"id":9751,"date":"2023-06-28T12:37:57","date_gmt":"2023-06-28T10:37:57","guid":{"rendered":"https:\/\/jacekplacek.com.pl\/?post_type=product&#038;p=9751"},"modified":"2025-11-18T18:28:47","modified_gmt":"2025-11-18T17:28:47","slug":"mini-marenki-bmw-3-kpl","status":"publish","type":"product","link":"https:\/\/jacekplacek.com.pl\/fi\/tallentaa\/torty_i_desery\/minijalkiruoat-kahviloihin\/mini-marenki-bmw-3-kpl\/","title":{"rendered":"Minimarengikakku vadelmilla, 3 kpl"},"content":{"rendered":"<p>J\u00e4lkiruoka ei vain tyylikk\u00e4ille p\u00f6ydille - t\u00e4ydellinen nimip\u00e4ivien, syntym\u00e4p\u00e4ivien tai muiden juhlien viettoon kotona tai ty\u00f6paikalla...<\/p>\n<p><strong>Kakku marengilla, vadelmilla ja mascarpone-kermalla.<\/strong><\/p>\n<p>Jos pid\u00e4t marenkij\u00e4lkiruoasta, lis\u00e4\u00e4 vain kourallinen kuivattuja hedelmi\u00e4, hedelmi\u00e4 tai pallo suosikkij\u00e4\u00e4tel\u00f6\u00e4si ja se on valmis!<\/p>\n<p>Tuote saatavilla osoitteessa\u00a0<strong>3 kappaleen yhteispakkaus (1 kpl n. 150g). Sisustus riippuu vuodenajasta.\u00a0<\/strong><\/p>","protected":false},"excerpt":{"rendered":"<p><span style=\"font-weight: 400;\">T\u00e4ydellinen marenkikakku mascarpone-kerma- ja vadelmat\u00e4ytteell\u00e4. T\u00e4m\u00e4 on suosituin marenkikakkumme! Vadelman ja herk\u00e4n mascarponejuuston yhdistelm\u00e4 takaa makuel\u00e4myksen.<\/span><span style=\"font-weight: 400;\">.<\/span><\/p>\n<p>Tuote saatavilla osoitteessa\u00a0<strong>3 kpl yhteispakkauksessa (1 kpl n. 150g).<\/strong><\/p>","protected":false},"featured_media":11463,"comment_status":"closed","ping_status":"closed","template":"","meta":{"content-type":""},"product_brand":[],"product_cat":[723],"product_tag":[444,442,446,445,291,450,447,448],"class_list":{"0":"post-9751","1":"product","2":"type-product","3":"status-publish","4":"has-post-thumbnail","6":"product_cat-mini-desery-do-kawiarni","7":"product_tag-cukiernia-jacek-placek","8":"product_tag-deser-jednoporcjowy","9":"product_tag-jacek-placek-gdansk","10":"product_tag-jacek-placek-gowino","11":"product_tag-tort-malinowy","12":"product_tag-tort-mini","13":"product_tag-tort-red-velvet","14":"product_tag-tort-z-mascarpone","16":"entry","17":"has-media","19":"first","20":"instock","21":"shipping-taxable","22":"product-type-simple","23":"has-product-nav","24":"col","25":"span_1_of_4","26":"owp-content-center","27":"owp-thumbs-layout-horizontal","28":"owp-btn-normal","29":"owp-tabs-layout-horizontal"},"acf":[],"_links":{"self":[{"href":"https:\/\/jacekplacek.com.pl\/fi\/wp-json\/wp\/v2\/product\/9751","targetHints":{"allow":["GET"]}}],"collection":[{"href":"https:\/\/jacekplacek.com.pl\/fi\/wp-json\/wp\/v2\/product"}],"about":[{"href":"https:\/\/jacekplacek.com.pl\/fi\/wp-json\/wp\/v2\/types\/product"}],"replies":[{"embeddable":true,"href":"https:\/\/jacekplacek.com.pl\/fi\/wp-json\/wp\/v2\/comments?post=9751"}],"wp:featuredmedia":[{"embeddable":true,"href":"https:\/\/jacekplacek.com.pl\/fi\/wp-json\/wp\/v2\/media\/11463"}],"wp:attachment":[{"href":"https:\/\/jacekplacek.com.pl\/fi\/wp-json\/wp\/v2\/media?parent=9751"}],"wp:term":[{"taxonomy":"product_brand","embeddable":true,"href":"https:\/\/jacekplacek.com.pl\/fi\/wp-json\/wp\/v2\/product_brand?post=9751"},{"taxonomy":"product_cat","embeddable":true,"href":"https:\/\/jacekplacek.com.pl\/fi\/wp-json\/wp\/v2\/product_cat?post=9751"},{"taxonomy":"product_tag","embeddable":true,"href":"https:\/\/jacekplacek.com.pl\/fi\/wp-json\/wp\/v2\/product_tag?post=9751"}],"curies":[{"name":"wp","href":"https:\/\/api.w.org\/{rel}","templated":true}]}}