{"id":9748,"date":"2023-06-28T12:29:20","date_gmt":"2023-06-28T10:29:20","guid":{"rendered":"https:\/\/jacekplacek.com.pl\/?post_type=product&#038;p=9748"},"modified":"2025-11-18T18:28:47","modified_gmt":"2025-11-18T17:28:47","slug":"mini-tiramisu-3-kpl","status":"publish","type":"product","link":"https:\/\/jacekplacek.com.pl\/fi\/tallentaa\/torty_i_desery\/minijalkiruoat-kahviloihin\/mini-tiramisu-3-kpl\/","title":{"rendered":"Mini italialainen tiramisu kakku, 3 kpl"},"content":{"rendered":"<p><b>Italialainen klassikko maukkaimmassa muodossaan \u2013 italialainen mini-Tiramisu-kakkumme.<\/b><\/p>\n<p><span style=\"font-weight: 400;\">Kakkumme on kunnianosoitus perinteiselle italialaiselle mascarpone-juustopohjaiselle j\u00e4lkiruoalle, joka ei ole vain \u00e4\u00e4rimm\u00e4isen kermainen, vaan my\u00f6s t\u00e4ytel\u00e4inen. Tuoksun lis\u00e4\u00e4miseksi liotamme sit\u00e4 kahvipunssissa, jossa on ripaus amaretto-lik\u00f6\u00f6ri\u00e4. Se on makuyhdistelm\u00e4, joka ilahduttaa aisteja ja lumoaa makua.<\/span><\/p>\n<p><b>Mini italialainen Tiramisu Cakemme on t\u00e4ydellinen valinta niille, jotka haluavat uppoutua Italian perinteisiin ja makuihin. Tule makeisiin ja l\u00e4hde t\u00e4lle makumatkalle kanssamme t\u00e4n\u00e4\u00e4n! <\/b><\/p>\n<p>J\u00e4lkiruoka ei vain tyylikk\u00e4ille p\u00f6ydille - t\u00e4ydellinen nimip\u00e4ivien, syntym\u00e4p\u00e4ivien tai muiden juhlien viettoon kotona tai ty\u00f6paikalla...<\/p>\n<p>Tuote saatavilla osoitteessa\u00a0<strong>3 kpl yhteispakkauksessa (3 kpl n. 390g).<\/strong><\/p>","protected":false},"excerpt":{"rendered":"<p><span style=\"font-weight: 400;\">Se on todellinen makuel\u00e4mys, joka vie sinut Italian syd\u00e4meen jokaisella suupalalla. <\/span>J\u00e4lkiruoka ei vain tyylikk\u00e4ille p\u00f6ydille - t\u00e4ydellinen nimip\u00e4ivien, syntym\u00e4p\u00e4ivien tai muiden juhlien viettoon kotona tai ty\u00f6paikalla...<\/p>\n<p>Tuote saatavilla osoitteessa\u00a0<strong>3 kpl yhteispakkauksessa (3 kpl n. 390g).<\/strong><\/p>","protected":false},"featured_media":11427,"comment_status":"closed","ping_status":"closed","template":"","meta":{"content-type":""},"product_brand":[],"product_cat":[723],"product_tag":[444,442,446,445,291,450,447,448],"class_list":{"0":"post-9748","1":"product","2":"type-product","3":"status-publish","4":"has-post-thumbnail","6":"product_cat-mini-desery-do-kawiarni","7":"product_tag-cukiernia-jacek-placek","8":"product_tag-deser-jednoporcjowy","9":"product_tag-jacek-placek-gdansk","10":"product_tag-jacek-placek-gowino","11":"product_tag-tort-malinowy","12":"product_tag-tort-mini","13":"product_tag-tort-red-velvet","14":"product_tag-tort-z-mascarpone","16":"entry","17":"has-media","19":"first","20":"instock","21":"shipping-taxable","22":"product-type-simple","23":"has-product-nav","24":"col","25":"span_1_of_4","26":"owp-content-center","27":"owp-thumbs-layout-horizontal","28":"owp-btn-normal","29":"owp-tabs-layout-horizontal"},"acf":[],"_links":{"self":[{"href":"https:\/\/jacekplacek.com.pl\/fi\/wp-json\/wp\/v2\/product\/9748","targetHints":{"allow":["GET"]}}],"collection":[{"href":"https:\/\/jacekplacek.com.pl\/fi\/wp-json\/wp\/v2\/product"}],"about":[{"href":"https:\/\/jacekplacek.com.pl\/fi\/wp-json\/wp\/v2\/types\/product"}],"replies":[{"embeddable":true,"href":"https:\/\/jacekplacek.com.pl\/fi\/wp-json\/wp\/v2\/comments?post=9748"}],"wp:featuredmedia":[{"embeddable":true,"href":"https:\/\/jacekplacek.com.pl\/fi\/wp-json\/wp\/v2\/media\/11427"}],"wp:attachment":[{"href":"https:\/\/jacekplacek.com.pl\/fi\/wp-json\/wp\/v2\/media?parent=9748"}],"wp:term":[{"taxonomy":"product_brand","embeddable":true,"href":"https:\/\/jacekplacek.com.pl\/fi\/wp-json\/wp\/v2\/product_brand?post=9748"},{"taxonomy":"product_cat","embeddable":true,"href":"https:\/\/jacekplacek.com.pl\/fi\/wp-json\/wp\/v2\/product_cat?post=9748"},{"taxonomy":"product_tag","embeddable":true,"href":"https:\/\/jacekplacek.com.pl\/fi\/wp-json\/wp\/v2\/product_tag?post=9748"}],"curies":[{"name":"wp","href":"https:\/\/api.w.org\/{rel}","templated":true}]}}