{"id":9742,"date":"2023-06-28T12:28:56","date_gmt":"2023-06-28T10:28:56","guid":{"rendered":"https:\/\/jacekplacek.com.pl\/?post_type=product&#038;p=9742"},"modified":"2025-11-18T18:28:47","modified_gmt":"2025-11-18T17:28:47","slug":"mini-bueno-kakku-3-kpl","status":"publish","type":"product","link":"https:\/\/jacekplacek.com.pl\/fi\/tallentaa\/torty_i_desery\/minijalkiruoat-kahviloihin\/mini-bueno-kakku-3-kpl\/","title":{"rendered":"Mini Bueno kakku, 3 kpl"},"content":{"rendered":"<p><strong>Esittelemme Bueno Cake -kakun - yhdistelm\u00e4n herkk\u00e4\u00e4 valkosuklaakermaa ja rapeita hasselp\u00e4hkin\u00f6it\u00e4. <\/strong><\/p>\n<p><span style=\"font-weight: 400;\">Meid\u00e4n versiomme t\u00e4st\u00e4 suositusta kakusta on todellista makuel\u00e4myst\u00e4. Mik\u00e4 tekee siit\u00e4 erottuvan? Se, ett\u00e4 se ei ole liian makea, tekee siit\u00e4 ihanteellisen vaihtoehdon lapsille, jotka rakastavat t\u00e4t\u00e4 ainutlaatuista makuyhdistelm\u00e4\u00e4. <strong>Kutsumme sinut makeiskauppaamme selvitt\u00e4m\u00e4\u00e4n, miksi Bueno Cakesta on tullut monien herkkusujen suosikki j\u00e4lkiruoka!<\/strong><\/span><\/p>\n<p>J\u00e4lkiruoka ei vain tyylikk\u00e4ille p\u00f6ydille - t\u00e4ydellinen nimip\u00e4ivien, syntym\u00e4p\u00e4ivien tai muiden juhlien viettoon kotona tai ty\u00f6paikalla...<\/p>\n<p>Tuote saatavilla osoitteessa\u00a0<strong>3 kpl yhteispakkauksessa (3 kpl n. 420g).<\/strong><\/p>","protected":false},"excerpt":{"rendered":"<p><span style=\"font-weight: 400;\">Kutsumme sinut makeiskauppaamme selvitt\u00e4m\u00e4\u00e4n, miksi Bueno Cakesta on tullut monien herkkusujen suosikki j\u00e4lkiruoka!<\/span><\/p>\n<p>Tuote saatavilla osoitteessa\u00a0<strong>3 kpl yhteispakkauksessa (3 kpl n. 420g).<\/strong><\/p>","protected":false},"featured_media":11421,"comment_status":"closed","ping_status":"closed","template":"","meta":{"content-type":""},"product_brand":[],"product_cat":[723],"product_tag":[444,442,446,445,291,450,447,448],"class_list":{"0":"post-9742","1":"product","2":"type-product","3":"status-publish","4":"has-post-thumbnail","6":"product_cat-mini-desery-do-kawiarni","7":"product_tag-cukiernia-jacek-placek","8":"product_tag-deser-jednoporcjowy","9":"product_tag-jacek-placek-gdansk","10":"product_tag-jacek-placek-gowino","11":"product_tag-tort-malinowy","12":"product_tag-tort-mini","13":"product_tag-tort-red-velvet","14":"product_tag-tort-z-mascarpone","16":"entry","17":"has-media","19":"first","20":"instock","21":"shipping-taxable","22":"product-type-simple","23":"has-product-nav","24":"col","25":"span_1_of_4","26":"owp-content-center","27":"owp-thumbs-layout-horizontal","28":"owp-btn-normal","29":"owp-tabs-layout-horizontal"},"acf":[],"_links":{"self":[{"href":"https:\/\/jacekplacek.com.pl\/fi\/wp-json\/wp\/v2\/product\/9742","targetHints":{"allow":["GET"]}}],"collection":[{"href":"https:\/\/jacekplacek.com.pl\/fi\/wp-json\/wp\/v2\/product"}],"about":[{"href":"https:\/\/jacekplacek.com.pl\/fi\/wp-json\/wp\/v2\/types\/product"}],"replies":[{"embeddable":true,"href":"https:\/\/jacekplacek.com.pl\/fi\/wp-json\/wp\/v2\/comments?post=9742"}],"wp:featuredmedia":[{"embeddable":true,"href":"https:\/\/jacekplacek.com.pl\/fi\/wp-json\/wp\/v2\/media\/11421"}],"wp:attachment":[{"href":"https:\/\/jacekplacek.com.pl\/fi\/wp-json\/wp\/v2\/media?parent=9742"}],"wp:term":[{"taxonomy":"product_brand","embeddable":true,"href":"https:\/\/jacekplacek.com.pl\/fi\/wp-json\/wp\/v2\/product_brand?post=9742"},{"taxonomy":"product_cat","embeddable":true,"href":"https:\/\/jacekplacek.com.pl\/fi\/wp-json\/wp\/v2\/product_cat?post=9742"},{"taxonomy":"product_tag","embeddable":true,"href":"https:\/\/jacekplacek.com.pl\/fi\/wp-json\/wp\/v2\/product_tag?post=9742"}],"curies":[{"name":"wp","href":"https:\/\/api.w.org\/{rel}","templated":true}]}}