{"id":9560,"date":"2023-06-12T12:08:26","date_gmt":"2023-06-12T10:08:26","guid":{"rendered":"https:\/\/jacekplacek.com.pl\/?post_type=product&#038;p=9560"},"modified":"2025-11-18T18:28:46","modified_gmt":"2025-11-18T17:28:46","slug":"nano-vadelmakeksi-koivusokerilla-ja-ksylitolilla-6-kpl","status":"publish","type":"product","link":"https:\/\/jacekplacek.com.pl\/fi\/tallentaa\/torty_i_desery\/monoporcje-na-catering\/nano-vadelmakeksi-koivusokerilla-ja-ksylitolilla-6-kpl\/","title":{"rendered":"Nano vadelmakakku koivusokerilla - ksylitoli, 6 kpl"},"content":{"rendered":"<p>J\u00e4lkiruoka ei vain tyylikk\u00e4ille p\u00f6ydille - t\u00e4ydellinen nimip\u00e4ivien, syntym\u00e4p\u00e4ivien tai muiden juhlien viettoon kotona tai ty\u00f6paikalla...<\/p>\n<p>Rakastatko kermaisia j\u00e4\u00e4hdytettyj\u00e4 j\u00e4lkiruokia ja sit\u00e4 ominaista vaahtorakennetta? Nyt voit nauttia kylm\u00e4n juustokakun hedelm\u00e4isest\u00e4 ja kermaisesta mausta, joka ei sis\u00e4ll\u00e4 perinteist\u00e4 sokeria. Me korvasimme h\u00e4net\u00a0<strong>koivusokeri \u2013 ksylitoli<\/strong>. Ksylitolia on paljon<strong>\u00a0matala glykeeminen indeksi<\/strong>, joten se on turvallinen ihmisille, jotka k\u00e4rsiv\u00e4t\u00a0<strong>diabetes<\/strong>\u00a0ja sit\u00e4 k\u00e4ytet\u00e4\u00e4n mielell\u00e4\u00e4n ruokavaliossa<strong>\u00a0diabeetikoille<\/strong>.<\/p>\n<p>Jos haluat tilata muita koivusokerisia kakkuja perinteisen sijaan, niin suosittelemme\u00a0<strong><a href=\"https:\/\/jacekplacek.com.pl\/fi\/ottaa-yhteytta\/\" target=\"_blank\" rel=\"noopener\">ottaa yhteytt\u00e4<\/a>\u00a0<\/strong>tuotantoosaston kanssa.<\/p>\n<p>Tuote saatavilla osoitteessa <strong>yhteispakkaus 6 kpl (1 kpl n. 50g).<\/strong><\/p>","protected":false},"excerpt":{"rendered":"<p>Kylm\u00e4 juustokakku koivusokerilla - pohja ksylitolia, juustomassaa mascarponella ja vadelmilla, koristeltu kerroksella vadelmahyytel\u00f6\u00e4.<\/p>\n<p>Tuote saatavilla osoitteessa <strong>yhteispakkaus 6 kpl (1 kpl n. 50g).<\/strong><\/p>","protected":false},"featured_media":11484,"comment_status":"closed","ping_status":"closed","template":"","meta":{"content-type":""},"product_brand":[],"product_cat":[693],"product_tag":[720,721,551,539,697,719,701],"class_list":{"0":"post-9560","1":"product","2":"type-product","3":"status-publish","4":"has-post-thumbnail","6":"product_cat-monoporcje-na-catering","7":"product_tag-catering-impreza","8":"product_tag-catering-urodziny","9":"product_tag-cukier-brzozowy","10":"product_tag-ksylitol","11":"product_tag-mini-deser","12":"product_tag-mini-porcje","13":"product_tag-nano-deser","15":"entry","16":"has-media","18":"first","19":"instock","20":"shipping-taxable","21":"product-type-simple","22":"has-product-nav","23":"col","24":"span_1_of_4","25":"owp-content-center","26":"owp-thumbs-layout-horizontal","27":"owp-btn-normal","28":"owp-tabs-layout-horizontal"},"acf":[],"_links":{"self":[{"href":"https:\/\/jacekplacek.com.pl\/fi\/wp-json\/wp\/v2\/product\/9560","targetHints":{"allow":["GET"]}}],"collection":[{"href":"https:\/\/jacekplacek.com.pl\/fi\/wp-json\/wp\/v2\/product"}],"about":[{"href":"https:\/\/jacekplacek.com.pl\/fi\/wp-json\/wp\/v2\/types\/product"}],"replies":[{"embeddable":true,"href":"https:\/\/jacekplacek.com.pl\/fi\/wp-json\/wp\/v2\/comments?post=9560"}],"wp:featuredmedia":[{"embeddable":true,"href":"https:\/\/jacekplacek.com.pl\/fi\/wp-json\/wp\/v2\/media\/11484"}],"wp:attachment":[{"href":"https:\/\/jacekplacek.com.pl\/fi\/wp-json\/wp\/v2\/media?parent=9560"}],"wp:term":[{"taxonomy":"product_brand","embeddable":true,"href":"https:\/\/jacekplacek.com.pl\/fi\/wp-json\/wp\/v2\/product_brand?post=9560"},{"taxonomy":"product_cat","embeddable":true,"href":"https:\/\/jacekplacek.com.pl\/fi\/wp-json\/wp\/v2\/product_cat?post=9560"},{"taxonomy":"product_tag","embeddable":true,"href":"https:\/\/jacekplacek.com.pl\/fi\/wp-json\/wp\/v2\/product_tag?post=9560"}],"curies":[{"name":"wp","href":"https:\/\/api.w.org\/{rel}","templated":true}]}}