{"id":9557,"date":"2023-06-12T12:01:27","date_gmt":"2023-06-12T10:01:27","guid":{"rendered":"https:\/\/jacekplacek.com.pl\/?post_type=product&#038;p=9557"},"modified":"2025-11-18T18:28:46","modified_gmt":"2025-11-18T17:28:46","slug":"nano-juustokakku-kylma-6-kpl","status":"publish","type":"product","link":"https:\/\/jacekplacek.com.pl\/fi\/tallentaa\/torty_i_desery\/monoporcje-na-catering\/nano-juustokakku-kylma-6-kpl\/","title":{"rendered":"Nano kylm\u00e4 juustokakku 6 kpl"},"content":{"rendered":"<p>J\u00e4lkiruoka ei vain tyylikk\u00e4ille p\u00f6ydille - t\u00e4ydellinen nimip\u00e4ivien, syntym\u00e4p\u00e4ivien tai muiden juhlien viettoon kotona tai ty\u00f6paikalla...<\/p>\n<p><strong>Rakastatko kermaisia j\u00e4\u00e4hdytettyj\u00e4 j\u00e4lkiruokia ja sit\u00e4 ominaista vaahtorakennetta? Mit\u00e4 jos hyytel\u00f6kerros herkullisilla hedelm\u00e4paloilla lis\u00e4\u00e4 joustavuutta?<\/strong><\/p>\n<p>Tuote saatavilla osoitteessa <strong>yhteispakkaus 6 kpl (1 kpl n. 50g).<\/strong><\/p>","protected":false},"excerpt":{"rendered":"<p>Hiekkakakkupohja, juustomassa gelatiinilla, hyytel\u00f6 ja sesongin hedelmi\u00e4 p\u00e4\u00e4ll\u00e4.<\/p>\n<p>Tuote saatavilla osoitteessa <strong>yhteispakkaus 6 kpl (1 kpl n. 50g).<\/strong><\/p>","protected":false},"featured_media":11364,"comment_status":"closed","ping_status":"closed","template":"","meta":{"content-type":""},"product_brand":[],"product_cat":[693],"product_tag":[715,713,716,714,712,697,701,135,718,717],"class_list":{"0":"post-9557","1":"product","2":"type-product","3":"status-publish","4":"has-post-thumbnail","6":"product_cat-monoporcje-na-catering","7":"product_tag-catering","8":"product_tag-catering-hotel","9":"product_tag-catering-przyjecie","10":"product_tag-catering-restauracja","11":"product_tag-jednoporcja","12":"product_tag-mini-deser","13":"product_tag-nano-deser","14":"product_tag-sernik-na-zimno","15":"product_tag-sernik-z-galaretka","16":"product_tag-urodziny-catering","18":"entry","19":"has-media","21":"first","22":"instock","23":"shipping-taxable","24":"product-type-simple","25":"has-product-nav","26":"col","27":"span_1_of_4","28":"owp-content-center","29":"owp-thumbs-layout-horizontal","30":"owp-btn-normal","31":"owp-tabs-layout-horizontal"},"acf":[],"_links":{"self":[{"href":"https:\/\/jacekplacek.com.pl\/fi\/wp-json\/wp\/v2\/product\/9557","targetHints":{"allow":["GET"]}}],"collection":[{"href":"https:\/\/jacekplacek.com.pl\/fi\/wp-json\/wp\/v2\/product"}],"about":[{"href":"https:\/\/jacekplacek.com.pl\/fi\/wp-json\/wp\/v2\/types\/product"}],"replies":[{"embeddable":true,"href":"https:\/\/jacekplacek.com.pl\/fi\/wp-json\/wp\/v2\/comments?post=9557"}],"wp:featuredmedia":[{"embeddable":true,"href":"https:\/\/jacekplacek.com.pl\/fi\/wp-json\/wp\/v2\/media\/11364"}],"wp:attachment":[{"href":"https:\/\/jacekplacek.com.pl\/fi\/wp-json\/wp\/v2\/media?parent=9557"}],"wp:term":[{"taxonomy":"product_brand","embeddable":true,"href":"https:\/\/jacekplacek.com.pl\/fi\/wp-json\/wp\/v2\/product_brand?post=9557"},{"taxonomy":"product_cat","embeddable":true,"href":"https:\/\/jacekplacek.com.pl\/fi\/wp-json\/wp\/v2\/product_cat?post=9557"},{"taxonomy":"product_tag","embeddable":true,"href":"https:\/\/jacekplacek.com.pl\/fi\/wp-json\/wp\/v2\/product_tag?post=9557"}],"curies":[{"name":"wp","href":"https:\/\/api.w.org\/{rel}","templated":true}]}}