{"id":9543,"date":"2023-06-12T11:31:23","date_gmt":"2023-06-12T09:31:23","guid":{"rendered":"https:\/\/jacekplacek.com.pl\/?post_type=product&#038;p=9543"},"modified":"2025-11-18T18:28:46","modified_gmt":"2025-11-18T17:28:46","slug":"nano-kanelijuustokakku-6-kpl","status":"publish","type":"product","link":"https:\/\/jacekplacek.com.pl\/fi\/tallentaa\/torty_i_desery\/monoporcje-na-catering\/nano-kanelijuustokakku-6-kpl\/","title":{"rendered":"Nano-kanelijuustokakku 6 kpl"},"content":{"rendered":"<p>J\u00e4lkiruoka ei vain tyylikk\u00e4ille p\u00f6ydille - t\u00e4ydellinen nimip\u00e4ivien, syntym\u00e4p\u00e4ivien tai muiden juhlien viettoon kotona tai ty\u00f6paikalla...<\/p>\n<p><strong>Rakastatko kermaisia j\u00e4\u00e4hdytettyj\u00e4 j\u00e4lkiruokia ja sit\u00e4 ominaista kimmoisaa vaahtoa? Ent\u00e4 jos niihin liittyy l\u00e4mmin, mausteinen kanelin tuoksu?<\/strong><\/p>\n<p>Tuote saatavilla osoitteessa <strong>yhteispakkaus 6 kpl (1 kpl n. 50g).<\/strong><\/p>","protected":false},"excerpt":{"rendered":"<p>Murotaikinapohja kanelilla, juustomassa gelatiinilla ja kaneliroiskeella.<\/p>\n<p>Tuote saatavilla osoitteessa <strong>yhteispakkaus 6 kpl (1 kpl n. 50g).<\/strong><\/p>","protected":false},"featured_media":11368,"comment_status":"closed","ping_status":"closed","template":"","meta":{"content-type":""},"product_brand":[],"product_cat":[693],"product_tag":[703,697,701,200,704],"class_list":{"0":"post-9543","1":"product","2":"type-product","3":"status-publish","4":"has-post-thumbnail","6":"product_cat-monoporcje-na-catering","7":"product_tag-cynamonowy-deser","8":"product_tag-mini-deser","9":"product_tag-nano-deser","10":"product_tag-sernik-cynamonowy","11":"product_tag-sernik-z-cynamonem","13":"entry","14":"has-media","16":"first","17":"instock","18":"shipping-taxable","19":"product-type-simple","20":"has-product-nav","21":"col","22":"span_1_of_4","23":"owp-content-center","24":"owp-thumbs-layout-horizontal","25":"owp-btn-normal","26":"owp-tabs-layout-horizontal"},"acf":[],"_links":{"self":[{"href":"https:\/\/jacekplacek.com.pl\/fi\/wp-json\/wp\/v2\/product\/9543","targetHints":{"allow":["GET"]}}],"collection":[{"href":"https:\/\/jacekplacek.com.pl\/fi\/wp-json\/wp\/v2\/product"}],"about":[{"href":"https:\/\/jacekplacek.com.pl\/fi\/wp-json\/wp\/v2\/types\/product"}],"replies":[{"embeddable":true,"href":"https:\/\/jacekplacek.com.pl\/fi\/wp-json\/wp\/v2\/comments?post=9543"}],"wp:featuredmedia":[{"embeddable":true,"href":"https:\/\/jacekplacek.com.pl\/fi\/wp-json\/wp\/v2\/media\/11368"}],"wp:attachment":[{"href":"https:\/\/jacekplacek.com.pl\/fi\/wp-json\/wp\/v2\/media?parent=9543"}],"wp:term":[{"taxonomy":"product_brand","embeddable":true,"href":"https:\/\/jacekplacek.com.pl\/fi\/wp-json\/wp\/v2\/product_brand?post=9543"},{"taxonomy":"product_cat","embeddable":true,"href":"https:\/\/jacekplacek.com.pl\/fi\/wp-json\/wp\/v2\/product_cat?post=9543"},{"taxonomy":"product_tag","embeddable":true,"href":"https:\/\/jacekplacek.com.pl\/fi\/wp-json\/wp\/v2\/product_tag?post=9543"}],"curies":[{"name":"wp","href":"https:\/\/api.w.org\/{rel}","templated":true}]}}