{"id":9531,"date":"2023-06-12T11:06:13","date_gmt":"2023-06-12T09:06:13","guid":{"rendered":"https:\/\/jacekplacek.com.pl\/?post_type=product&#038;p=9531"},"modified":"2025-11-18T18:28:46","modified_gmt":"2025-11-18T17:28:46","slug":"nano-puna-sametti","status":"publish","type":"product","link":"https:\/\/jacekplacek.com.pl\/fi\/tallentaa\/torty_i_desery\/monoporcje-na-catering\/nano-puna-sametti\/","title":{"rendered":"Nano Red Velvet -kakku, 6 kpl"},"content":{"rendered":"<p><b>Kutsumme sinut kokeilemaan lippulaivamme nano Red Velvet Cakea - klassista j\u00e4lkiruokaa uudella vivahteella.<\/b><\/p>\n<p><b>Kakkumme ei ole vain herkullista, vaan my\u00f6s terveellist\u00e4, koska v\u00e4lt\u00e4mme keinotekoisia lis\u00e4aineita k\u00e4ytt\u00e4m\u00e4ll\u00e4 tomaateista saatua luonnollista lykopeeniv\u00e4ri\u00e4.<\/b><span style=\"font-weight: 400;\"> T\u00e4ytet\u00e4\u00e4n kakun sis\u00e4puoli herkullisella mascarpone-kermalla ja vadelmahillolla, mik\u00e4 antaa sille ainutlaatuisen maun. Katso itse, ett\u00e4 perinteinen maku voi kulkea k\u00e4si k\u00e4dess\u00e4 ainesosien laatuun kiinnitt\u00e4misen kanssa.<\/span><\/p>\n<p>J\u00e4lkiruoka ei vain tyylikk\u00e4ille p\u00f6ydille - t\u00e4ydellinen nimip\u00e4ivien, syntym\u00e4p\u00e4ivien tai muiden juhlien viettoon kotona tai ty\u00f6paikalla...<\/p>\n<p>Tuote saatavilla osoitteessa\u00a0<strong>yhteispakkaus 6 kpl (1 kpl n. 70g).<\/strong><\/p>","protected":false},"excerpt":{"rendered":"<p><span style=\"font-weight: 400;\">Lippulaivamme Red Velvet Cake - klassinen j\u00e4lkiruoka uudella vivahteella. Katso itse, ett\u00e4 perinteinen maku voi kulkea k\u00e4si k\u00e4dess\u00e4 ainesosien laatuun kiinnitt\u00e4misen kanssa.<\/span><\/p>\n<p>Tuote saatavilla osoitteessa <strong>yhteispakkaus 6 kpl (1 kpl n. 70g).<\/strong><\/p>","protected":false},"featured_media":11359,"comment_status":"closed","ping_status":"closed","template":"","meta":{"content-type":""},"product_brand":[],"product_cat":[693],"product_tag":[697,696,336,447],"class_list":{"0":"post-9531","1":"product","2":"type-product","3":"status-publish","4":"has-post-thumbnail","6":"product_cat-monoporcje-na-catering","7":"product_tag-mini-deser","8":"product_tag-nano","9":"product_tag-red-velvet","10":"product_tag-tort-red-velvet","12":"entry","13":"has-media","15":"first","16":"instock","17":"shipping-taxable","18":"product-type-simple","19":"has-product-nav","20":"col","21":"span_1_of_4","22":"owp-content-center","23":"owp-thumbs-layout-horizontal","24":"owp-btn-normal","25":"owp-tabs-layout-horizontal"},"acf":[],"_links":{"self":[{"href":"https:\/\/jacekplacek.com.pl\/fi\/wp-json\/wp\/v2\/product\/9531","targetHints":{"allow":["GET"]}}],"collection":[{"href":"https:\/\/jacekplacek.com.pl\/fi\/wp-json\/wp\/v2\/product"}],"about":[{"href":"https:\/\/jacekplacek.com.pl\/fi\/wp-json\/wp\/v2\/types\/product"}],"replies":[{"embeddable":true,"href":"https:\/\/jacekplacek.com.pl\/fi\/wp-json\/wp\/v2\/comments?post=9531"}],"wp:featuredmedia":[{"embeddable":true,"href":"https:\/\/jacekplacek.com.pl\/fi\/wp-json\/wp\/v2\/media\/11359"}],"wp:attachment":[{"href":"https:\/\/jacekplacek.com.pl\/fi\/wp-json\/wp\/v2\/media?parent=9531"}],"wp:term":[{"taxonomy":"product_brand","embeddable":true,"href":"https:\/\/jacekplacek.com.pl\/fi\/wp-json\/wp\/v2\/product_brand?post=9531"},{"taxonomy":"product_cat","embeddable":true,"href":"https:\/\/jacekplacek.com.pl\/fi\/wp-json\/wp\/v2\/product_cat?post=9531"},{"taxonomy":"product_tag","embeddable":true,"href":"https:\/\/jacekplacek.com.pl\/fi\/wp-json\/wp\/v2\/product_tag?post=9531"}],"curies":[{"name":"wp","href":"https:\/\/api.w.org\/{rel}","templated":true}]}}