{"id":9522,"date":"2023-06-12T10:57:05","date_gmt":"2023-06-12T08:57:05","guid":{"rendered":"https:\/\/jacekplacek.com.pl\/?post_type=product&#038;p=9522"},"modified":"2025-11-18T18:28:45","modified_gmt":"2025-11-18T17:28:45","slug":"nano-bueno-6-kpl","status":"publish","type":"product","link":"https:\/\/jacekplacek.com.pl\/fi\/tallentaa\/torty_i_desery\/monoporcje-na-catering\/nano-bueno-6-kpl\/","title":{"rendered":"Nano Bueno kakku, 6 kpl"},"content":{"rendered":"<p><strong>Esittelyss\u00e4 nano Bueno Cake - yhdistelm\u00e4 herkk\u00e4\u00e4 valkosuklaakermaa ja rapeita hasselp\u00e4hkin\u00f6it\u00e4.<\/strong><\/p>\n<p>Meid\u00e4n versiomme t\u00e4st\u00e4 suositusta kakusta on todellista makuel\u00e4myst\u00e4. Mik\u00e4 tekee siit\u00e4 erottuvan? Se, ett\u00e4 se ei ole liian makea, tekee siit\u00e4 ihanteellisen vaihtoehdon lapsille, jotka rakastavat t\u00e4t\u00e4 ainutlaatuista makuyhdistelm\u00e4\u00e4.\u00a0<strong>Kutsumme sinut makeiskauppaamme selvitt\u00e4m\u00e4\u00e4n, miksi Bueno Cakesta on tullut monien herkkusujen suosikki j\u00e4lkiruoka!<\/strong><\/p>\n<p>J\u00e4lkiruoka ei vain tyylikk\u00e4ille p\u00f6ydille - t\u00e4ydellinen nimip\u00e4ivien, syntym\u00e4p\u00e4ivien tai muiden juhlien viettoon kotona tai ty\u00f6paikalla...<\/p>\n<p>Tuote saatavilla osoitteessa\u00a0<strong>6 kpl yhteispakkauksessa (6 kpl n. 360g).<\/strong><\/p>","protected":false},"excerpt":{"rendered":"<p>Kutsumme sinut makeiskauppaamme selvitt\u00e4m\u00e4\u00e4n, miksi Bueno Cakesta on tullut monien herkkusujen suosikki j\u00e4lkiruoka!<\/p>\n<p>Tuote saatavilla osoitteessa\u00a0<strong>6 kpl yhteispakkauksessa (6 kpl n. 360g).<\/strong><\/p>","protected":false},"featured_media":11490,"comment_status":"closed","ping_status":"closed","template":"","meta":{"content-type":""},"product_brand":[],"product_cat":[693],"product_tag":[357,380,694,253,254,695,174],"class_list":{"0":"post-9522","1":"product","2":"type-product","3":"status-publish","4":"has-post-thumbnail","6":"product_cat-monoporcje-na-catering","7":"product_tag-ciasteczka","8":"product_tag-ciasto","9":"product_tag-ciasto-bueno","10":"product_tag-ciasto-z-kajmakiem","11":"product_tag-kajmak","12":"product_tag-nano-bueno","13":"product_tag-polewa-kajmakowa","15":"entry","16":"has-media","18":"first","19":"instock","20":"shipping-taxable","21":"product-type-simple","22":"has-product-nav","23":"col","24":"span_1_of_4","25":"owp-content-center","26":"owp-thumbs-layout-horizontal","27":"owp-btn-normal","28":"owp-tabs-layout-horizontal"},"acf":[],"_links":{"self":[{"href":"https:\/\/jacekplacek.com.pl\/fi\/wp-json\/wp\/v2\/product\/9522","targetHints":{"allow":["GET"]}}],"collection":[{"href":"https:\/\/jacekplacek.com.pl\/fi\/wp-json\/wp\/v2\/product"}],"about":[{"href":"https:\/\/jacekplacek.com.pl\/fi\/wp-json\/wp\/v2\/types\/product"}],"replies":[{"embeddable":true,"href":"https:\/\/jacekplacek.com.pl\/fi\/wp-json\/wp\/v2\/comments?post=9522"}],"wp:featuredmedia":[{"embeddable":true,"href":"https:\/\/jacekplacek.com.pl\/fi\/wp-json\/wp\/v2\/media\/11490"}],"wp:attachment":[{"href":"https:\/\/jacekplacek.com.pl\/fi\/wp-json\/wp\/v2\/media?parent=9522"}],"wp:term":[{"taxonomy":"product_brand","embeddable":true,"href":"https:\/\/jacekplacek.com.pl\/fi\/wp-json\/wp\/v2\/product_brand?post=9522"},{"taxonomy":"product_cat","embeddable":true,"href":"https:\/\/jacekplacek.com.pl\/fi\/wp-json\/wp\/v2\/product_cat?post=9522"},{"taxonomy":"product_tag","embeddable":true,"href":"https:\/\/jacekplacek.com.pl\/fi\/wp-json\/wp\/v2\/product_tag?post=9522"}],"curies":[{"name":"wp","href":"https:\/\/api.w.org\/{rel}","templated":true}]}}