{"id":6908,"date":"2022-06-23T09:21:33","date_gmt":"2022-06-23T07:21:33","guid":{"rendered":"https:\/\/jacekplacek.com.pl\/?post_type=product&#038;p=6908"},"modified":"2025-11-18T18:27:31","modified_gmt":"2025-11-18T17:27:31","slug":"kylma-juustokakku-koivu-sokerilla","status":"publish","type":"product","link":"https:\/\/jacekplacek.com.pl\/fi\/tallentaa\/juustokakut-kaikki\/kylmia-juustokakkuja\/kylma-juustokakku-koivu-sokerilla\/","title":{"rendered":"Vadelmakakku koivusokerilla - ksylitoli"},"content":{"rendered":"<p><span style=\"font-size: 16px;\">Rakastatko kermaisia j\u00e4\u00e4hdytettyj\u00e4 j\u00e4lkiruokia ja sit\u00e4 ominaista vaahtorakennetta? Nyt voit nauttia kylm\u00e4n juustokakun hedelm\u00e4isest\u00e4 ja kermaisesta mausta, joka ei sis\u00e4ll\u00e4 perinteist\u00e4 sokeria. Me korvasimme h\u00e4net <strong>koivusokeri - ksylitoli, joka<\/strong>\u00a0Sill\u00e4 on eritt\u00e4in<strong> matala glykeeminen indeksi.<\/strong><\/span><\/p>\n<p><span style=\"font-weight: 400;\">(Kasvi k\u00e4ytt\u00e4\u00e4: jauhoja, munia, p\u00e4hkin\u00f6it\u00e4, seesamia ja maitoa. T\u00e4st\u00e4 syyst\u00e4 jokainen tuote saattaa sis\u00e4lt\u00e4\u00e4 j\u00e4\u00e4mi\u00e4 mainituista allergeeneista, vaikka niit\u00e4 ei mainita kuvauksessa ja ainesosaluettelossa.)<\/span><\/p>","protected":false},"excerpt":{"rendered":"<p><span style=\"font-weight: 400;\">Kylm\u00e4 juustokakku koivusokerilla \u2013 pohja ksylitolia sis\u00e4lt\u00e4v\u00e4st\u00e4 spelttikeksest\u00e4, juustomassa mascarponella ja vadelmilla, koristeltu kerroksella vadelmahyytel\u00f6\u00e4.<\/span><\/p>","protected":false},"featured_media":11449,"comment_status":"closed","ping_status":"closed","template":"","meta":{"content-type":""},"product_brand":[],"product_cat":[76,534],"product_tag":[551,444,553,552,446,445,449,539,198,135],"class_list":{"0":"post-6908","1":"product","2":"type-product","3":"status-publish","4":"has-post-thumbnail","6":"product_cat-serniki-na-zimno","7":"product_cat-ciasta-weganskie-i-keto","8":"product_tag-cukier-brzozowy","9":"product_tag-cukiernia-jacek-placek","10":"product_tag-dla-cukrzykow","11":"product_tag-dla-diabetykow","12":"product_tag-jacek-placek-gdansk","13":"product_tag-jacek-placek-gowino","14":"product_tag-jacek-placek-sopot","15":"product_tag-ksylitol","16":"product_tag-malinowa-poezja","17":"product_tag-sernik-na-zimno","19":"entry","20":"has-media","22":"first","23":"instock","24":"shipping-taxable","25":"product-type-variable","26":"has-product-nav","27":"col","28":"span_1_of_4","29":"owp-content-center","30":"owp-thumbs-layout-horizontal","31":"owp-btn-normal","32":"owp-tabs-layout-horizontal"},"acf":[],"_links":{"self":[{"href":"https:\/\/jacekplacek.com.pl\/fi\/wp-json\/wp\/v2\/product\/6908","targetHints":{"allow":["GET"]}}],"collection":[{"href":"https:\/\/jacekplacek.com.pl\/fi\/wp-json\/wp\/v2\/product"}],"about":[{"href":"https:\/\/jacekplacek.com.pl\/fi\/wp-json\/wp\/v2\/types\/product"}],"replies":[{"embeddable":true,"href":"https:\/\/jacekplacek.com.pl\/fi\/wp-json\/wp\/v2\/comments?post=6908"}],"wp:featuredmedia":[{"embeddable":true,"href":"https:\/\/jacekplacek.com.pl\/fi\/wp-json\/wp\/v2\/media\/11449"}],"wp:attachment":[{"href":"https:\/\/jacekplacek.com.pl\/fi\/wp-json\/wp\/v2\/media?parent=6908"}],"wp:term":[{"taxonomy":"product_brand","embeddable":true,"href":"https:\/\/jacekplacek.com.pl\/fi\/wp-json\/wp\/v2\/product_brand?post=6908"},{"taxonomy":"product_cat","embeddable":true,"href":"https:\/\/jacekplacek.com.pl\/fi\/wp-json\/wp\/v2\/product_cat?post=6908"},{"taxonomy":"product_tag","embeddable":true,"href":"https:\/\/jacekplacek.com.pl\/fi\/wp-json\/wp\/v2\/product_tag?post=6908"}],"curies":[{"name":"wp","href":"https:\/\/api.w.org\/{rel}","templated":true}]}}