{"id":510,"date":"2020-11-25T13:15:34","date_gmt":"2020-11-25T12:15:34","guid":{"rendered":"https:\/\/jacekplacek.com.pl\/?post_type=product&#038;p=510"},"modified":"2025-11-18T18:31:05","modified_gmt":"2025-11-18T17:31:05","slug":"vadelma-runoutta","status":"publish","type":"product","link":"https:\/\/jacekplacek.com.pl\/fi\/tallentaa\/juustokakut-kaikki\/kylmia-juustokakkuja\/vadelma-runoutta\/","title":{"rendered":"Vadelma runous"},"content":{"rendered":"<h2><span style=\"font-size: 16px;\">Rakastatko kermaisia j\u00e4\u00e4hdytettyj\u00e4 j\u00e4lkiruokia ja sit\u00e4 ominaista kimmoisaa vaahtoa? Ent\u00e4 jos klassisen kerman maun rikkoo vadelamoussen kirpe\u00e4 makeus?<\/span><\/h2>\n<h2><span style=\"font-weight: 400; font-size: 16px;\">Kylmien juustokakkujen yst\u00e4ville omistamme useita mielenkiintoisia versioita t\u00e4st\u00e4 herk\u00e4st\u00e4 j\u00e4lkiruoasta - katso se <\/span><a style=\"font-weight: 400; font-size: 16px;\" href=\"https:\/\/jacekplacek.com.pl\/fi\/tuotekategoria\/juustokakut-kaikki\/kylmia-juustokakkuja\/\" target=\"_blank\" rel=\"noopener\">T\u00c4SS\u00c4.<\/a><\/h2>\n<div class=\"translate-tooltip-mtz hidden\">\n<div class=\"header\"><\/div>\n<\/div>\n<p>&nbsp;<\/p>","protected":false},"excerpt":{"rendered":"<p><span data-sheets-root=\"1\">Hiekkakakkupohja, vadelmavaahto, kermainen juustot\u00e4yte.<\/span><\/p>","protected":false},"featured_media":10124,"comment_status":"closed","ping_status":"closed","template":"","meta":{"content-type":""},"product_brand":[],"product_cat":[76],"product_tag":[444,446,445,449,198,199,61,135],"class_list":{"0":"post-510","1":"product","2":"type-product","3":"status-publish","4":"has-post-thumbnail","6":"product_cat-serniki-na-zimno","7":"product_tag-cukiernia-jacek-placek","8":"product_tag-jacek-placek-gdansk","9":"product_tag-jacek-placek-gowino","10":"product_tag-jacek-placek-sopot","11":"product_tag-malinowa-poezja","12":"product_tag-maliny","13":"product_tag-sernik","14":"product_tag-sernik-na-zimno","16":"entry","17":"has-media","19":"first","20":"instock","21":"shipping-taxable","22":"product-type-variable","23":"has-default-attributes","24":"has-product-nav","25":"col","26":"span_1_of_4","27":"owp-content-center","28":"owp-thumbs-layout-horizontal","29":"owp-btn-normal","30":"owp-tabs-layout-horizontal"},"acf":[],"_links":{"self":[{"href":"https:\/\/jacekplacek.com.pl\/fi\/wp-json\/wp\/v2\/product\/510","targetHints":{"allow":["GET"]}}],"collection":[{"href":"https:\/\/jacekplacek.com.pl\/fi\/wp-json\/wp\/v2\/product"}],"about":[{"href":"https:\/\/jacekplacek.com.pl\/fi\/wp-json\/wp\/v2\/types\/product"}],"replies":[{"embeddable":true,"href":"https:\/\/jacekplacek.com.pl\/fi\/wp-json\/wp\/v2\/comments?post=510"}],"wp:featuredmedia":[{"embeddable":true,"href":"https:\/\/jacekplacek.com.pl\/fi\/wp-json\/wp\/v2\/media\/10124"}],"wp:attachment":[{"href":"https:\/\/jacekplacek.com.pl\/fi\/wp-json\/wp\/v2\/media?parent=510"}],"wp:term":[{"taxonomy":"product_brand","embeddable":true,"href":"https:\/\/jacekplacek.com.pl\/fi\/wp-json\/wp\/v2\/product_brand?post=510"},{"taxonomy":"product_cat","embeddable":true,"href":"https:\/\/jacekplacek.com.pl\/fi\/wp-json\/wp\/v2\/product_cat?post=510"},{"taxonomy":"product_tag","embeddable":true,"href":"https:\/\/jacekplacek.com.pl\/fi\/wp-json\/wp\/v2\/product_tag?post=510"}],"curies":[{"name":"wp","href":"https:\/\/api.w.org\/{rel}","templated":true}]}}