{"id":4655,"date":"2022-03-20T16:16:19","date_gmt":"2022-03-20T15:16:19","guid":{"rendered":"https:\/\/jacekplacek.com.pl\/?post_type=product&#038;p=4655"},"modified":"2025-12-16T15:38:38","modified_gmt":"2025-12-16T14:38:38","slug":"mini-kurpitsansiemenkekseja","status":"publish","type":"product","link":"https:\/\/jacekplacek.com.pl\/fi\/tallentaa\/evasteet-ja-kekseja\/evasteet\/mini-kurpitsansiemenkekseja\/","title":{"rendered":"Minikurpitsansiemenkeksej\u00e4"},"content":{"rendered":"<p>On niin mukavaa yhdist\u00e4\u00e4 heikkoutesi murokeksi yrityksiin t\u00e4ydent\u00e4\u00e4 ruokavaliotasi arvokkailla siemenill\u00e4... Lis\u00e4ksi kurpitsansiemenet tehostavat rapsuttavaa vaikutusta \u2013 k\u00e4y katsomassa!<\/p>\n<p>Suosittelemme kokeilemaan versiota auringonkukansiemenill\u00e4 \u2013\u00a0<strong><a href=\"https:\/\/jacekplacek.com.pl\/fi\/tallentaa\/evasteet-ja-kekseja\/evasteet\/murokeksit-auringonkukansiemenilla\/\" target=\"_blank\" rel=\"noopener\">oi t\u00e4ss\u00e4...<\/a><\/strong><\/p>\n<p>&nbsp;<\/p>","protected":false},"excerpt":{"rendered":"<p><span style=\"font-weight: 400\">Kurpitsansiemenill\u00e4 koristellut py\u00f6re\u00e4t murokeksit - miniversio.<\/span><\/p>","protected":false},"featured_media":4632,"comment_status":"closed","ping_status":"closed","template":"","meta":{"content-type":""},"product_brand":[],"product_cat":[121],"product_tag":[348,454,444,446,445,449,353,354],"class_list":{"0":"post-4655","1":"product","2":"type-product","3":"status-publish","4":"has-post-thumbnail","6":"product_cat-ciasteczka","7":"product_tag-ciasteczka-kruche","8":"product_tag-ciasteczka-na-wage","9":"product_tag-cukiernia-jacek-placek","10":"product_tag-jacek-placek-gdansk","11":"product_tag-jacek-placek-gowino","12":"product_tag-jacek-placek-sopot","13":"product_tag-z-dynia","14":"product_tag-z-nasionami","16":"entry","17":"has-media","19":"first","20":"outofstock","21":"shipping-taxable","22":"product-type-simple","23":"has-product-nav","24":"col","25":"span_1_of_4","26":"owp-content-center","27":"owp-thumbs-layout-horizontal","28":"owp-btn-normal","29":"owp-tabs-layout-horizontal"},"acf":[],"_links":{"self":[{"href":"https:\/\/jacekplacek.com.pl\/fi\/wp-json\/wp\/v2\/product\/4655","targetHints":{"allow":["GET"]}}],"collection":[{"href":"https:\/\/jacekplacek.com.pl\/fi\/wp-json\/wp\/v2\/product"}],"about":[{"href":"https:\/\/jacekplacek.com.pl\/fi\/wp-json\/wp\/v2\/types\/product"}],"replies":[{"embeddable":true,"href":"https:\/\/jacekplacek.com.pl\/fi\/wp-json\/wp\/v2\/comments?post=4655"}],"wp:featuredmedia":[{"embeddable":true,"href":"https:\/\/jacekplacek.com.pl\/fi\/wp-json\/wp\/v2\/media\/4632"}],"wp:attachment":[{"href":"https:\/\/jacekplacek.com.pl\/fi\/wp-json\/wp\/v2\/media?parent=4655"}],"wp:term":[{"taxonomy":"product_brand","embeddable":true,"href":"https:\/\/jacekplacek.com.pl\/fi\/wp-json\/wp\/v2\/product_brand?post=4655"},{"taxonomy":"product_cat","embeddable":true,"href":"https:\/\/jacekplacek.com.pl\/fi\/wp-json\/wp\/v2\/product_cat?post=4655"},{"taxonomy":"product_tag","embeddable":true,"href":"https:\/\/jacekplacek.com.pl\/fi\/wp-json\/wp\/v2\/product_tag?post=4655"}],"curies":[{"name":"wp","href":"https:\/\/api.w.org\/{rel}","templated":true}]}}