{"id":416,"date":"2020-11-25T11:20:11","date_gmt":"2020-11-25T10:20:11","guid":{"rendered":"https:\/\/jacekplacek.com.pl\/?post_type=product&#038;p=416"},"modified":"2025-11-18T18:28:52","modified_gmt":"2025-11-18T17:28:52","slug":"sitruunajuustokakku","status":"publish","type":"product","link":"https:\/\/jacekplacek.com.pl\/fi\/tallentaa\/juustokakut-kaikki\/juustokakkuja\/sitruunajuustokakku\/","title":{"rendered":"Sitruunajuustokakku"},"content":{"rendered":"<p><strong>Erilaisia juustokakkuja, joissa makuv\u00e4ri\u00e4 t\u00e4ydennet\u00e4\u00e4n sitruunoilla.<\/strong><\/p>\n<p>Pohja on valmistettu tummasta crumblesta, p\u00e4\u00e4ll\u00e4 juustokakkumassa kuorella ja sitruunamehulla, kaikki peitetty suklaakuorruteella.<\/p>\n<p>Muita juustokakkuja saatavilla\u00a0<strong><a href=\"https:\/\/jacekplacek.com.pl\/fi\/tuotekategoria\/juustokakut-kaikki\/\" target=\"_blank\" rel=\"noopener\">t\u00e4ss\u00e4.<\/a><\/strong><\/p>","protected":false},"excerpt":{"rendered":"<p><span data-sheets-root=\"1\">Kaakao, rapea pohja, kuohkea juustot\u00e4yte sitruunamehulla ja suklaakuorruteella. Tasapainoiset sitruunan ja suklaan maut.<\/span><\/p>","protected":false},"featured_media":2862,"comment_status":"closed","ping_status":"closed","template":"","meta":{"content-type":""},"product_brand":[],"product_cat":[60],"product_tag":[421,444,186,446,445,449,72,61,184,185],"class_list":{"0":"post-416","1":"product","2":"type-product","3":"status-publish","4":"has-post-thumbnail","6":"product_cat-serniki","7":"product_tag-ciasta-swiateczne","8":"product_tag-cukiernia-jacek-placek","9":"product_tag-cytrynowy","10":"product_tag-jacek-placek-gdansk","11":"product_tag-jacek-placek-gowino","12":"product_tag-jacek-placek-sopot","13":"product_tag-polewa-czekoladowa","14":"product_tag-sernik","15":"product_tag-sernik-cytrynowy","16":"product_tag-sernik-z-czekolada","18":"entry","19":"has-media","21":"first","22":"instock","23":"shipping-taxable","24":"product-type-variable","25":"has-default-attributes","26":"has-product-nav","27":"col","28":"span_1_of_4","29":"owp-content-center","30":"owp-thumbs-layout-horizontal","31":"owp-btn-normal","32":"owp-tabs-layout-horizontal"},"acf":[],"_links":{"self":[{"href":"https:\/\/jacekplacek.com.pl\/fi\/wp-json\/wp\/v2\/product\/416","targetHints":{"allow":["GET"]}}],"collection":[{"href":"https:\/\/jacekplacek.com.pl\/fi\/wp-json\/wp\/v2\/product"}],"about":[{"href":"https:\/\/jacekplacek.com.pl\/fi\/wp-json\/wp\/v2\/types\/product"}],"replies":[{"embeddable":true,"href":"https:\/\/jacekplacek.com.pl\/fi\/wp-json\/wp\/v2\/comments?post=416"}],"wp:featuredmedia":[{"embeddable":true,"href":"https:\/\/jacekplacek.com.pl\/fi\/wp-json\/wp\/v2\/media\/2862"}],"wp:attachment":[{"href":"https:\/\/jacekplacek.com.pl\/fi\/wp-json\/wp\/v2\/media?parent=416"}],"wp:term":[{"taxonomy":"product_brand","embeddable":true,"href":"https:\/\/jacekplacek.com.pl\/fi\/wp-json\/wp\/v2\/product_brand?post=416"},{"taxonomy":"product_cat","embeddable":true,"href":"https:\/\/jacekplacek.com.pl\/fi\/wp-json\/wp\/v2\/product_cat?post=416"},{"taxonomy":"product_tag","embeddable":true,"href":"https:\/\/jacekplacek.com.pl\/fi\/wp-json\/wp\/v2\/product_tag?post=416"}],"curies":[{"name":"wp","href":"https:\/\/api.w.org\/{rel}","templated":true}]}}