{"id":3997,"date":"2021-12-08T15:51:34","date_gmt":"2021-12-08T14:51:34","guid":{"rendered":"https:\/\/jacekplacek.com.pl\/?post_type=product&#038;p=3997"},"modified":"2025-11-18T18:27:20","modified_gmt":"2025-11-18T17:27:20","slug":"piparkakkutahti","status":"publish","type":"product","link":"https:\/\/jacekplacek.com.pl\/fi\/tallentaa\/babki-i-makowce\/piparkakkutahti\/","title":{"rendered":"Piparkakkut\u00e4hti"},"content":{"rendered":"<h1>Lomat - perinteiden, makujen ja perheen hetkien aikaa<\/h1>\n<p>Joulu on aikaa, jossa yhdistyv\u00e4t perhejuhlat, maagiset koristeet ja unohtumattomat maut. Yhteiset juhlat ja aromaattiset leivonnaiset ovat olennainen osa n\u00e4it\u00e4 erityisi\u00e4 p\u00e4ivi\u00e4.<\/p>\n<h2>Piparkakku \u2013 perinne sukupolvien ajan<\/h2>\n<p>Piparkakut ovat leivonnaisia, joilla on rikas historia, joka juontaa juurensa keskiajalle. Se oli kerran vaurauden symboli, mutta nyky\u00e4\u00e4n se on perinteinen elementti joulup\u00f6yd\u00e4ss\u00e4. Olemme niiden ainutlaatuisen maun ansiota mausteseokselle, joka antaa niille ominaisen aromin, joka sopii t\u00e4ydellisesti juhlatunnelmaan.<\/p>\n<h2>Tuotteemme \u2013 Joulupiparkakku t\u00e4hdenmuotoisella kurpitsalla<\/h2>\n<p>Esittelemme ainutlaatuisen t\u00e4hden muotoisen piparkakun, jossa yhdistyy perinteinen maku ja moderni l\u00e4hestymistapa leivontaan. T\u00e4m\u00e4 mausteinen kakku on rikastettu kurpitsalla, hunajalla ja omalla piparkakkumausteseoksella. Sen vehn\u00e4- ja ruisjauhosta valmistettu pohja tarjoaa herk\u00e4n rakenteen, ja lis\u00e4aineet, kuten appelsiinin kuori ja saksanp\u00e4hkin\u00e4t, antavat sille selke\u00e4n maun. Koko juttu oli peitetty suklaakuorruteella, mik\u00e4 tekee siit\u00e4 t\u00e4ydellisen valinnan joulup\u00f6yt\u00e4\u00e4n.<\/p>\n<p>&nbsp;<\/p>\n<h3>Loman aikana muistamisen arvoisia kakkuja<\/h3>\n<p>Joulup\u00f6yt\u00e4\u00e4 hallitsevat klassiset leivonnaiset, jotka ovat luoneet joulun taikuutta jo vuosia. Ne n\u00e4kyv\u00e4t perinteisesti <strong>unikonsiemenkakkuja<\/strong>, t\u00e4ynn\u00e4 aromaattisia unikonsiemeni\u00e4 ja kuivattuja hedelmi\u00e4, ja <strong>juustokakkuja<\/strong>, jonka kermainen koostumus ilahduttaa vieraita. Ne ovat my\u00f6s suosittuja <strong>kuivattuja hedelmi\u00e4 sis\u00e4lt\u00e4v\u00e4t kakut<\/strong>, kuten hedelm\u00e4kakku, t\u00e4ynn\u00e4 kuivattuja hedelmi\u00e4 ja p\u00e4hkin\u00f6it\u00e4.<\/p>\n<p>Viime vuosina ne ovat ilmestyneet yh\u00e4 useammin joulup\u00f6ydiss\u00e4 <strong>joulukakut<\/strong> \u2013 koristeltu kermalla, hedelmill\u00e4 tai suklaalla, joissa eleganssi yhdistyy perinteiseen makuun. T\u00e4m\u00e4 on erinomainen valinta niille, jotka etsiv\u00e4t moderneja leivonnaisia, jotka sopivat t\u00e4ydellisesti erikoistilaisuuksiin. Loma on aikaa nauttia erilaisista makuista, niin perinteisist\u00e4 kuin uusistakin!<\/p>\n<p>Valitse leivonnaiset tuodaksesi lomallesi ainutlaatuista makua ja nauttiaksesi hetkist\u00e4 l\u00e4heistesi kanssa. \ud83c\udf84<\/p>\n<p>L\u00f6yd\u00e4t muitakin ehdotuksia jouluksi\u00a0<strong><a href=\"https:\/\/jacekplacek.com.pl\/fi\/tuotekategoria\/joulu\/\" target=\"_blank\" rel=\"noopener\">t\u00e4ss\u00e4.<\/a><\/strong><\/p>\n<h3>Tuotetiedot:<\/h3>\n<ul>\n<li>Paino noin 150 g.<\/li>\n<li>Pakkaus: paperialusta, suojakalvo<\/li>\n<\/ul>\n<p>&nbsp;<\/p>","protected":false},"excerpt":{"rendered":"<h1>Jouluinen piparkakku t\u00e4hdenmuotoisella kurpitsalla<\/h1>\n<p>Mausteinen kakku kurpitsalla, hunajalla ja omalla piparkakkumausteseoksella, vehn\u00e4- ja ruisjauhopohjainen, rikastettu appelsiininkuorella ja saksanp\u00e4hkin\u00f6ill\u00e4. Suklaakuorruteella peitettyn\u00e4.<\/p>","protected":false},"featured_media":1706,"comment_status":"closed","ping_status":"closed","template":"","meta":{"content-type":""},"product_brand":[],"product_cat":[907,81],"product_tag":[664,99,444,96,437,446,445,449,91,95,98],"class_list":{"0":"post-3997","1":"product","2":"type-product","3":"status-publish","4":"has-post-thumbnail","6":"product_cat-ciasta-swiateczne","7":"product_cat-babki-i-makowce","8":"product_tag-ciasta-na-boze-narodzenie","9":"product_tag-ciasto-swiateczne","10":"product_tag-cukiernia-jacek-placek","11":"product_tag-dzem","12":"product_tag-gwiazdka","13":"product_tag-jacek-placek-gdansk","14":"product_tag-jacek-placek-gowino","15":"product_tag-jacek-placek-sopot","16":"product_tag-orzechy-wloskie","17":"product_tag-piernik","18":"product_tag-swieta","20":"entry","21":"has-media","23":"first","24":"instock","25":"shipping-taxable","26":"product-type-simple","27":"has-product-nav","28":"col","29":"span_1_of_4","30":"owp-content-center","31":"owp-thumbs-layout-horizontal","32":"owp-btn-normal","33":"owp-tabs-layout-horizontal","34":"has-no-thumbnails"},"acf":[],"_links":{"self":[{"href":"https:\/\/jacekplacek.com.pl\/fi\/wp-json\/wp\/v2\/product\/3997","targetHints":{"allow":["GET"]}}],"collection":[{"href":"https:\/\/jacekplacek.com.pl\/fi\/wp-json\/wp\/v2\/product"}],"about":[{"href":"https:\/\/jacekplacek.com.pl\/fi\/wp-json\/wp\/v2\/types\/product"}],"replies":[{"embeddable":true,"href":"https:\/\/jacekplacek.com.pl\/fi\/wp-json\/wp\/v2\/comments?post=3997"}],"wp:featuredmedia":[{"embeddable":true,"href":"https:\/\/jacekplacek.com.pl\/fi\/wp-json\/wp\/v2\/media\/1706"}],"wp:attachment":[{"href":"https:\/\/jacekplacek.com.pl\/fi\/wp-json\/wp\/v2\/media?parent=3997"}],"wp:term":[{"taxonomy":"product_brand","embeddable":true,"href":"https:\/\/jacekplacek.com.pl\/fi\/wp-json\/wp\/v2\/product_brand?post=3997"},{"taxonomy":"product_cat","embeddable":true,"href":"https:\/\/jacekplacek.com.pl\/fi\/wp-json\/wp\/v2\/product_cat?post=3997"},{"taxonomy":"product_tag","embeddable":true,"href":"https:\/\/jacekplacek.com.pl\/fi\/wp-json\/wp\/v2\/product_tag?post=3997"}],"curies":[{"name":"wp","href":"https:\/\/api.w.org\/{rel}","templated":true}]}}