{"id":3996,"date":"2021-12-08T15:49:40","date_gmt":"2021-12-08T14:49:40","guid":{"rendered":"https:\/\/jacekplacek.com.pl\/?post_type=product&#038;p=3996"},"modified":"2025-11-18T18:27:20","modified_gmt":"2025-11-18T17:27:20","slug":"piparkakku-joulukuusi","status":"publish","type":"product","link":"https:\/\/jacekplacek.com.pl\/fi\/tallentaa\/babki-i-makowce\/piparkakku-joulukuusi\/","title":{"rendered":"Piparkakku joulukuusi"},"content":{"rendered":"<h1>Lomat - ainutlaatuisten makujen ja perinteiden aika<\/h1>\n<p>Joulu on aikaa, jolloin tavataan perheen kanssa, koristellaan joulukuusi ja nautitaan herkullisista perinteisist\u00e4 leivonnaisista. Mausteiden, kanelin ja hunajan tuoksu seuraa meit\u00e4 valmistautuessamme luoden unohtumattoman tunnelman.<\/p>\n<h2>Piparkakut \u2013 erottamaton osa lomaa<\/h2>\n<p>Piparkakku on yksi tyypillisimpi\u00e4 joululeivonnaisia. Ne ovat dominoineet p\u00f6yti\u00e4 jo vuosia eri muodoissa - piparkakkutaloista aromaattisiin kakkuihin. Niiden makeat ja mausteiset nuotit sopivat t\u00e4ydellisesti talvip\u00e4ivien tunnelmaan.<\/p>\n<h2>Meid\u00e4n kurpitsa-piparkakkumme joulukuusen muotoisia<\/h2>\n<p>Tarjoamme joulukuusen muotoisia joulupiparkakkuja kurpitsalla, jotka sopivat t\u00e4ydellisesti joulup\u00f6yt\u00e4\u00e4n. T\u00e4m\u00e4 mausteinen kakku on rikastettu kurpitsalla, hunajalla ja omalla piparkakkumausteseoksella. Leivontapohja on vehn\u00e4- ja ruisjauhoa, mik\u00e4 antaa sille ainutlaatuisen rakenteen. Makua t\u00e4ydent\u00e4v\u00e4t appelsiinin kuori ja saksanp\u00e4hkin\u00e4t. Koko juttu peitettiin suklaakuorruteella, joka yhdistyy t\u00e4ydellisesti mausteiseen aromiin. Piparkakkumme eiv\u00e4t vain maistu herkulliselta, vaan my\u00f6s n\u00e4ytt\u00e4v\u00e4t kauniilta joulup\u00f6yd\u00e4ll\u00e4.<\/p>\n<h3>Muita valitsemisen arvoisia joulukakkuja<\/h3>\n<p>Etsitk\u00f6 muita joululeivonnaisia? T\u00e4ss\u00e4 ovat ehdotuksemme:<\/p>\n<ul>\n<li><strong>Vegaaninen unikonsiemenkakku<\/strong> \u2013 valmistettu kasviper\u00e4isist\u00e4 ainesosista, unikonsiemenmassasta ja kuivatuista hedelmist\u00e4.<\/li>\n<li><strong>joulukakku<\/strong> \u2013 t\u00e4ynn\u00e4 kuivattuja hedelmi\u00e4 ja p\u00e4hkin\u00f6it\u00e4, t\u00e4ydellinen klassikoiden yst\u00e4ville.<\/li>\n<li><strong>Karpalotorttu valkosuklaalla<\/strong> \u2013 hapanimel\u00e4 torttu kaurapohjalla, jossa on herkk\u00e4 valkosuklaakerma.<\/li>\n<\/ul>\n<p>Tilaa leivonnaisiamme ja nauti ainutlaatuisesta mausta, joka tuo juhlatunnelmaa kotiisi. \ud83c\udf84<\/p>\n<p>L\u00f6yd\u00e4t muitakin ehdotuksia jouluksi\u00a0<strong><a href=\"https:\/\/jacekplacek.com.pl\/fi\/tuotekategoria\/joulu\/\" target=\"_blank\" rel=\"noopener\">t\u00e4ss\u00e4.<\/a><\/strong><\/p>\n<h3>Tuotetiedot:<\/h3>\n<ul>\n<li>Paino noin 250 g.<\/li>\n<li>Pakkaus: paperialusta, suojakalvo<\/li>\n<\/ul>","protected":false},"excerpt":{"rendered":"<h1>Jouluinen piparkakku kurpitsalla joulukuusen muodossa<\/h1>\n<p>Mausteinen kakku kurpitsalla, hunajalla ja omalla piparkakkumausteseoksella, vehn\u00e4- ja ruisjauhopohjainen, rikastettu appelsiininkuorella ja saksanp\u00e4hkin\u00f6ill\u00e4. Suklaakuorruteella peitettyn\u00e4.<\/p>","protected":false},"featured_media":8249,"comment_status":"closed","ping_status":"closed","template":"","meta":{"content-type":""},"product_brand":[],"product_cat":[907,81],"product_tag":[436,664,99,444,96,446,445,449,91,95,97,98],"class_list":{"0":"post-3996","1":"product","2":"type-product","3":"status-publish","4":"has-post-thumbnail","6":"product_cat-ciasta-swiateczne","7":"product_cat-babki-i-makowce","8":"product_tag-choinka","9":"product_tag-ciasta-na-boze-narodzenie","10":"product_tag-ciasto-swiateczne","11":"product_tag-cukiernia-jacek-placek","12":"product_tag-dzem","13":"product_tag-jacek-placek-gdansk","14":"product_tag-jacek-placek-gowino","15":"product_tag-jacek-placek-sopot","16":"product_tag-orzechy-wloskie","17":"product_tag-piernik","18":"product_tag-piernik-z-dzemem","19":"product_tag-swieta","21":"entry","22":"has-media","24":"first","25":"instock","26":"shipping-taxable","27":"product-type-simple","28":"has-product-nav","29":"col","30":"span_1_of_4","31":"owp-content-center","32":"owp-thumbs-layout-horizontal","33":"owp-btn-normal","34":"owp-tabs-layout-horizontal","35":"has-no-thumbnails"},"acf":[],"_links":{"self":[{"href":"https:\/\/jacekplacek.com.pl\/fi\/wp-json\/wp\/v2\/product\/3996","targetHints":{"allow":["GET"]}}],"collection":[{"href":"https:\/\/jacekplacek.com.pl\/fi\/wp-json\/wp\/v2\/product"}],"about":[{"href":"https:\/\/jacekplacek.com.pl\/fi\/wp-json\/wp\/v2\/types\/product"}],"replies":[{"embeddable":true,"href":"https:\/\/jacekplacek.com.pl\/fi\/wp-json\/wp\/v2\/comments?post=3996"}],"wp:featuredmedia":[{"embeddable":true,"href":"https:\/\/jacekplacek.com.pl\/fi\/wp-json\/wp\/v2\/media\/8249"}],"wp:attachment":[{"href":"https:\/\/jacekplacek.com.pl\/fi\/wp-json\/wp\/v2\/media?parent=3996"}],"wp:term":[{"taxonomy":"product_brand","embeddable":true,"href":"https:\/\/jacekplacek.com.pl\/fi\/wp-json\/wp\/v2\/product_brand?post=3996"},{"taxonomy":"product_cat","embeddable":true,"href":"https:\/\/jacekplacek.com.pl\/fi\/wp-json\/wp\/v2\/product_cat?post=3996"},{"taxonomy":"product_tag","embeddable":true,"href":"https:\/\/jacekplacek.com.pl\/fi\/wp-json\/wp\/v2\/product_tag?post=3996"}],"curies":[{"name":"wp","href":"https:\/\/api.w.org\/{rel}","templated":true}]}}