{"id":3980,"date":"2021-12-06T17:24:11","date_gmt":"2021-12-06T16:24:11","guid":{"rendered":"https:\/\/jacekplacek.com.pl\/?post_type=product&#038;p=3980"},"modified":"2025-11-18T18:28:52","modified_gmt":"2025-11-18T17:28:52","slug":"persikkapilvijuustokakku","status":"publish","type":"product","link":"https:\/\/jacekplacek.com.pl\/fi\/tallentaa\/juustokakut-kaikki\/juustokakkuja\/persikkapilvijuustokakku\/","title":{"rendered":"Peach Cloud -juustokakku"},"content":{"rendered":"<p><strong><b>Niille, jotka pit\u00e4v\u00e4t hedelmist\u00e4 suklaan sijaan - eritt\u00e4in onnistunut yhdistelm\u00e4 klassisesta murotaikinalla olevasta juustokakusta, jossa on mehukkaita persikoita siirapissa, jonka p\u00e4\u00e4ll\u00e4 on pilven kevytt\u00e4 marenkikerrosta ja koristeltu muruilla.<\/b><\/strong><\/p>\n<p>Muita juustokakkuja saatavilla <strong><a href=\"https:\/\/jacekplacek.com.pl\/fi\/tuotekategoria\/juustokakut-kaikki\/\" target=\"_blank\" rel=\"noopener\">t\u00e4ss\u00e4.<\/a><\/strong><\/p>","protected":false},"excerpt":{"rendered":"<p>Murotaikinapohja, juustomassa siirapin persikkapaloilla, marenkikerros, kruunu koristeltu pinta.<\/p>","protected":false},"featured_media":4598,"comment_status":"closed","ping_status":"closed","template":"","meta":{"content-type":""},"product_brand":[],"product_cat":[60],"product_tag":[554,444,446,449,61,555,193],"class_list":{"0":"post-3980","1":"product","2":"type-product","3":"status-publish","4":"has-post-thumbnail","6":"product_cat-serniki","7":"product_tag-brzoskwinie","8":"product_tag-cukiernia-jacek-placek","9":"product_tag-jacek-placek-gdansk","10":"product_tag-jacek-placek-sopot","11":"product_tag-sernik","12":"product_tag-sernik-z-beza","13":"product_tag-sernik-z-brzoskwiniami","15":"entry","16":"has-media","18":"first","19":"instock","20":"shipping-taxable","21":"product-type-variable","22":"has-default-attributes","23":"has-product-nav","24":"col","25":"span_1_of_4","26":"owp-content-center","27":"owp-thumbs-layout-horizontal","28":"owp-btn-normal","29":"owp-tabs-layout-horizontal"},"acf":[],"_links":{"self":[{"href":"https:\/\/jacekplacek.com.pl\/fi\/wp-json\/wp\/v2\/product\/3980","targetHints":{"allow":["GET"]}}],"collection":[{"href":"https:\/\/jacekplacek.com.pl\/fi\/wp-json\/wp\/v2\/product"}],"about":[{"href":"https:\/\/jacekplacek.com.pl\/fi\/wp-json\/wp\/v2\/types\/product"}],"replies":[{"embeddable":true,"href":"https:\/\/jacekplacek.com.pl\/fi\/wp-json\/wp\/v2\/comments?post=3980"}],"wp:featuredmedia":[{"embeddable":true,"href":"https:\/\/jacekplacek.com.pl\/fi\/wp-json\/wp\/v2\/media\/4598"}],"wp:attachment":[{"href":"https:\/\/jacekplacek.com.pl\/fi\/wp-json\/wp\/v2\/media?parent=3980"}],"wp:term":[{"taxonomy":"product_brand","embeddable":true,"href":"https:\/\/jacekplacek.com.pl\/fi\/wp-json\/wp\/v2\/product_brand?post=3980"},{"taxonomy":"product_cat","embeddable":true,"href":"https:\/\/jacekplacek.com.pl\/fi\/wp-json\/wp\/v2\/product_cat?post=3980"},{"taxonomy":"product_tag","embeddable":true,"href":"https:\/\/jacekplacek.com.pl\/fi\/wp-json\/wp\/v2\/product_tag?post=3980"}],"curies":[{"name":"wp","href":"https:\/\/api.w.org\/{rel}","templated":true}]}}