{"id":291,"date":"2020-09-09T10:14:53","date_gmt":"2020-09-09T08:14:53","guid":{"rendered":"https:\/\/jacekplacek.com.pl\/?post_type=product&#038;p=291"},"modified":"2025-11-18T18:30:48","modified_gmt":"2025-11-18T17:30:48","slug":"makowiec-helmia","status":"publish","type":"product","link":"https:\/\/jacekplacek.com.pl\/fi\/tallentaa\/babki-i-makowce\/makowiec-helmia\/","title":{"rendered":"Makowiec helmi\u00e4"},"content":{"rendered":"<p>Hiivataikinasta ja klassisesta unikonsiemenmassasta tehty rulla, jossa on runsaasti p\u00e4hkin\u00f6it\u00e4 ja kuivattuja hedelmi\u00e4 (rusinat, p\u00e4hkin\u00e4t, viikunat)<\/p>\n<p>Makowiec on tyypillinen joulukakku puolalaisessa keitti\u00f6ss\u00e4. Perinteen mukaan sen intensiivisen maun ja t\u00e4ytel\u00e4isen t\u00e4ytteen sanotaan tuovan onnea ja hedelm\u00e4llisyytt\u00e4.<\/p>\n<p>&nbsp;<\/p>","protected":false},"excerpt":{"rendered":"<p><span data-sheets-root=\"1\">Unikonsiemenkakku hiivataikinaan k\u00e4\u00e4rittyn\u00e4. 50% taikinasta on unikonsiemenmassaa, jossa on runsaasti kuivattuja hedelmi\u00e4.<\/span><\/p>","protected":false},"featured_media":8036,"comment_status":"closed","ping_status":"closed","template":"","meta":{"content-type":""},"product_brand":[],"product_cat":[81],"product_tag":[99,444,446,445,449,141,142,144,98,143],"class_list":{"0":"post-291","1":"product","2":"type-product","3":"status-publish","4":"has-post-thumbnail","6":"product_cat-babki-i-makowce","7":"product_tag-ciasto-swiateczne","8":"product_tag-cukiernia-jacek-placek","9":"product_tag-jacek-placek-gdansk","10":"product_tag-jacek-placek-gowino","11":"product_tag-jacek-placek-sopot","12":"product_tag-makowiec","13":"product_tag-makowiec-zawijany","14":"product_tag-swiateczne","15":"product_tag-swieta","16":"product_tag-zawijany","18":"entry","19":"has-media","21":"first","22":"instock","23":"shipping-taxable","24":"product-type-variable","25":"has-default-attributes","26":"has-product-nav","27":"col","28":"span_1_of_4","29":"owp-content-center","30":"owp-thumbs-layout-horizontal","31":"owp-btn-normal","32":"owp-tabs-layout-horizontal"},"acf":[],"_links":{"self":[{"href":"https:\/\/jacekplacek.com.pl\/fi\/wp-json\/wp\/v2\/product\/291","targetHints":{"allow":["GET"]}}],"collection":[{"href":"https:\/\/jacekplacek.com.pl\/fi\/wp-json\/wp\/v2\/product"}],"about":[{"href":"https:\/\/jacekplacek.com.pl\/fi\/wp-json\/wp\/v2\/types\/product"}],"replies":[{"embeddable":true,"href":"https:\/\/jacekplacek.com.pl\/fi\/wp-json\/wp\/v2\/comments?post=291"}],"wp:featuredmedia":[{"embeddable":true,"href":"https:\/\/jacekplacek.com.pl\/fi\/wp-json\/wp\/v2\/media\/8036"}],"wp:attachment":[{"href":"https:\/\/jacekplacek.com.pl\/fi\/wp-json\/wp\/v2\/media?parent=291"}],"wp:term":[{"taxonomy":"product_brand","embeddable":true,"href":"https:\/\/jacekplacek.com.pl\/fi\/wp-json\/wp\/v2\/product_brand?post=291"},{"taxonomy":"product_cat","embeddable":true,"href":"https:\/\/jacekplacek.com.pl\/fi\/wp-json\/wp\/v2\/product_cat?post=291"},{"taxonomy":"product_tag","embeddable":true,"href":"https:\/\/jacekplacek.com.pl\/fi\/wp-json\/wp\/v2\/product_tag?post=291"}],"curies":[{"name":"wp","href":"https:\/\/api.w.org\/{rel}","templated":true}]}}