{"id":257,"date":"2020-09-08T13:59:09","date_gmt":"2020-09-08T11:59:09","guid":{"rendered":"https:\/\/jacekplacek.com.pl\/?post_type=product&#038;p=257"},"modified":"2025-11-18T18:26:47","modified_gmt":"2025-11-18T17:26:47","slug":"metsastysnyytit","status":"publish","type":"product","link":"https:\/\/jacekplacek.com.pl\/fi\/tallentaa\/pierogi-i-paszteciki\/jaadytetyt-nyytit\/metsastysnyytit\/","title":{"rendered":"Mets\u00e4stys nyytit"},"content":{"rendered":"<p>Pierogi My\u015bliwskie - liha kaalilla ja sienill\u00e4, ovat ainutlaatuisia kotitekoisia nyytit, jotka on valmistettu vanhan perheen reseptin mukaan tehdyst\u00e4 taikinasta. Niiden upea maku tyydytt\u00e4\u00e4 jokaisen gourmetin. Mykyt on valmistettu korkealaatuisimmista raaka-aineista, joten niiden maku ja aromi ovat ainutlaatuisia.<\/p>\n<p>Tarjoamme niit\u00e4 pakastettuina, noin 0,4 kg painavissa pakkauksissa. Pakkaus sis\u00e4lt\u00e4\u00e4 noin 13 kpl nyyti\u00e4.<\/p>\n<p>Tutustu tarjontaamme ja tunne aitojen kotitekoisten nyytien maku!<\/p>\n<p><strong><a href=\"https:\/\/jacekplacek.com.pl\/fi\/tuotekategoria\/valipalat-ja-nyytit\/jaadytetyt-nyytit\/\">Kutsumme sinut tutustumaan muihin makuihimme.<\/a><\/strong><\/p>","protected":false},"excerpt":{"rendered":"<p>Perinteisest\u00e4 kotitekoisesta taikinasta tehdyt nyytit lihalla, kaalilla ja sienill\u00e4 t\u00e4ytettyn\u00e4. Pakkaus sis\u00e4lt\u00e4\u00e4 noin 13 kpl nyyti\u00e4.<\/p>","protected":false},"featured_media":8549,"comment_status":"closed","ping_status":"closed","template":"","meta":{"content-type":""},"product_brand":[],"product_cat":[82],"product_tag":[108,103,107,111,110,109],"class_list":{"0":"post-257","1":"product","2":"type-product","3":"status-publish","4":"has-post-thumbnail","6":"product_cat-pierogi-mrozone","7":"product_tag-mysliwskie","8":"product_tag-pierogi","9":"product_tag-pierogi-mysliwskie","10":"product_tag-z-grzybami","11":"product_tag-z-kapusta","12":"product_tag-z-miesem","14":"entry","15":"has-media","17":"first","18":"instock","19":"shipping-taxable","20":"product-type-simple","21":"has-product-nav","22":"col","23":"span_1_of_4","24":"owp-content-center","25":"owp-thumbs-layout-horizontal","26":"owp-btn-normal","27":"owp-tabs-layout-horizontal"},"acf":[],"_links":{"self":[{"href":"https:\/\/jacekplacek.com.pl\/fi\/wp-json\/wp\/v2\/product\/257","targetHints":{"allow":["GET"]}}],"collection":[{"href":"https:\/\/jacekplacek.com.pl\/fi\/wp-json\/wp\/v2\/product"}],"about":[{"href":"https:\/\/jacekplacek.com.pl\/fi\/wp-json\/wp\/v2\/types\/product"}],"replies":[{"embeddable":true,"href":"https:\/\/jacekplacek.com.pl\/fi\/wp-json\/wp\/v2\/comments?post=257"}],"wp:featuredmedia":[{"embeddable":true,"href":"https:\/\/jacekplacek.com.pl\/fi\/wp-json\/wp\/v2\/media\/8549"}],"wp:attachment":[{"href":"https:\/\/jacekplacek.com.pl\/fi\/wp-json\/wp\/v2\/media?parent=257"}],"wp:term":[{"taxonomy":"product_brand","embeddable":true,"href":"https:\/\/jacekplacek.com.pl\/fi\/wp-json\/wp\/v2\/product_brand?post=257"},{"taxonomy":"product_cat","embeddable":true,"href":"https:\/\/jacekplacek.com.pl\/fi\/wp-json\/wp\/v2\/product_cat?post=257"},{"taxonomy":"product_tag","embeddable":true,"href":"https:\/\/jacekplacek.com.pl\/fi\/wp-json\/wp\/v2\/product_tag?post=257"}],"curies":[{"name":"wp","href":"https:\/\/api.w.org\/{rel}","templated":true}]}}