{"id":219,"date":"2020-09-08T13:36:08","date_gmt":"2020-09-08T11:36:08","guid":{"rendered":"https:\/\/jacekplacek.com.pl\/?post_type=product&#038;p=219"},"modified":"2025-11-18T18:28:57","modified_gmt":"2025-11-18T17:28:57","slug":"kotitekoinen-siideri","status":"publish","type":"product","link":"https:\/\/jacekplacek.com.pl\/fi\/tallentaa\/hedelma-kakkuja\/kotitekoinen-siideri\/","title":{"rendered":"Kotitekoinen omenapiirakka"},"content":{"rendered":"<p><span style=\"font-weight: 400;\"><strong>Todenn\u00e4k\u00f6isesti maailman kuuluisin kakku. Ja kuinka monta kokkia, niin monta muunnelmaa yhdest\u00e4 alaviitteest\u00e4.<\/strong> <\/span><\/p>\n<p>Perinteisen reseptin mukaan valmistettu murotaikina. Tunne leivonnaisten kotitekoinen maku.<\/p>\n<p><span style=\"font-weight: 400;\">Pohja on valmistettu kevyest\u00e4 murotaikinasta, jonka p\u00e4\u00e4ll\u00e4 on paahdettuja omenoita, joiden mehu valuu alas paiston aikana ja liottaa murokeksipohjan ja p\u00e4\u00e4lle rapeita muruja. Kuumennettuna ja j\u00e4\u00e4tel\u00f6n kanssa tarjoiltuna se on t\u00e4ydellinen j\u00e4lkiruoka kaikkiin tilaisuuksiin.<\/span><\/p>","protected":false},"excerpt":{"rendered":"<p><span data-sheets-root=\"1\">Murotaikinapohja, paahdetun omenat\u00e4yte ja rapea murupohja.<\/span><\/p>","protected":false},"featured_media":10485,"comment_status":"closed","ping_status":"closed","template":"","meta":{"content-type":""},"product_brand":[],"product_cat":[74],"product_tag":[65,86,444,84,87,446,445,449,85,88],"class_list":{"0":"post-219","1":"product","2":"type-product","3":"status-publish","4":"has-post-thumbnail","6":"product_cat-ciasta-owocowe","7":"product_tag-ciasto-kruche","8":"product_tag-ciasto-z-jablkami","9":"product_tag-cukiernia-jacek-placek","10":"product_tag-jablecznik","11":"product_tag-jablecznik-domowy","12":"product_tag-jacek-placek-gdansk","13":"product_tag-jacek-placek-gowino","14":"product_tag-jacek-placek-sopot","15":"product_tag-szarlotka","16":"product_tag-tradycyjna-szarlotka","18":"entry","19":"has-media","21":"first","22":"instock","23":"shipping-taxable","24":"product-type-variable","25":"has-default-attributes","26":"has-product-nav","27":"col","28":"span_1_of_4","29":"owp-content-center","30":"owp-thumbs-layout-horizontal","31":"owp-btn-normal","32":"owp-tabs-layout-horizontal"},"acf":[],"_links":{"self":[{"href":"https:\/\/jacekplacek.com.pl\/fi\/wp-json\/wp\/v2\/product\/219","targetHints":{"allow":["GET"]}}],"collection":[{"href":"https:\/\/jacekplacek.com.pl\/fi\/wp-json\/wp\/v2\/product"}],"about":[{"href":"https:\/\/jacekplacek.com.pl\/fi\/wp-json\/wp\/v2\/types\/product"}],"replies":[{"embeddable":true,"href":"https:\/\/jacekplacek.com.pl\/fi\/wp-json\/wp\/v2\/comments?post=219"}],"wp:featuredmedia":[{"embeddable":true,"href":"https:\/\/jacekplacek.com.pl\/fi\/wp-json\/wp\/v2\/media\/10485"}],"wp:attachment":[{"href":"https:\/\/jacekplacek.com.pl\/fi\/wp-json\/wp\/v2\/media?parent=219"}],"wp:term":[{"taxonomy":"product_brand","embeddable":true,"href":"https:\/\/jacekplacek.com.pl\/fi\/wp-json\/wp\/v2\/product_brand?post=219"},{"taxonomy":"product_cat","embeddable":true,"href":"https:\/\/jacekplacek.com.pl\/fi\/wp-json\/wp\/v2\/product_cat?post=219"},{"taxonomy":"product_tag","embeddable":true,"href":"https:\/\/jacekplacek.com.pl\/fi\/wp-json\/wp\/v2\/product_tag?post=219"}],"curies":[{"name":"wp","href":"https:\/\/api.w.org\/{rel}","templated":true}]}}