{"id":2005,"date":"2021-02-03T20:27:28","date_gmt":"2021-02-03T19:27:28","guid":{"rendered":"https:\/\/jacekplacek.com.pl\/?post_type=product&#038;p=2005"},"modified":"2025-12-16T15:38:40","modified_gmt":"2025-12-16T14:38:40","slug":"murokeksit-auringonkukansiemenilla","status":"publish","type":"product","link":"https:\/\/jacekplacek.com.pl\/fi\/tallentaa\/evasteet-ja-kekseja\/evasteet\/murokeksit-auringonkukansiemenilla\/","title":{"rendered":"FIT vegaaniset keksit"},"content":{"rendered":"<p>Kuinka hienoa yhdist\u00e4\u00e4 murokeksien heikkous yritykseen t\u00e4ydent\u00e4\u00e4 ruokavaliota arvokkailla siemenill\u00e4...<\/p>\n<p><span style=\"font-weight: 400;\">Tutustu ainutlaatuisten FIT-vegaanisten keksiemme upeaan makuun. Huolellisesti valitut ainesosien yhdistelm\u00e4mme tekev\u00e4t n\u00e4ist\u00e4 keksist\u00e4 maistuvan herkulliselta, mutta tarjoavat my\u00f6s lukuisia terveyshy\u00f6tyj\u00e4. <\/span><\/p>\n<p><span style=\"font-weight: 400;\">Viljojen, kuidun ja ravintoaineiden runsaus tekee niist\u00e4 ravitsevia ja t\u00e4ytt\u00e4vi\u00e4. Lis\u00e4ksi niiss\u00e4 on v\u00e4hemm\u00e4n gluteenia ja el\u00e4intuotteita. <span style=\"color: #000000;\">(Erillisen tuotantolinjan puuttuessa tuote saattaa sis\u00e4lt\u00e4\u00e4 j\u00e4\u00e4mi\u00e4 gluteenia ja muita allergeeneja. Kasvin k\u00e4ytt\u00f6tarkoitukset: jauhot, munat, p\u00e4hkin\u00e4t, seesami ja maito, joten jokainen tuote saattaa sis\u00e4lt\u00e4\u00e4 j\u00e4\u00e4mi\u00e4 mainituista allergeeneista, vaikka ei ole mainittu kuvauksessa ja ainesosaluettelossa.)<\/span><\/span><\/p>\n<p><span style=\"font-weight: 400;\">Nauti herkullisesta mausta tinkim\u00e4tt\u00e4 sen hy\u00f6dyllisist\u00e4 ominaisuuksista.<\/span><\/p>\n<p>&nbsp;<\/p>\n<p>&nbsp;<\/p>","protected":false},"excerpt":{"rendered":"<p><span style=\"font-weight: 400;\">Kutsumme sinut maistamaan upeita FIT-vegaanisia keksej\u00e4mme. <\/span><\/p>\n<p><span style=\"font-weight: 400;\">Sen lis\u00e4ksi, ett\u00e4 ne maistuvat herkulliselta, ne tarjoavat my\u00f6s kehollesi tarvittavat ravintoaineet, mik\u00e4 varmistaa, ett\u00e4 voit nauttia sy\u00f6misest\u00e4 terveellisell\u00e4 tavalla.<\/span><\/p>","protected":false},"featured_media":9884,"comment_status":"closed","ping_status":"closed","template":"","meta":{"content-type":""},"product_brand":[],"product_cat":[121],"product_tag":[348,454,444,446,445,449,354,355],"class_list":{"0":"post-2005","1":"product","2":"type-product","3":"status-publish","4":"has-post-thumbnail","6":"product_cat-ciasteczka","7":"product_tag-ciasteczka-kruche","8":"product_tag-ciasteczka-na-wage","9":"product_tag-cukiernia-jacek-placek","10":"product_tag-jacek-placek-gdansk","11":"product_tag-jacek-placek-gowino","12":"product_tag-jacek-placek-sopot","13":"product_tag-z-nasionami","14":"product_tag-ze-slonecznikiem","16":"entry","17":"has-media","19":"first","20":"outofstock","21":"shipping-taxable","22":"product-type-variable","23":"has-default-attributes","24":"has-product-nav","25":"col","26":"span_1_of_4","27":"owp-content-center","28":"owp-thumbs-layout-horizontal","29":"owp-btn-normal","30":"owp-tabs-layout-horizontal"},"acf":[],"_links":{"self":[{"href":"https:\/\/jacekplacek.com.pl\/fi\/wp-json\/wp\/v2\/product\/2005","targetHints":{"allow":["GET"]}}],"collection":[{"href":"https:\/\/jacekplacek.com.pl\/fi\/wp-json\/wp\/v2\/product"}],"about":[{"href":"https:\/\/jacekplacek.com.pl\/fi\/wp-json\/wp\/v2\/types\/product"}],"replies":[{"embeddable":true,"href":"https:\/\/jacekplacek.com.pl\/fi\/wp-json\/wp\/v2\/comments?post=2005"}],"wp:featuredmedia":[{"embeddable":true,"href":"https:\/\/jacekplacek.com.pl\/fi\/wp-json\/wp\/v2\/media\/9884"}],"wp:attachment":[{"href":"https:\/\/jacekplacek.com.pl\/fi\/wp-json\/wp\/v2\/media?parent=2005"}],"wp:term":[{"taxonomy":"product_brand","embeddable":true,"href":"https:\/\/jacekplacek.com.pl\/fi\/wp-json\/wp\/v2\/product_brand?post=2005"},{"taxonomy":"product_cat","embeddable":true,"href":"https:\/\/jacekplacek.com.pl\/fi\/wp-json\/wp\/v2\/product_cat?post=2005"},{"taxonomy":"product_tag","embeddable":true,"href":"https:\/\/jacekplacek.com.pl\/fi\/wp-json\/wp\/v2\/product_tag?post=2005"}],"curies":[{"name":"wp","href":"https:\/\/api.w.org\/{rel}","templated":true}]}}