{"id":185,"date":"2020-09-03T12:53:32","date_gmt":"2020-09-03T10:53:32","guid":{"rendered":"https:\/\/jacekplacek.com.pl\/?post_type=product&#038;p=185"},"modified":"2025-11-18T18:27:22","modified_gmt":"2025-11-18T17:27:22","slug":"herkullisia-minipihveja","status":"publish","type":"product","link":"https:\/\/jacekplacek.com.pl\/fi\/tallentaa\/pierogi-i-paszteciki\/pihvit\/herkullisia-minipihveja\/","title":{"rendered":"Herkullisia minipihvej\u00e4"},"content":{"rendered":"<p>On vaikea kuvitella nykymaailmaa ilman lehtitaikinaa - mit\u00e4p\u00e4 pariisilainen tekisi ilman kahvicroissanttiaan, puhumattakaan paavin kermakakkuista... Puolalaiset puolestaan rakastavat suolaisia lehtitaikinav\u00e4lipaloja, mieluiten puhtaalla borssilla.<\/p>\n<p>1 kg:n pakkauksessa on noin 40 pihvi\u00e4.<\/p>\n<p><span style=\"font-weight: 400;\">Leipomomme k\u00e4ytt\u00e4\u00e4 t\u00e4t\u00e4 levytaikinaa my\u00f6s pinaatilla ja fetajuustolla t\u00e4ytettyj\u00e4 pihvej\u00e4 sek\u00e4 lihaa, kaalia ja sieni\u00e4 sis\u00e4lt\u00e4vi\u00e4 pihvej\u00e4 - niit\u00e4 l\u00f6ytyy<strong><a href=\"https:\/\/jacekplacek.com.pl\/fi\/tuotekategoria\/valipalat-ja-nyytit\/pihvit\/\" target=\"_blank\" rel=\"noopener\"> t\u00e4ss\u00e4\u2026<\/a><\/strong><\/span><\/p>","protected":false},"excerpt":{"rendered":"<p align=\"justify\">Nimens\u00e4 mukaisesti ne maistuvat herkulliselta. Herkullinen yhdistelm\u00e4 kaalia ja sieni\u00e4 - lehtitaikinalla, joka on valmistettu yksinomaan voin kanssa. 1 kg:n pakkauksessa on noin 40 pihvi\u00e4.<\/p>\n<p align=\"justify\">","protected":false},"featured_media":373,"comment_status":"closed","ping_status":"closed","template":"","meta":{"content-type":""},"product_brand":[],"product_cat":[37],"product_tag":[42,444,41,446,445,449,40,50,38,44,43],"class_list":{"0":"post-185","1":"product","2":"type-product","3":"status-publish","4":"has-post-thumbnail","6":"product_cat-paszteciki","7":"product_tag-ciasto-francuskie","8":"product_tag-cukiernia-jacek-placek","9":"product_tag-grzyby","10":"product_tag-jacek-placek-gdansk","11":"product_tag-jacek-placek-gowino","12":"product_tag-jacek-placek-sopot","13":"product_tag-kapusta","14":"product_tag-mini-paszteciki","15":"product_tag-paszteciki","16":"product_tag-pieczarki","17":"product_tag-przekaska","19":"entry","20":"has-media","22":"first","23":"instock","24":"shipping-taxable","25":"product-type-variable","26":"has-default-attributes","27":"has-product-nav","28":"col","29":"span_1_of_4","30":"owp-content-center","31":"owp-thumbs-layout-horizontal","32":"owp-btn-normal","33":"owp-tabs-layout-horizontal"},"acf":[],"_links":{"self":[{"href":"https:\/\/jacekplacek.com.pl\/fi\/wp-json\/wp\/v2\/product\/185","targetHints":{"allow":["GET"]}}],"collection":[{"href":"https:\/\/jacekplacek.com.pl\/fi\/wp-json\/wp\/v2\/product"}],"about":[{"href":"https:\/\/jacekplacek.com.pl\/fi\/wp-json\/wp\/v2\/types\/product"}],"replies":[{"embeddable":true,"href":"https:\/\/jacekplacek.com.pl\/fi\/wp-json\/wp\/v2\/comments?post=185"}],"wp:featuredmedia":[{"embeddable":true,"href":"https:\/\/jacekplacek.com.pl\/fi\/wp-json\/wp\/v2\/media\/373"}],"wp:attachment":[{"href":"https:\/\/jacekplacek.com.pl\/fi\/wp-json\/wp\/v2\/media?parent=185"}],"wp:term":[{"taxonomy":"product_brand","embeddable":true,"href":"https:\/\/jacekplacek.com.pl\/fi\/wp-json\/wp\/v2\/product_brand?post=185"},{"taxonomy":"product_cat","embeddable":true,"href":"https:\/\/jacekplacek.com.pl\/fi\/wp-json\/wp\/v2\/product_cat?post=185"},{"taxonomy":"product_tag","embeddable":true,"href":"https:\/\/jacekplacek.com.pl\/fi\/wp-json\/wp\/v2\/product_tag?post=185"}],"curies":[{"name":"wp","href":"https:\/\/api.w.org\/{rel}","templated":true}]}}