{"id":181,"date":"2020-09-03T12:38:25","date_gmt":"2020-09-03T10:38:25","guid":{"rendered":"https:\/\/jacekplacek.com.pl\/?post_type=product&#038;p=181"},"modified":"2025-11-18T18:26:45","modified_gmt":"2025-11-18T17:26:45","slug":"metsastys-pihvit-kopio","status":"publish","type":"product","link":"https:\/\/jacekplacek.com.pl\/fi\/tallentaa\/pierogi-i-paszteciki\/pihvit\/metsastys-pihvit-kopio\/","title":{"rendered":"Mets\u00e4styspihvit 100g\/kpl"},"content":{"rendered":"<p>On vaikea kuvitella nykymaailmaa ilman lehtitaikinaa - mit\u00e4p\u00e4 pariisilainen tekisi ilman kahvicroissanttiaan, puhumattakaan paavin kermakakkuista... Puolalaiset puolestaan rakastavat suolaisia lehtitaikinav\u00e4lipaloja, mieluiten puhtaalla borssilla.<\/p>\n<p><span style=\"font-weight: 400;\">T\u00e4st\u00e4 lehtitaikinasta tehd\u00e4\u00e4n my\u00f6s makeisissamme pinaatilla ja fetalla t\u00e4ytettyj\u00e4 pihvej\u00e4 sek\u00e4 kaalilla ja sienill\u00e4 - l\u00f6yd\u00e4t<strong><a href=\"https:\/\/jacekplacek.com.pl\/fi\/tuotekategoria\/valipalat-ja-nyytit\/pihvit\/\" target=\"_blank\" rel=\"noopener\"> t\u00e4ss\u00e4\u2026<\/a><\/strong><\/span><\/p>","protected":false},"excerpt":{"rendered":"<p>Maukas v\u00e4lipala lihalla, kaalilla ja sienill\u00e4 - lehtitaikinalla, joka on valmistettu yksinomaan voin kanssa.<\/p>","protected":false},"featured_media":277,"comment_status":"closed","ping_status":"closed","template":"","meta":{"content-type":""},"product_brand":[],"product_cat":[37],"product_tag":[42,444,41,446,445,449,40,39,38,43],"class_list":{"0":"post-181","1":"product","2":"type-product","3":"status-publish","4":"has-post-thumbnail","6":"product_cat-paszteciki","7":"product_tag-ciasto-francuskie","8":"product_tag-cukiernia-jacek-placek","9":"product_tag-grzyby","10":"product_tag-jacek-placek-gdansk","11":"product_tag-jacek-placek-gowino","12":"product_tag-jacek-placek-sopot","13":"product_tag-kapusta","14":"product_tag-mieso","15":"product_tag-paszteciki","16":"product_tag-przekaska","18":"entry","19":"has-media","21":"first","22":"instock","23":"shipping-taxable","24":"product-type-simple","25":"has-product-nav","26":"col","27":"span_1_of_4","28":"owp-content-center","29":"owp-thumbs-layout-horizontal","30":"owp-btn-normal","31":"owp-tabs-layout-horizontal","32":"has-no-thumbnails"},"acf":[],"_links":{"self":[{"href":"https:\/\/jacekplacek.com.pl\/fi\/wp-json\/wp\/v2\/product\/181","targetHints":{"allow":["GET"]}}],"collection":[{"href":"https:\/\/jacekplacek.com.pl\/fi\/wp-json\/wp\/v2\/product"}],"about":[{"href":"https:\/\/jacekplacek.com.pl\/fi\/wp-json\/wp\/v2\/types\/product"}],"replies":[{"embeddable":true,"href":"https:\/\/jacekplacek.com.pl\/fi\/wp-json\/wp\/v2\/comments?post=181"}],"wp:featuredmedia":[{"embeddable":true,"href":"https:\/\/jacekplacek.com.pl\/fi\/wp-json\/wp\/v2\/media\/277"}],"wp:attachment":[{"href":"https:\/\/jacekplacek.com.pl\/fi\/wp-json\/wp\/v2\/media?parent=181"}],"wp:term":[{"taxonomy":"product_brand","embeddable":true,"href":"https:\/\/jacekplacek.com.pl\/fi\/wp-json\/wp\/v2\/product_brand?post=181"},{"taxonomy":"product_cat","embeddable":true,"href":"https:\/\/jacekplacek.com.pl\/fi\/wp-json\/wp\/v2\/product_cat?post=181"},{"taxonomy":"product_tag","embeddable":true,"href":"https:\/\/jacekplacek.com.pl\/fi\/wp-json\/wp\/v2\/product_tag?post=181"}],"curies":[{"name":"wp","href":"https:\/\/api.w.org\/{rel}","templated":true}]}}