{"id":14646,"date":"2024-11-15T13:03:56","date_gmt":"2024-11-15T12:03:56","guid":{"rendered":"https:\/\/jacekplacek.com.pl\/?post_type=product&#038;p=14646"},"modified":"2025-11-18T18:31:26","modified_gmt":"2025-11-18T17:31:26","slug":"japanilainen-unikonsiemenkakku-ilman-jauhoja","status":"publish","type":"product","link":"https:\/\/jacekplacek.com.pl\/fi\/tallentaa\/babki-i-makowce\/japanilainen-unikonsiemenkakku-ilman-jauhoja\/","title":{"rendered":"Japanilainen unikonsiemenkakku \u2013 ilman jauhoja"},"content":{"rendered":"<p><strong>Japanilainen unikonsiemenkakku ilman jauhoja<\/strong> on t\u00e4ydellinen valinta joulup\u00f6yt\u00e4\u00e4n - terveellist\u00e4, kevytt\u00e4 ja samalla t\u00e4ynn\u00e4 perinteisi\u00e4 makuja, jotka liittyv\u00e4t l\u00e4mp\u00f6\u00f6n ja kodikkaan tunnelmaan. Se sopii my\u00f6s erinomaisesti j\u00e4lkiruoaksi erikoistilaisuuksiin tai makeaksi herkuksi kupin kahvin tai teen kanssa. Nauti lomasta t\u00e4ll\u00e4 ainutlaatuisella leivonnaisella, jossa yhdistyv\u00e4t yksinkertaisuus ja hienostuneisuus!<\/p>\n<p>T\u00e4m\u00e4n unikonsiemenkakun pohjana ovat unikonsiemenet, jotka antavat sille t\u00e4ytel\u00e4isen, hieman p\u00e4hkin\u00e4isen luonteen. Luonnollisten ainesosien ansiosta saatu hienovarainen makeus korostaa unikonsiementen makua, ja herkk\u00e4 vaniljatuoksu t\u00e4ydent\u00e4\u00e4 kokonaisuuden. Kevyell\u00e4 suklaakuorruteella tai tomusokerilla koristeltu unikonsiemenkakku n\u00e4ytt\u00e4\u00e4 tyylikk\u00e4\u00e4lt\u00e4 ja herkulliselta.<\/p>","protected":false},"excerpt":{"rendered":"<p><span data-sheets-root=\"1\">Kostea, kuohkea unikonsiemenmassa, jossa kuivattuja hedelmi\u00e4, omena- ja hirssijauhoja sek\u00e4 voimakas manteliaromi. Reseptimme ei sis\u00e4ll\u00e4 jauhoja, joten se on yst\u00e4v\u00e4llinen gluteenia v\u00e4ltt\u00e4ville.<\/span><\/p>","protected":false},"featured_media":14657,"comment_status":"closed","ping_status":"closed","template":"","meta":{"content-type":""},"product_brand":[],"product_cat":[81,907],"product_tag":[557,866,868,867,99,854,444,446,445,449,141,865],"class_list":{"0":"post-14646","1":"product","2":"type-product","3":"status-publish","4":"has-post-thumbnail","6":"product_cat-babki-i-makowce","7":"product_cat-ciasta-swiateczne","8":"product_tag-ciasto-bez-maki","9":"product_tag-ciasto-bezglutenowe","10":"product_tag-ciasto-boze-narodzenie","11":"product_tag-ciasto-specjalistyczne","12":"product_tag-ciasto-swiateczne","13":"product_tag-cukiernia-gdansk","14":"product_tag-cukiernia-jacek-placek","15":"product_tag-jacek-placek-gdansk","16":"product_tag-jacek-placek-gowino","17":"product_tag-jacek-placek-sopot","18":"product_tag-makowiec","19":"product_tag-makowiec-japonski","21":"entry","22":"has-media","24":"first","25":"instock","26":"shipping-taxable","27":"product-type-variable","28":"has-product-nav","29":"col","30":"span_1_of_4","31":"owp-content-center","32":"owp-thumbs-layout-horizontal","33":"owp-btn-normal","34":"owp-tabs-layout-horizontal"},"acf":[],"_links":{"self":[{"href":"https:\/\/jacekplacek.com.pl\/fi\/wp-json\/wp\/v2\/product\/14646","targetHints":{"allow":["GET"]}}],"collection":[{"href":"https:\/\/jacekplacek.com.pl\/fi\/wp-json\/wp\/v2\/product"}],"about":[{"href":"https:\/\/jacekplacek.com.pl\/fi\/wp-json\/wp\/v2\/types\/product"}],"replies":[{"embeddable":true,"href":"https:\/\/jacekplacek.com.pl\/fi\/wp-json\/wp\/v2\/comments?post=14646"}],"wp:featuredmedia":[{"embeddable":true,"href":"https:\/\/jacekplacek.com.pl\/fi\/wp-json\/wp\/v2\/media\/14657"}],"wp:attachment":[{"href":"https:\/\/jacekplacek.com.pl\/fi\/wp-json\/wp\/v2\/media?parent=14646"}],"wp:term":[{"taxonomy":"product_brand","embeddable":true,"href":"https:\/\/jacekplacek.com.pl\/fi\/wp-json\/wp\/v2\/product_brand?post=14646"},{"taxonomy":"product_cat","embeddable":true,"href":"https:\/\/jacekplacek.com.pl\/fi\/wp-json\/wp\/v2\/product_cat?post=14646"},{"taxonomy":"product_tag","embeddable":true,"href":"https:\/\/jacekplacek.com.pl\/fi\/wp-json\/wp\/v2\/product_tag?post=14646"}],"curies":[{"name":"wp","href":"https:\/\/api.w.org\/{rel}","templated":true}]}}