{"id":14627,"date":"2024-11-14T16:50:42","date_gmt":"2024-11-14T15:50:42","guid":{"rendered":"https:\/\/jacekplacek.com.pl\/?post_type=product&#038;p=14627"},"modified":"2025-11-18T18:31:26","modified_gmt":"2025-11-18T17:31:26","slug":"suklaa-piparkakkutorttu","status":"publish","type":"product","link":"https:\/\/jacekplacek.com.pl\/fi\/tallentaa\/tortut\/suklaa-piparkakkutorttu\/","title":{"rendered":"Suklaa-piparkakkutorttu"},"content":{"rendered":"<p>Valmistaudu todelliseen makujuhlaan kanssamme <strong>Suklaa-piparkakkutorttu<\/strong> \u2013 t\u00e4ydellinen yhdistelm\u00e4 syv\u00e4\u00e4 mausteiden aromia ja samettista, intensiivist\u00e4 suklaata. Se on tyylik\u00e4s j\u00e4lkiruoka, jossa yhdistyv\u00e4t perinteiset lomamaut moderniin viimeistelyyn.<\/p>\n<p>T\u00e4m\u00e4n tortun pohja on herkk\u00e4, kostea piparkakkutaikina, joka on luotu omalla mausteseoksellamme. Kaneli, neilikka, muskottip\u00e4hkin\u00e4 ja inkiv\u00e4\u00e4ri l\u00e4p\u00e4isev\u00e4t jokaisen pureman antaen sille erottuvan, l\u00e4mpim\u00e4n aromin, joka saa sinut t\u00e4ydellisesti lomatunnelmaan.<\/p>\n<p>Piparkakkupohjalla on kerros kotitekoista karpalohilloa, joka hieman happamellaan murtaa makeuden t\u00e4ydellisesti ja korostaa maun runsautta. Kokonaisuuden p\u00e4\u00e4ll\u00e4 on tasainen, intensiivinen suklaakuorrutus, joka lis\u00e4\u00e4 j\u00e4lkiruoalle samettista rakennetta ja syvyytt\u00e4 samalla kun se erottuu kauniisti tortun mausteisen luonteen kanssa.<\/p>","protected":false},"excerpt":{"rendered":"<p><span data-sheets-root=\"1\">Piparkakkupohja alkuper\u00e4isell\u00e4 maustesekoituksella, kotitekoisella karpalohillolla ja intensiivisell\u00e4 suklaakuorruteella.<\/span><\/p>","protected":false},"featured_media":14641,"comment_status":"closed","ping_status":"closed","template":"","meta":{"content-type":""},"product_brand":[],"product_cat":[830],"product_tag":[868,99,854,747,831,425,872,834,166,730,733,731,732,734],"class_list":{"0":"post-14627","1":"product","2":"type-product","3":"status-publish","4":"has-post-thumbnail","6":"product_cat-tarty","7":"product_tag-ciasto-boze-narodzenie","8":"product_tag-ciasto-swiateczne","9":"product_tag-cukiernia-gdansk","10":"product_tag-luksusowy-tort","11":"product_tag-slodka-tarta","12":"product_tag-tarta","13":"product_tag-tarta-czekoladowo-piernikowa","14":"product_tag-tarta-slony-karmel","15":"product_tag-tort","16":"product_tag-tort-na-urodziny","17":"product_tag-tort-naturalny","18":"product_tag-tort-urodzinowy","19":"product_tag-torty-naturalne","20":"product_tag-zdrowy-sklad","22":"entry","23":"has-media","25":"first","26":"instock","27":"shipping-taxable","28":"product-type-variable","29":"has-default-attributes","30":"has-product-nav","31":"col","32":"span_1_of_4","33":"owp-content-center","34":"owp-thumbs-layout-horizontal","35":"owp-btn-normal","36":"owp-tabs-layout-horizontal"},"acf":[],"_links":{"self":[{"href":"https:\/\/jacekplacek.com.pl\/fi\/wp-json\/wp\/v2\/product\/14627","targetHints":{"allow":["GET"]}}],"collection":[{"href":"https:\/\/jacekplacek.com.pl\/fi\/wp-json\/wp\/v2\/product"}],"about":[{"href":"https:\/\/jacekplacek.com.pl\/fi\/wp-json\/wp\/v2\/types\/product"}],"replies":[{"embeddable":true,"href":"https:\/\/jacekplacek.com.pl\/fi\/wp-json\/wp\/v2\/comments?post=14627"}],"wp:featuredmedia":[{"embeddable":true,"href":"https:\/\/jacekplacek.com.pl\/fi\/wp-json\/wp\/v2\/media\/14641"}],"wp:attachment":[{"href":"https:\/\/jacekplacek.com.pl\/fi\/wp-json\/wp\/v2\/media?parent=14627"}],"wp:term":[{"taxonomy":"product_brand","embeddable":true,"href":"https:\/\/jacekplacek.com.pl\/fi\/wp-json\/wp\/v2\/product_brand?post=14627"},{"taxonomy":"product_cat","embeddable":true,"href":"https:\/\/jacekplacek.com.pl\/fi\/wp-json\/wp\/v2\/product_cat?post=14627"},{"taxonomy":"product_tag","embeddable":true,"href":"https:\/\/jacekplacek.com.pl\/fi\/wp-json\/wp\/v2\/product_tag?post=14627"}],"curies":[{"name":"wp","href":"https:\/\/api.w.org\/{rel}","templated":true}]}}