{"id":14624,"date":"2024-11-14T16:50:40","date_gmt":"2024-11-14T15:50:40","guid":{"rendered":"https:\/\/jacekplacek.com.pl\/?post_type=product&#038;p=14624"},"modified":"2025-11-18T18:31:26","modified_gmt":"2025-11-18T17:31:26","slug":"kahlua-unikonsiementorttu","status":"publish","type":"product","link":"https:\/\/jacekplacek.com.pl\/fi\/tallentaa\/tortut\/kahlua-unikonsiementorttu\/","title":{"rendered":"Unikonsiementorttu Kahlua kermalla"},"content":{"rendered":"<p><strong>Unikonsiementorttu Kahlua kermalla<\/strong> T\u00e4m\u00e4 harmoninen unikonsiementen ja kahvikerman yhdistelm\u00e4 yll\u00e4tt\u00e4\u00e4 sinut maullisuudellaan ja eleganssillaan, ja siit\u00e4 tulee jokaisen joulup\u00f6yd\u00e4n koristelu.<\/p>\n<p>Herkk\u00e4, murokeinen kirpe\u00e4 taikina luo ihanteellisen pohjan kostealle ja aromaattiselle unikonsiemenmassalle, joka on valmistettu korkealaatuisimmista unikonsiemenist\u00e4. T\u00e4ytett\u00e4 t\u00e4ydent\u00e4\u00e4 Kahlua-lik\u00f6\u00f6ripohjainen kerma, joka lis\u00e4\u00e4 j\u00e4lkiruokaan hienostunutta kahvin syvyytt\u00e4 ja samettista rakennetta. Kokonaisuuden p\u00e4\u00e4ll\u00e4 on kevyt koriste, joka lis\u00e4\u00e4 j\u00e4lkiruokaan juhlallista luonnetta.<\/p>\n<p><strong>Unikonsiementorttu Kahlua kermalla<\/strong> on erinomainen valinta ainutlaatuisten j\u00e4lkiruokien yst\u00e4ville, joissa perinteiset maut yhdistyv\u00e4t moderneihin aksentteihin. Se sopii t\u00e4ydellisesti houkuttelevaksi lis\u00e4kkeeksi joulukahviin, tapa ilahduttaa vieraita tai ainutlaatuinen, makea lahja l\u00e4heisillesi. Jos etsit jotain, joka tekee lomastasi erottuvan, t\u00e4m\u00e4 torttu on unohtumaton valinta.<\/p>","protected":false},"excerpt":{"rendered":"<p><strong>Unikonsiementorttu Kahlua kermalla<\/strong> on ainutlaatuinen j\u00e4lkiruoka, jossa yhdistyy perinteinen unikonsiementen maku, ripaus kermaa, jossa kahvin maku ja aromi.<\/p>","protected":false},"featured_media":14630,"comment_status":"closed","ping_status":"closed","template":"","meta":{"content-type":""},"product_brand":[],"product_cat":[830],"product_tag":[878,877,99,854,831,425,876,875,166,730,733,731,732,734],"class_list":{"0":"post-14624","1":"product","2":"type-product","3":"status-publish","4":"has-post-thumbnail","6":"product_cat-tarty","7":"product_tag-ciasto-na-boze-narodzenie","8":"product_tag-ciasto-na-swieta","9":"product_tag-ciasto-swiateczne","10":"product_tag-cukiernia-gdansk","11":"product_tag-slodka-tarta","12":"product_tag-tarta","13":"product_tag-tarta-makowa","14":"product_tag-tarta-makowa-z-kremem-kahlua","15":"product_tag-tort","16":"product_tag-tort-na-urodziny","17":"product_tag-tort-naturalny","18":"product_tag-tort-urodzinowy","19":"product_tag-torty-naturalne","20":"product_tag-zdrowy-sklad","22":"entry","23":"has-media","25":"first","26":"instock","27":"shipping-taxable","28":"product-type-variable","29":"has-default-attributes","30":"has-product-nav","31":"col","32":"span_1_of_4","33":"owp-content-center","34":"owp-thumbs-layout-horizontal","35":"owp-btn-normal","36":"owp-tabs-layout-horizontal"},"acf":[],"_links":{"self":[{"href":"https:\/\/jacekplacek.com.pl\/fi\/wp-json\/wp\/v2\/product\/14624","targetHints":{"allow":["GET"]}}],"collection":[{"href":"https:\/\/jacekplacek.com.pl\/fi\/wp-json\/wp\/v2\/product"}],"about":[{"href":"https:\/\/jacekplacek.com.pl\/fi\/wp-json\/wp\/v2\/types\/product"}],"replies":[{"embeddable":true,"href":"https:\/\/jacekplacek.com.pl\/fi\/wp-json\/wp\/v2\/comments?post=14624"}],"wp:featuredmedia":[{"embeddable":true,"href":"https:\/\/jacekplacek.com.pl\/fi\/wp-json\/wp\/v2\/media\/14630"}],"wp:attachment":[{"href":"https:\/\/jacekplacek.com.pl\/fi\/wp-json\/wp\/v2\/media?parent=14624"}],"wp:term":[{"taxonomy":"product_brand","embeddable":true,"href":"https:\/\/jacekplacek.com.pl\/fi\/wp-json\/wp\/v2\/product_brand?post=14624"},{"taxonomy":"product_cat","embeddable":true,"href":"https:\/\/jacekplacek.com.pl\/fi\/wp-json\/wp\/v2\/product_cat?post=14624"},{"taxonomy":"product_tag","embeddable":true,"href":"https:\/\/jacekplacek.com.pl\/fi\/wp-json\/wp\/v2\/product_tag?post=14624"}],"curies":[{"name":"wp","href":"https:\/\/api.w.org\/{rel}","templated":true}]}}