{"id":14587,"date":"2024-11-14T15:42:53","date_gmt":"2024-11-14T14:42:53","guid":{"rendered":"https:\/\/jacekplacek.com.pl\/?post_type=product&#038;p=14587"},"modified":"2025-11-18T18:31:26","modified_gmt":"2025-11-18T17:31:26","slug":"vegaanisia-piparkakkuja","status":"publish","type":"product","link":"https:\/\/jacekplacek.com.pl\/fi\/tallentaa\/babki-i-makowce\/vegaanisia-piparkakkuja\/","title":{"rendered":"Piparkakku luumuhillolla \u2013 vegaaninen kakku"},"content":{"rendered":"<p>Meid\u00e4n <strong>Piparkakku luumuhillolla<\/strong> on vegaaninen tulkinta klassisesta joulukakusta, joka ilahduttaa syv\u00e4ll\u00e4 maullaan ja tuoksullaan. Kostea, voimakkaasti mausteinen, rikastettu luumuhillomme luonnollisella makeudella. T\u00e4m\u00e4 piparkakku on t\u00e4ydellinen yhdistelm\u00e4 perinteisi\u00e4 makuja ja kasviper\u00e4isi\u00e4 ainesosia, jonka avulla jokainen voi nauttia joululeivonnaisista tinkim\u00e4tt\u00e4.<\/p>\n<p>Piparkakku luumuhillolla <span style=\"font-weight: 400;\"> omaa tuotantoa <\/span>se on poikkeuksellisen aromaattinen, ja mausteiset nuotit harmonisoituvat ihanasti luumujen syv\u00e4n maun kanssa luoden kodikkaan, juhlavan tunnelman. <span style=\"font-weight: 400;\">Makeutettu taikina <strong>agavesiirappia ja Muscovado-sokeria<\/strong>, ja h\u00e4nen v<\/span>Vegaaninen resepti tekee kakusta paitsi terveellisen, my\u00f6s sopivan el\u00e4inper\u00e4isi\u00e4 tuotteita v\u00e4ltt\u00e4ville ihmisille, mausta ja koostumuksesta tinkim\u00e4tt\u00e4.<\/p>","protected":false},"excerpt":{"rendered":"<p><strong>Vegaaninen piparkakku luumuhillolla<\/strong>\u00a0\u2013 t\u00e4m\u00e4 kakku sopii t\u00e4ydellisesti joulup\u00f6yt\u00e4\u00e4n \u2013 niin vegaaneille kuin kaikille, jotka haluavat kokeilla modernia versiota perinteisest\u00e4 leivonnasta \u2013 sen vegaaninen versio tekee siit\u00e4 ihanteellisen valinnan juhlimaan l\u00e4heisten kanssa.<\/p>","protected":false},"featured_media":14593,"comment_status":"closed","ping_status":"closed","template":"","meta":{"content-type":""},"product_brand":[],"product_cat":[81,907],"product_tag":[452,444,446,445,449,846],"class_list":{"0":"post-14587","1":"product","2":"type-product","3":"status-publish","4":"has-post-thumbnail","6":"product_cat-babki-i-makowce","7":"product_cat-ciasta-swiateczne","8":"product_tag-ciasto-weganskie","9":"product_tag-cukiernia-jacek-placek","10":"product_tag-jacek-placek-gdansk","11":"product_tag-jacek-placek-gowino","12":"product_tag-jacek-placek-sopot","13":"product_tag-piernik-z-powidlami-sliwkowymi","15":"entry","16":"has-media","18":"first","19":"instock","20":"shipping-taxable","21":"product-type-variable","22":"has-product-nav","23":"col","24":"span_1_of_4","25":"owp-content-center","26":"owp-thumbs-layout-horizontal","27":"owp-btn-normal","28":"owp-tabs-layout-horizontal"},"acf":[],"_links":{"self":[{"href":"https:\/\/jacekplacek.com.pl\/fi\/wp-json\/wp\/v2\/product\/14587","targetHints":{"allow":["GET"]}}],"collection":[{"href":"https:\/\/jacekplacek.com.pl\/fi\/wp-json\/wp\/v2\/product"}],"about":[{"href":"https:\/\/jacekplacek.com.pl\/fi\/wp-json\/wp\/v2\/types\/product"}],"replies":[{"embeddable":true,"href":"https:\/\/jacekplacek.com.pl\/fi\/wp-json\/wp\/v2\/comments?post=14587"}],"wp:featuredmedia":[{"embeddable":true,"href":"https:\/\/jacekplacek.com.pl\/fi\/wp-json\/wp\/v2\/media\/14593"}],"wp:attachment":[{"href":"https:\/\/jacekplacek.com.pl\/fi\/wp-json\/wp\/v2\/media?parent=14587"}],"wp:term":[{"taxonomy":"product_brand","embeddable":true,"href":"https:\/\/jacekplacek.com.pl\/fi\/wp-json\/wp\/v2\/product_brand?post=14587"},{"taxonomy":"product_cat","embeddable":true,"href":"https:\/\/jacekplacek.com.pl\/fi\/wp-json\/wp\/v2\/product_cat?post=14587"},{"taxonomy":"product_tag","embeddable":true,"href":"https:\/\/jacekplacek.com.pl\/fi\/wp-json\/wp\/v2\/product_tag?post=14587"}],"curies":[{"name":"wp","href":"https:\/\/api.w.org\/{rel}","templated":true}]}}