{"id":14578,"date":"2024-11-14T15:29:26","date_gmt":"2024-11-14T14:29:26","guid":{"rendered":"https:\/\/jacekplacek.com.pl\/?post_type=product&#038;p=14578"},"modified":"2025-11-18T18:31:21","modified_gmt":"2025-11-18T17:31:21","slug":"piparkakkuja-hillolla","status":"publish","type":"product","link":"https:\/\/jacekplacek.com.pl\/fi\/tallentaa\/babki-i-makowce\/piparkakkuja-hillolla\/","title":{"rendered":"Piparkakku hillolla"},"content":{"rendered":"<div class=\"flex-shrink-0 flex flex-col relative items-end\">\n<div class=\"pt-0\">\n<div class=\"gizmo-bot-avatar flex h-8 w-8 items-center justify-center overflow-hidden rounded-full\">\n<div class=\"relative p-1 rounded-sm flex items-center justify-center bg-token-main-surface-primary text-token-text-primary h-8 w-8\">\n<h1>Lomat \u2013 perinteiden ja ainutlaatuisten makujen aikaa<\/h1>\n<p>Joulu on erityist\u00e4 aikaa, t\u00e4ynn\u00e4 perhejuhlia, kauniita koristeita ja aromaattisia leivonnaisia. Mik\u00e4\u00e4n ei tuo sinua lomatunnelmaan kuin mausteiden ja makeiden kakkujen tuoksu, joka leijailee kotonasi.<\/p>\n<h2><\/h2>\n<h2>Piparkakut \u2013 joulun maku ja tuoksu<\/h2>\n<p>Piparkakku on leivottu tuote, jolla on syv\u00e4lle juurtuneet perinteet ja joka on ollut juhlapyhien symboli vuosisatojen ajan. Niiden mausteinen tuoksu, joka on t\u00e4ynn\u00e4 kanelia, neilikkaa ja inkiv\u00e4\u00e4ri\u00e4, vie meid\u00e4t joulun maagiseen tunnelmaan. Perinne t\u00e4ytt\u00e4\u00e4 piparkakut hedelm\u00e4hillolla tai marmeladilla juontaa juurensa aikoihin, jolloin makeat lis\u00e4ykset olivat herkkuja. Hedelm\u00e4t\u00e4yte ei vain lis\u00e4nnyt makua, vaan my\u00f6s pitkitt\u00e4nyt leivonnaisten tuoreutta, jolloin kakku pysyy kosteana ja pehme\u00e4n\u00e4 pidemp\u00e4\u00e4n.<\/p>\n<p>Nyky\u00e4\u00e4n piparkakut hillolla on yhdistelm\u00e4 klassista hedelm\u00e4isell\u00e4 aksentilla, joka aina ilahduttaa yksinkertaisuudellaan ja maullaan. T\u00e4m\u00e4 on yksi niist\u00e4 leivonnaisista, jossa yhdistyv\u00e4t perinteet ja toimivuus, joten se on t\u00e4ydellinen valinta juhlap\u00f6yt\u00e4\u00e4n.<\/p>\n<h2><\/h2>\n<h2>Piparkakku hillolla \u2013 poikkeuksellinen maku ja kosteus<\/h2>\n<p>Piparkakkumme hillolla on t\u00e4ydellinen yhdistelm\u00e4 perinteist\u00e4 kakkua hedelm\u00e4isell\u00e4 aksentilla. Klassisen piparkakun, mansikkahillon ja suklaakuorrutuksen yhdistelm\u00e4n ansiosta leivottu tuote erottuu maultaan ja koostumukseltaan.<\/p>\n<h3><strong>Piparkakkujemme erikoisominaisuudet:<\/strong><\/h3>\n<ul>\n<li><strong>Mausteinen kakku<\/strong> \u2013 aromaattinen, perustuu kaneliin, neilikkaan ja hunajaan.<\/li>\n<li><strong>Hedelmien t\u00e4yte<\/strong> \u2013 mansikkamarmeladi, joka lis\u00e4\u00e4 kosteutta ja herkk\u00e4\u00e4 makeutta.<\/li>\n<li><strong>Suklaakuorrute<\/strong> \u2013 sile\u00e4, intensiivinen maku, sopii t\u00e4ydellisesti piparkakkujen kanssa.<\/li>\n<li><strong>Se pysyy tuoreena pitk\u00e4\u00e4n<\/strong> \u2013 hillon ansiosta piparkakut pysyv\u00e4t pehmein\u00e4 ja kosteana monta p\u00e4iv\u00e4\u00e4.<\/li>\n<\/ul>\n<p>Se on t\u00e4ydellinen valinta kaikille, jotka etsiv\u00e4t perinteist\u00e4 leivontaa, jossa on ripauksen hedelm\u00e4isyytt\u00e4.<\/p>\n<h3><\/h3>\n<h3>Loman aikana muistamisen arvoisia kakkuja<\/h3>\n<p>Joulup\u00f6yt\u00e4 ei voi olla t\u00e4ydellinen ilman erilaisia makeisia, jotka ovat seuranneet joulua vuosia. Hedelm\u00e4t\u00e4ytteisten piparkakkujen lis\u00e4ksi kannattaa kurkottaa:<\/p>\n<ul>\n<li><strong>Unikonsiemenkakkuja<\/strong> \u2013 t\u00e4ynn\u00e4 aromaattisia unikonsiemeni\u00e4 ja kuivattuja hedelmi\u00e4, jotka ovat jouluperinteen symboli.<\/li>\n<li><strong>Juustokakut<\/strong> \u2013 kermainen ja herkk\u00e4, t\u00e4ydellinen klassisen leivonnaisen yst\u00e4ville.<\/li>\n<li><strong>Kakut<\/strong> \u2013 runsaasti kuivattuja hedelmi\u00e4 ja p\u00e4hkin\u00f6it\u00e4, jotka sopivat t\u00e4ydellisesti lomatunnelmaan.<\/li>\n<li><strong>Kakut ja tortut<\/strong> \u2013 moderneja j\u00e4lkiruokia, jotka ilahduttavat ulkon\u00e4\u00f6ll\u00e4\u00e4n ja poikkeuksellisella maullaan.<\/li>\n<\/ul>\n<p>Valitse erilaisista leivonnaisista, jotka tuovat kotiisi ainutlaatuisen lomatunnelman ja tyydytt\u00e4v\u00e4t jokaisen vieraan maun! \ud83c\udf84<\/p>\n<p>L\u00f6yd\u00e4t muitakin ehdotuksia jouluksi\u00a0<strong><a href=\"https:\/\/jacekplacek.com.pl\/fi\/tuotekategoria\/joulu\/\" target=\"_blank\" rel=\"noopener\">t\u00e4ss\u00e4.<\/a><\/strong><\/p>\n<\/div>\n<p>&nbsp;<\/p>\n<\/div>\n<\/div>\n<\/div>","protected":false},"excerpt":{"rendered":"<p><strong>Piparkakkuja hillolla<\/strong><\/p>\n<p><span data-sheets-root=\"1\">Klassinen piparkakku, joka t\u00e4ytet\u00e4\u00e4n mansikkahillolla ja p\u00e4\u00e4ll\u00e4 suklaalla. Hillon ansiosta se on kostea, pehme\u00e4 ja pysyy tuoreena pitk\u00e4\u00e4n.<\/span><\/p>","protected":false},"featured_media":11694,"comment_status":"closed","ping_status":"closed","template":"","meta":{"content-type":""},"product_brand":[],"product_cat":[907,81],"product_tag":[444,446,445,449,95],"class_list":{"0":"post-14578","1":"product","2":"type-product","3":"status-publish","4":"has-post-thumbnail","6":"product_cat-ciasta-swiateczne","7":"product_cat-babki-i-makowce","8":"product_tag-cukiernia-jacek-placek","9":"product_tag-jacek-placek-gdansk","10":"product_tag-jacek-placek-gowino","11":"product_tag-jacek-placek-sopot","12":"product_tag-piernik","14":"entry","15":"has-media","17":"first","18":"instock","19":"shipping-taxable","20":"product-type-variable","21":"has-product-nav","22":"col","23":"span_1_of_4","24":"owp-content-center","25":"owp-thumbs-layout-horizontal","26":"owp-btn-normal","27":"owp-tabs-layout-horizontal","28":"has-no-thumbnails"},"acf":[],"_links":{"self":[{"href":"https:\/\/jacekplacek.com.pl\/fi\/wp-json\/wp\/v2\/product\/14578","targetHints":{"allow":["GET"]}}],"collection":[{"href":"https:\/\/jacekplacek.com.pl\/fi\/wp-json\/wp\/v2\/product"}],"about":[{"href":"https:\/\/jacekplacek.com.pl\/fi\/wp-json\/wp\/v2\/types\/product"}],"replies":[{"embeddable":true,"href":"https:\/\/jacekplacek.com.pl\/fi\/wp-json\/wp\/v2\/comments?post=14578"}],"wp:featuredmedia":[{"embeddable":true,"href":"https:\/\/jacekplacek.com.pl\/fi\/wp-json\/wp\/v2\/media\/11694"}],"wp:attachment":[{"href":"https:\/\/jacekplacek.com.pl\/fi\/wp-json\/wp\/v2\/media?parent=14578"}],"wp:term":[{"taxonomy":"product_brand","embeddable":true,"href":"https:\/\/jacekplacek.com.pl\/fi\/wp-json\/wp\/v2\/product_brand?post=14578"},{"taxonomy":"product_cat","embeddable":true,"href":"https:\/\/jacekplacek.com.pl\/fi\/wp-json\/wp\/v2\/product_cat?post=14578"},{"taxonomy":"product_tag","embeddable":true,"href":"https:\/\/jacekplacek.com.pl\/fi\/wp-json\/wp\/v2\/product_tag?post=14578"}],"curies":[{"name":"wp","href":"https:\/\/api.w.org\/{rel}","templated":true}]}}