{"id":14575,"date":"2024-11-14T15:12:02","date_gmt":"2024-11-14T14:12:02","guid":{"rendered":"https:\/\/jacekplacek.com.pl\/?post_type=product&#038;p=14575"},"modified":"2025-11-18T18:31:21","modified_gmt":"2025-11-18T17:31:21","slug":"piparkakkuja-kirsikoilla","status":"publish","type":"product","link":"https:\/\/jacekplacek.com.pl\/fi\/tallentaa\/babki-i-makowce\/piparkakkuja-kirsikoilla\/","title":{"rendered":"Piparkakkuja kirsikoilla"},"content":{"rendered":"<p>Tutustu loman makuun ainutlaatuisella <strong>Piparkakku kirsikan kanssa<\/strong>! T\u00e4ss\u00e4 aromaattisessa leivonnaisessa yhdistyv\u00e4t klassiset mausteet ja kirsikoiden intensiivinen, hieman hapan maku luoden ainutlaatuisen koostumuksen, joka ilahduttaa kaikkien makean yst\u00e4vien makua. Piparkakkumme kirsikalla on t\u00e4ydellinen valinta niille, jotka etsiv\u00e4t klassikkoa uudessa, virkistyneess\u00e4 versiossa. Kirsikat lis\u00e4\u00e4v\u00e4t kakkuun kosteutta, jolloin piparkakut ovat herkki\u00e4 ja suussa sulavia. <strong>T\u00e4ydellinen joulup\u00f6yt\u00e4\u00e4n ja lahjaksi<\/strong> \u2013 n\u00e4ytt\u00e4\u00e4 kauniilta p\u00f6yd\u00e4ll\u00e4 ja sen maku j\u00e4\u00e4 vieraiden mieleen pitk\u00e4\u00e4n.<\/p>\n<p>&nbsp;<\/p>\n<p>&nbsp;<\/p>","protected":false},"excerpt":{"rendered":"<p><strong>Piparkakku kirsikan kanssa<\/strong> se on todellinen jouluilo - mehukkaiden kirsikoiden lis\u00e4\u00e4minen rikkoo kakun makeuden ja antaa sille ainutlaatuisen, hedelm\u00e4isen aksentin, joka on t\u00e4ydellisess\u00e4 kontrastissa mausteiden syv\u00e4n maun kanssa.<\/p>","protected":false},"featured_media":14731,"comment_status":"closed","ping_status":"closed","template":"","meta":{"content-type":""},"product_brand":[],"product_cat":[907,81],"product_tag":[845,444,446,445,449,95,435],"class_list":{"0":"post-14575","1":"product","2":"type-product","3":"status-publish","4":"has-post-thumbnail","6":"product_cat-ciasta-swiateczne","7":"product_cat-babki-i-makowce","8":"product_tag-ciasto-dyniowe","9":"product_tag-cukiernia-jacek-placek","10":"product_tag-jacek-placek-gdansk","11":"product_tag-jacek-placek-gowino","12":"product_tag-jacek-placek-sopot","13":"product_tag-piernik","14":"product_tag-piernik-z-dynia","16":"entry","17":"has-media","19":"first","20":"instock","21":"shipping-taxable","22":"product-type-variable","23":"has-default-attributes","24":"has-product-nav","25":"col","26":"span_1_of_4","27":"owp-content-center","28":"owp-thumbs-layout-horizontal","29":"owp-btn-normal","30":"owp-tabs-layout-horizontal"},"acf":[],"_links":{"self":[{"href":"https:\/\/jacekplacek.com.pl\/fi\/wp-json\/wp\/v2\/product\/14575","targetHints":{"allow":["GET"]}}],"collection":[{"href":"https:\/\/jacekplacek.com.pl\/fi\/wp-json\/wp\/v2\/product"}],"about":[{"href":"https:\/\/jacekplacek.com.pl\/fi\/wp-json\/wp\/v2\/types\/product"}],"replies":[{"embeddable":true,"href":"https:\/\/jacekplacek.com.pl\/fi\/wp-json\/wp\/v2\/comments?post=14575"}],"wp:featuredmedia":[{"embeddable":true,"href":"https:\/\/jacekplacek.com.pl\/fi\/wp-json\/wp\/v2\/media\/14731"}],"wp:attachment":[{"href":"https:\/\/jacekplacek.com.pl\/fi\/wp-json\/wp\/v2\/media?parent=14575"}],"wp:term":[{"taxonomy":"product_brand","embeddable":true,"href":"https:\/\/jacekplacek.com.pl\/fi\/wp-json\/wp\/v2\/product_brand?post=14575"},{"taxonomy":"product_cat","embeddable":true,"href":"https:\/\/jacekplacek.com.pl\/fi\/wp-json\/wp\/v2\/product_cat?post=14575"},{"taxonomy":"product_tag","embeddable":true,"href":"https:\/\/jacekplacek.com.pl\/fi\/wp-json\/wp\/v2\/product_tag?post=14575"}],"curies":[{"name":"wp","href":"https:\/\/api.w.org\/{rel}","templated":true}]}}