{"id":14572,"date":"2024-11-14T15:11:59","date_gmt":"2024-11-14T14:11:59","guid":{"rendered":"https:\/\/jacekplacek.com.pl\/?post_type=product&#038;p=14572"},"modified":"2025-11-18T18:31:21","modified_gmt":"2025-11-18T17:31:21","slug":"porkkana-piparkakkuja","status":"publish","type":"product","link":"https:\/\/jacekplacek.com.pl\/fi\/tallentaa\/babki-i-makowce\/porkkana-piparkakkuja\/","title":{"rendered":"Piparkakku Porkkana"},"content":{"rendered":"<p>Meid\u00e4n <strong>Porkkana Piparkakku<\/strong> on ainutlaatuinen leivonnainen, jossa yhdistyv\u00e4t mausteiset aromit porkkanan luonnolliseen makeuteen, mik\u00e4 lis\u00e4\u00e4 keveytt\u00e4 ja hieman raikkautta perinteiseen joulumakuun. T\u00e4m\u00e4 piparkakku on loistava valinta niille, jotka haluavat jotain uutta, mutta silti l\u00e4hell\u00e4 jouluklassikoita.<\/p>\n<p>Tuoreet porkkanat antavat piparkakulle herk\u00e4n makeuden ja luonnollisen aromin korostaen samalla sen kosteutta, ja lis\u00e4ksi erinomaisena kuidun l\u00e4hteen\u00e4 tukevat ruuansulatusta ja tekev\u00e4t t\u00e4st\u00e4 leivonnaisesta terveellisen vaihtoehdon lomalle. Ripaus kanelia, neilikkaa ja ripaus inkiv\u00e4\u00e4ri\u00e4 luovat t\u00e4ydellisen tasapainoisen maun, joka t\u00e4ytt\u00e4\u00e4 kotisi joulun tuoksulla.<\/p>\n<p>&nbsp;<\/p>","protected":false},"excerpt":{"rendered":"<p><strong>Porkkana Piparkakku<\/strong> Toimii hyvin herkullisena jouluj\u00e4lkiruoana, lahjana l\u00e4heisille tai terveellisen\u00e4 v\u00e4lipalana talvi-iltoina. Yhdistelm\u00e4 perinteit\u00e4 ja ripaus modernia tekee siit\u00e4 t\u00e4ydellisen valinnan t\u00e4m\u00e4n vuoden lomalle!<\/p>","protected":false},"featured_media":14738,"comment_status":"closed","ping_status":"closed","template":"","meta":{"content-type":""},"product_brand":[],"product_cat":[907,81],"product_tag":[845,444,446,445,449,95,435],"class_list":{"0":"post-14572","1":"product","2":"type-product","3":"status-publish","4":"has-post-thumbnail","6":"product_cat-ciasta-swiateczne","7":"product_cat-babki-i-makowce","8":"product_tag-ciasto-dyniowe","9":"product_tag-cukiernia-jacek-placek","10":"product_tag-jacek-placek-gdansk","11":"product_tag-jacek-placek-gowino","12":"product_tag-jacek-placek-sopot","13":"product_tag-piernik","14":"product_tag-piernik-z-dynia","16":"entry","17":"has-media","19":"first","20":"instock","21":"shipping-taxable","22":"product-type-variable","23":"has-default-attributes","24":"has-product-nav","25":"col","26":"span_1_of_4","27":"owp-content-center","28":"owp-thumbs-layout-horizontal","29":"owp-btn-normal","30":"owp-tabs-layout-horizontal"},"acf":[],"_links":{"self":[{"href":"https:\/\/jacekplacek.com.pl\/fi\/wp-json\/wp\/v2\/product\/14572","targetHints":{"allow":["GET"]}}],"collection":[{"href":"https:\/\/jacekplacek.com.pl\/fi\/wp-json\/wp\/v2\/product"}],"about":[{"href":"https:\/\/jacekplacek.com.pl\/fi\/wp-json\/wp\/v2\/types\/product"}],"replies":[{"embeddable":true,"href":"https:\/\/jacekplacek.com.pl\/fi\/wp-json\/wp\/v2\/comments?post=14572"}],"wp:featuredmedia":[{"embeddable":true,"href":"https:\/\/jacekplacek.com.pl\/fi\/wp-json\/wp\/v2\/media\/14738"}],"wp:attachment":[{"href":"https:\/\/jacekplacek.com.pl\/fi\/wp-json\/wp\/v2\/media?parent=14572"}],"wp:term":[{"taxonomy":"product_brand","embeddable":true,"href":"https:\/\/jacekplacek.com.pl\/fi\/wp-json\/wp\/v2\/product_brand?post=14572"},{"taxonomy":"product_cat","embeddable":true,"href":"https:\/\/jacekplacek.com.pl\/fi\/wp-json\/wp\/v2\/product_cat?post=14572"},{"taxonomy":"product_tag","embeddable":true,"href":"https:\/\/jacekplacek.com.pl\/fi\/wp-json\/wp\/v2\/product_tag?post=14572"}],"curies":[{"name":"wp","href":"https:\/\/api.w.org\/{rel}","templated":true}]}}