{"id":1449,"date":"2020-11-30T14:14:51","date_gmt":"2020-11-30T13:14:51","guid":{"rendered":"https:\/\/jacekplacek.com.pl\/?post_type=product&#038;p=1449"},"modified":"2025-11-18T18:27:09","modified_gmt":"2025-11-18T17:27:09","slug":"rommi-suklaabagaderka","status":"publish","type":"product","link":"https:\/\/jacekplacek.com.pl\/fi\/tallentaa\/evasteet-ja-kekseja\/taidekakkuja\/rommi-suklaabagaderka\/","title":{"rendered":"Bageli suklaalla"},"content":{"rendered":"<p>Bajaderka keksittiin Varsovan konditorialiikkeiss\u00e4 hullulla 1920-luvulla. Jos sanotaan, ett\u00e4 se on j\u00e4\u00e4nn\u00f6ksist\u00e4 valmistettu keksi, niin yhdell\u00e4 ehdolla: niiden on oltava korkealaatuisia. Lis\u00e4\u00e4mme sokerikakkuun aitoa voita, p\u00e4hkin\u00f6it\u00e4 ja kuivattuja hedelmi\u00e4, tummaa suklaata ja tietysti rommiesanssia.<\/p>","protected":false},"excerpt":{"rendered":"<p><span style=\"font-weight: 400\">Suklaalla p\u00e4\u00e4llystetty tumma sokerikakkupallo, johon on lis\u00e4tty p\u00e4hkin\u00f6it\u00e4, rusinoita, kanelia, rikastettu alkoholilla ja rommilla.<\/span><\/p>","protected":false},"featured_media":6662,"comment_status":"closed","ping_status":"closed","template":"","meta":{"content-type":""},"product_brand":[],"product_cat":[83],"product_tag":[145,147,331,444,146,446,445,449],"class_list":{"0":"post-1449","1":"product","2":"type-product","3":"status-publish","4":"has-post-thumbnail","6":"product_cat-ciastka-sztukowe","7":"product_tag-babeczki","8":"product_tag-babeczki-czekoladowe","9":"product_tag-bajaderka","10":"product_tag-cukiernia-jacek-placek","11":"product_tag-czekoladowe","12":"product_tag-jacek-placek-gdansk","13":"product_tag-jacek-placek-gowino","14":"product_tag-jacek-placek-sopot","16":"entry","17":"has-media","19":"first","20":"instock","21":"shipping-taxable","22":"product-type-simple","23":"has-product-nav","24":"col","25":"span_1_of_4","26":"owp-content-center","27":"owp-thumbs-layout-horizontal","28":"owp-btn-normal","29":"owp-tabs-layout-horizontal"},"acf":[],"_links":{"self":[{"href":"https:\/\/jacekplacek.com.pl\/fi\/wp-json\/wp\/v2\/product\/1449","targetHints":{"allow":["GET"]}}],"collection":[{"href":"https:\/\/jacekplacek.com.pl\/fi\/wp-json\/wp\/v2\/product"}],"about":[{"href":"https:\/\/jacekplacek.com.pl\/fi\/wp-json\/wp\/v2\/types\/product"}],"replies":[{"embeddable":true,"href":"https:\/\/jacekplacek.com.pl\/fi\/wp-json\/wp\/v2\/comments?post=1449"}],"wp:featuredmedia":[{"embeddable":true,"href":"https:\/\/jacekplacek.com.pl\/fi\/wp-json\/wp\/v2\/media\/6662"}],"wp:attachment":[{"href":"https:\/\/jacekplacek.com.pl\/fi\/wp-json\/wp\/v2\/media?parent=1449"}],"wp:term":[{"taxonomy":"product_brand","embeddable":true,"href":"https:\/\/jacekplacek.com.pl\/fi\/wp-json\/wp\/v2\/product_brand?post=1449"},{"taxonomy":"product_cat","embeddable":true,"href":"https:\/\/jacekplacek.com.pl\/fi\/wp-json\/wp\/v2\/product_cat?post=1449"},{"taxonomy":"product_tag","embeddable":true,"href":"https:\/\/jacekplacek.com.pl\/fi\/wp-json\/wp\/v2\/product_tag?post=1449"}],"curies":[{"name":"wp","href":"https:\/\/api.w.org\/{rel}","templated":true}]}}