{"id":1442,"date":"2020-11-30T13:57:27","date_gmt":"2020-11-30T12:57:27","guid":{"rendered":"https:\/\/jacekplacek.com.pl\/?post_type=product&#038;p=1442"},"modified":"2025-11-18T18:27:37","modified_gmt":"2025-11-18T17:27:37","slug":"hedelmakakku","status":"publish","type":"product","link":"https:\/\/jacekplacek.com.pl\/fi\/tallentaa\/babki-i-makowce\/hedelmakakku\/","title":{"rendered":"hedelm\u00e4kakku"},"content":{"rendered":"<p><strong>Keks on pitkulaisten hiekkakakkujen kiistaton kuningas. H\u00e4nen kunniakseen kutsumme kapeita uunipeltej\u00e4: hedelm\u00e4kakut. Ja se runsaus p\u00e4hkin\u00f6it\u00e4 ja kuivattuja hedelmi\u00e4...<\/strong><\/p>\n<p><span style=\"font-weight: 400;\">Muistatko iso\u00e4itej\u00e4 hopeamuoteissa? Kiitimme alumiinimuotteja ja sinulle pakkaamme kakut kartonkiin, luontoyst\u00e4v\u00e4llisiin pakkauksiin.<\/span><\/p>\n<p><span style=\"font-weight: 400;\">Kuppikakkujen yst\u00e4v\u00e4t ovat tyytyv\u00e4isi\u00e4 valintaansa makeisissamme -\u00a0<a href=\"https:\/\/jacekplacek.com.pl\/fi\/tuotekategoria\/isoaiti\/\" target=\"_blank\" rel=\"noopener\">oi t\u00e4ss\u00e4...<\/a><\/span><\/p>\n<p>&nbsp;<\/p>","protected":false},"excerpt":{"rendered":"<p><span style=\"font-weight: 400;\">Klassinen pitkulainen hiekkakakku kuivatuilla hedelmill\u00e4, sitruunamehulla ja kuorella.<\/span><\/p>","protected":false},"featured_media":11693,"comment_status":"closed","ping_status":"closed","template":"","meta":{"content-type":""},"product_brand":[],"product_cat":[81,907],"product_tag":[322,472,213,444,446,445,449,326],"class_list":{"0":"post-1442","1":"product","2":"type-product","3":"status-publish","4":"has-post-thumbnail","6":"product_cat-babki-i-makowce","7":"product_cat-ciasta-swiateczne","8":"product_tag-babka","9":"product_tag-babka-piaskowa","10":"product_tag-bakalie","11":"product_tag-cukiernia-jacek-placek","12":"product_tag-jacek-placek-gdansk","13":"product_tag-jacek-placek-gowino","14":"product_tag-jacek-placek-sopot","15":"product_tag-keks","17":"entry","18":"has-media","20":"first","21":"instock","22":"shipping-taxable","23":"product-type-variable","24":"has-default-attributes","25":"has-product-nav","26":"col","27":"span_1_of_4","28":"owp-content-center","29":"owp-thumbs-layout-horizontal","30":"owp-btn-normal","31":"owp-tabs-layout-horizontal"},"acf":[],"_links":{"self":[{"href":"https:\/\/jacekplacek.com.pl\/fi\/wp-json\/wp\/v2\/product\/1442","targetHints":{"allow":["GET"]}}],"collection":[{"href":"https:\/\/jacekplacek.com.pl\/fi\/wp-json\/wp\/v2\/product"}],"about":[{"href":"https:\/\/jacekplacek.com.pl\/fi\/wp-json\/wp\/v2\/types\/product"}],"replies":[{"embeddable":true,"href":"https:\/\/jacekplacek.com.pl\/fi\/wp-json\/wp\/v2\/comments?post=1442"}],"wp:featuredmedia":[{"embeddable":true,"href":"https:\/\/jacekplacek.com.pl\/fi\/wp-json\/wp\/v2\/media\/11693"}],"wp:attachment":[{"href":"https:\/\/jacekplacek.com.pl\/fi\/wp-json\/wp\/v2\/media?parent=1442"}],"wp:term":[{"taxonomy":"product_brand","embeddable":true,"href":"https:\/\/jacekplacek.com.pl\/fi\/wp-json\/wp\/v2\/product_brand?post=1442"},{"taxonomy":"product_cat","embeddable":true,"href":"https:\/\/jacekplacek.com.pl\/fi\/wp-json\/wp\/v2\/product_cat?post=1442"},{"taxonomy":"product_tag","embeddable":true,"href":"https:\/\/jacekplacek.com.pl\/fi\/wp-json\/wp\/v2\/product_tag?post=1442"}],"curies":[{"name":"wp","href":"https:\/\/api.w.org\/{rel}","templated":true}]}}