{"id":11963,"date":"2024-01-18T11:49:22","date_gmt":"2024-01-18T10:49:22","guid":{"rendered":"https:\/\/jacekplacek.com.pl\/?post_type=product&#038;p=11963"},"modified":"2025-11-18T18:31:05","modified_gmt":"2025-11-18T17:31:05","slug":"jogurtti-muffinssit-marjoilla-12","status":"publish","type":"product","link":"https:\/\/jacekplacek.com.pl\/fi\/tallentaa\/kerma-kakkuja\/jogurtti-muffinssit-marjoilla-12\/","title":{"rendered":"Sweet Package Set \u2013 yrityksille"},"content":{"rendered":"<p><b>Makea paketti<\/b><span style=\"font-weight: 400;\"> on 24 leikattua taikina-annosta muffinssivuokissa, joiden keskim\u00e4\u00e4r\u00e4inen paino on 1,90 kg (yksitt\u00e4isiss\u00e4 pergamentin kansissa). Setti sis\u00e4lt\u00e4\u00e4 3 erilaista kakkua, jotka on j\u00e4rjestetty erilliselle tarjottimelle suojaavaan pahvilaatikkoon.<\/span><\/p>\n<p><span style=\"font-weight: 400;\">Setteihin valitsemme kakkuja, jotka s\u00e4ilyv\u00e4t huoneenl\u00e4mm\u00f6ss\u00e4 koko p\u00e4iv\u00e4n tai jopa j\u00e4\u00e4kaapissa koko p\u00e4iv\u00e4n. <\/span><b>5 p\u00e4iv\u00e4\u00e4!<\/b><\/p>\n<div class=\"x1e56ztr\" data-block=\"true\" data-editor=\"9812b\" data-offset-key=\"atun-0-0\"><\/div>\n<div class=\"x1e56ztr\" data-block=\"true\" data-editor=\"9812b\" data-offset-key=\"clmd4-0-0\">\n<div class=\"_1mf _1mj\" data-offset-key=\"clmd4-0-0\"><span data-offset-key=\"clmd4-0-0\"> T\u00e4m\u00e4 on ihanteellinen vaihtoehto yrityksille ja ty\u00f6paikoille, joissa usein j\u00e4rjestet\u00e4\u00e4n makeita herkkuja ty\u00f6ntekij\u00f6ille ja vieraille. <\/span>Sarjamme koostuu valmiista, leikatuista kakunpaloista, jotka sinun tarvitsee vain napata ja sy\u00f6d\u00e4.<\/div>\n<\/div>\n<div class=\"x1e56ztr\" data-block=\"true\" data-editor=\"9812b\" data-offset-key=\"54kc3-0-0\">\n<div class=\"_1mf _1mj\" data-offset-key=\"54kc3-0-0\"><span data-offset-key=\"54kc3-0-0\">Joka viikko tarjoamme erityyppisi\u00e4 leivonnaisia paketissa \u2013<\/span><span data-offset-key=\"2709o-0-0\">Kutsumme sinut hy\u00f6dynt\u00e4m\u00e4\u00e4n uutta tarjouksemme ja ottamaan meihin yhteytt\u00e4 osoitteeseen ciast@jacekplacek.com.pl.<\/span><\/div>\n<\/div>","protected":false},"excerpt":{"rendered":"<p><span style=\"font-weight: 400;\"><b>Makea paketti<\/b> se on 24 annosta taikinaa muffinssivuokissa - yht\u00e4 paljon kuin <\/span><span style=\"font-weight: 400;\">3 eri makua \u2013 jokaiselle jotakin!\u00a0<\/span><span style=\"font-weight: 400;\">Joka viikko erilaisia makuja! Tilaa tilaus yrityksellesi jo t\u00e4n\u00e4\u00e4n \u2013 ciast@jacekplacek.com.pl.\u00a0<\/span><\/p>","protected":false},"featured_media":11969,"comment_status":"closed","ping_status":"closed","template":"","meta":{"content-type":""},"product_brand":[],"product_cat":[398],"product_tag":[805,804,444,803,446,445,449,801,802],"class_list":{"0":"post-11963","1":"product","2":"type-product","3":"status-publish","4":"has-post-thumbnail","6":"product_cat-ciasta-kremowe","7":"product_tag-abonament-ciast","8":"product_tag-ciasto-do-firm","9":"product_tag-cukiernia-jacek-placek","10":"product_tag-dla-firm","11":"product_tag-jacek-placek-gdansk","12":"product_tag-jacek-placek-gowino","13":"product_tag-jacek-placek-sopot","14":"product_tag-zestaw-ciast","15":"product_tag-zestaw-dla-firm","17":"entry","18":"has-media","20":"first","21":"instock","22":"shipping-taxable","23":"product-type-simple","24":"has-product-nav","25":"col","26":"span_1_of_4","27":"owp-content-center","28":"owp-thumbs-layout-horizontal","29":"owp-btn-normal","30":"owp-tabs-layout-horizontal"},"acf":[],"_links":{"self":[{"href":"https:\/\/jacekplacek.com.pl\/fi\/wp-json\/wp\/v2\/product\/11963","targetHints":{"allow":["GET"]}}],"collection":[{"href":"https:\/\/jacekplacek.com.pl\/fi\/wp-json\/wp\/v2\/product"}],"about":[{"href":"https:\/\/jacekplacek.com.pl\/fi\/wp-json\/wp\/v2\/types\/product"}],"replies":[{"embeddable":true,"href":"https:\/\/jacekplacek.com.pl\/fi\/wp-json\/wp\/v2\/comments?post=11963"}],"wp:featuredmedia":[{"embeddable":true,"href":"https:\/\/jacekplacek.com.pl\/fi\/wp-json\/wp\/v2\/media\/11969"}],"wp:attachment":[{"href":"https:\/\/jacekplacek.com.pl\/fi\/wp-json\/wp\/v2\/media?parent=11963"}],"wp:term":[{"taxonomy":"product_brand","embeddable":true,"href":"https:\/\/jacekplacek.com.pl\/fi\/wp-json\/wp\/v2\/product_brand?post=11963"},{"taxonomy":"product_cat","embeddable":true,"href":"https:\/\/jacekplacek.com.pl\/fi\/wp-json\/wp\/v2\/product_cat?post=11963"},{"taxonomy":"product_tag","embeddable":true,"href":"https:\/\/jacekplacek.com.pl\/fi\/wp-json\/wp\/v2\/product_tag?post=11963"}],"curies":[{"name":"wp","href":"https:\/\/api.w.org\/{rel}","templated":true}]}}