{"id":11219,"date":"2023-11-09T16:12:40","date_gmt":"2023-11-09T15:12:40","guid":{"rendered":"https:\/\/jacekplacek.com.pl\/?post_type=product&#038;p=11219"},"modified":"2025-11-18T18:31:01","modified_gmt":"2025-11-18T17:31:01","slug":"mini-kuninkaallinen-suklaakakku-6-kpl","status":"publish","type":"product","link":"https:\/\/jacekplacek.com.pl\/fi\/tallentaa\/torty_i_desery\/monoporcje-na-catering\/mini-kuninkaallinen-suklaakakku-6-kpl\/","title":{"rendered":"Nano kakku Royal Chocolate 6 kpl"},"content":{"rendered":"<p><b>Royal Chocolate nanokakku on todellinen herkku suklaan yst\u00e4ville.<\/b><\/p>\n<p><span style=\"font-weight: 400;\">T\u00e4m\u00e4 h\u00e4mm\u00e4stytt\u00e4v\u00e4 suklaamousse saa poikkeuksellisia makuja ripauksen biisonijuuston ansiosta, joka antaa sille luonnetta ja ainutlaatuisen maun syvyyden. Lis\u00e4ksi t\u00e4m\u00e4n ainutlaatuisen kakun kerrosten v\u00e4liss\u00e4 on rapeita pullia, jotka antavat sille ainutlaatuisen koostumuksen.<\/span><\/p>\n<p><span style=\"font-weight: 400;\">Mutta t\u00e4h\u00e4n ei yll\u00e4tykset lopu! Moussemme on peitetty herk\u00e4ll\u00e4 mustikka- ja herukkahillolla, joka lis\u00e4\u00e4 hieman tuoreutta ja hedelm\u00e4isyytt\u00e4. <\/span><b>T\u00e4m\u00e4 on kakku, joka tarjoaa harmonian makeutta ja erottuvaa makua jokaisessa puremassa. Tule makeiskauppaamme ja hemmottele itse\u00e4si Royal Chocolate nanokakulla!<\/b><\/p>\n<p>J\u00e4lkiruoka ei vain tyylikk\u00e4ille p\u00f6ydille - t\u00e4ydellinen nimip\u00e4ivien, syntym\u00e4p\u00e4ivien tai muiden juhlien viettoon kotona tai ty\u00f6paikalla...<\/p>\n<p>Tuote saatavilla osoitteessa\u00a0<strong>6 kpl yhteispakkauksessa (6 kpl n. 360g).<\/strong><\/p>","protected":false},"excerpt":{"rendered":"<p><span style=\"font-weight: 400;\">T\u00e4m\u00e4 on kakku, joka tarjoaa harmonian makeutta ja erottuvaa makua jokaisessa puremassa. Tule makeiskauppaamme ja hemmottele itse\u00e4si Royal Chocolate -kakulla!<\/span><\/p>\n<p>Tuote saatavilla osoitteessa\u00a0<strong>6 kpl yhteispakkauksessa (6 kpl n. 360g).<\/strong><\/p>","protected":false},"featured_media":11465,"comment_status":"closed","ping_status":"closed","template":"","meta":{"content-type":""},"product_brand":[],"product_cat":[693],"product_tag":[444,442,446,445,176,291,450,771],"class_list":{"0":"post-11219","1":"product","2":"type-product","3":"status-publish","4":"has-post-thumbnail","6":"product_cat-monoporcje-na-catering","7":"product_tag-cukiernia-jacek-placek","8":"product_tag-deser-jednoporcjowy","9":"product_tag-jacek-placek-gdansk","10":"product_tag-jacek-placek-gowino","11":"product_tag-tort-czekoladowy","12":"product_tag-tort-malinowy","13":"product_tag-tort-mini","14":"product_tag-tort-royal-chocolate","16":"entry","17":"has-media","19":"first","20":"instock","21":"shipping-taxable","22":"product-type-simple","23":"has-product-nav","24":"col","25":"span_1_of_4","26":"owp-content-center","27":"owp-thumbs-layout-horizontal","28":"owp-btn-normal","29":"owp-tabs-layout-horizontal"},"acf":[],"_links":{"self":[{"href":"https:\/\/jacekplacek.com.pl\/fi\/wp-json\/wp\/v2\/product\/11219","targetHints":{"allow":["GET"]}}],"collection":[{"href":"https:\/\/jacekplacek.com.pl\/fi\/wp-json\/wp\/v2\/product"}],"about":[{"href":"https:\/\/jacekplacek.com.pl\/fi\/wp-json\/wp\/v2\/types\/product"}],"replies":[{"embeddable":true,"href":"https:\/\/jacekplacek.com.pl\/fi\/wp-json\/wp\/v2\/comments?post=11219"}],"wp:featuredmedia":[{"embeddable":true,"href":"https:\/\/jacekplacek.com.pl\/fi\/wp-json\/wp\/v2\/media\/11465"}],"wp:attachment":[{"href":"https:\/\/jacekplacek.com.pl\/fi\/wp-json\/wp\/v2\/media?parent=11219"}],"wp:term":[{"taxonomy":"product_brand","embeddable":true,"href":"https:\/\/jacekplacek.com.pl\/fi\/wp-json\/wp\/v2\/product_brand?post=11219"},{"taxonomy":"product_cat","embeddable":true,"href":"https:\/\/jacekplacek.com.pl\/fi\/wp-json\/wp\/v2\/product_cat?post=11219"},{"taxonomy":"product_tag","embeddable":true,"href":"https:\/\/jacekplacek.com.pl\/fi\/wp-json\/wp\/v2\/product_tag?post=11219"}],"curies":[{"name":"wp","href":"https:\/\/api.w.org\/{rel}","templated":true}]}}