{"id":11215,"date":"2023-11-09T16:12:10","date_gmt":"2023-11-09T15:12:10","guid":{"rendered":"https:\/\/jacekplacek.com.pl\/?post_type=product&#038;p=11215"},"modified":"2025-11-18T18:30:59","modified_gmt":"2025-11-18T17:30:59","slug":"mini-tort-z-biala-czekolada-i-malinami-6sztuk","status":"publish","type":"product","link":"https:\/\/jacekplacek.com.pl\/fi\/tallentaa\/torty_i_desery\/monoporcje-na-catering\/mini-tort-z-biala-czekolada-i-malinami-6sztuk\/","title":{"rendered":"Nanokakku valkosuklaa ja vadelmia, 6 kpl"},"content":{"rendered":"<p><b>Rozkosz dla zmys\u0142\u00f3w &#8211; nasz nano Tort z Bia\u0142\u0105 Czekolad\u0105 i Malinami!<\/b><\/p>\n<p><span style=\"font-weight: 400;\">To delikatny mus \u015bmietankowy, kt\u00f3ry \u0142\u0105czy w sobie kremow\u0105 bia\u0142\u0105 czekolad\u0119 z soczystymi malinami. To po\u0142\u0105czenie smak\u00f3w, kt\u00f3re zachwyca zar\u00f3wno mi\u0142o\u015bnik\u00f3w s\u0142odyczy, jak i owoc\u00f3w. Serdecznie zapraszamy do rozkoszowania si\u0119 smakiem nano Tortu z Bia\u0142\u0105 Czekolad\u0105 i Malinami.<\/span><\/p>\n<p><span style=\"font-weight: 400;\">Suosittelemme tilaamaan kakun lahjaksi valitun kanssa <\/span><b>onnittelukortti<\/b><span style=\"font-weight: 400;\"> ja yhteensopivuus <\/span><b>kynttil\u00e4t<\/b><span style=\"font-weight: 400;\">.<\/span><\/p>\n<p>J\u00e4lkiruoka ei vain tyylikk\u00e4ille p\u00f6ydille - t\u00e4ydellinen nimip\u00e4ivien, syntym\u00e4p\u00e4ivien tai muiden juhlien viettoon kotona tai ty\u00f6paikalla...<\/p>\n<p>Tuote saatavilla osoitteessa\u00a0<strong>6 kpl yhteispakkauksessa (6 kpl n. 360g).<\/strong><\/p>","protected":false},"excerpt":{"rendered":"<p><span style=\"font-weight: 400;\">Herkk\u00e4 kermavaahto, jossa yhdistyv\u00e4t kermainen valkoinen suklaa ja mehukkaat vadelmat - makuyhdistelm\u00e4, joka ilahduttaa! <\/span><\/p>\n<p>Tuote saatavilla osoitteessa\u00a0<strong>6 kpl yhteispakkauksessa (6 kpl n. 360g).<\/strong><\/p>","protected":false},"featured_media":11477,"comment_status":"closed","ping_status":"closed","template":"","meta":{"content-type":""},"product_brand":[],"product_cat":[693],"product_tag":[444,763,442,446,445,736,291,450,735,762,738,759],"class_list":{"0":"post-11215","1":"product","2":"type-product","3":"status-publish","4":"has-post-thumbnail","6":"product_cat-monoporcje-na-catering","7":"product_tag-cukiernia-jacek-placek","8":"product_tag-deser-biala-czekolada","9":"product_tag-deser-jednoporcjowy","10":"product_tag-jacek-placek-gdansk","11":"product_tag-jacek-placek-gowino","12":"product_tag-tort-biala-czekolada","13":"product_tag-tort-malinowy","14":"product_tag-tort-mini","15":"product_tag-tort-owocowy","16":"product_tag-tort-z-biala-czekolada","17":"product_tag-tort-z-malinami","18":"product_tag-tort-z-owocami","20":"entry","21":"has-media","23":"first","24":"instock","25":"shipping-taxable","26":"product-type-simple","27":"has-product-nav","28":"col","29":"span_1_of_4","30":"owp-content-center","31":"owp-thumbs-layout-horizontal","32":"owp-btn-normal","33":"owp-tabs-layout-horizontal"},"acf":[],"_links":{"self":[{"href":"https:\/\/jacekplacek.com.pl\/fi\/wp-json\/wp\/v2\/product\/11215","targetHints":{"allow":["GET"]}}],"collection":[{"href":"https:\/\/jacekplacek.com.pl\/fi\/wp-json\/wp\/v2\/product"}],"about":[{"href":"https:\/\/jacekplacek.com.pl\/fi\/wp-json\/wp\/v2\/types\/product"}],"replies":[{"embeddable":true,"href":"https:\/\/jacekplacek.com.pl\/fi\/wp-json\/wp\/v2\/comments?post=11215"}],"wp:featuredmedia":[{"embeddable":true,"href":"https:\/\/jacekplacek.com.pl\/fi\/wp-json\/wp\/v2\/media\/11477"}],"wp:attachment":[{"href":"https:\/\/jacekplacek.com.pl\/fi\/wp-json\/wp\/v2\/media?parent=11215"}],"wp:term":[{"taxonomy":"product_brand","embeddable":true,"href":"https:\/\/jacekplacek.com.pl\/fi\/wp-json\/wp\/v2\/product_brand?post=11215"},{"taxonomy":"product_cat","embeddable":true,"href":"https:\/\/jacekplacek.com.pl\/fi\/wp-json\/wp\/v2\/product_cat?post=11215"},{"taxonomy":"product_tag","embeddable":true,"href":"https:\/\/jacekplacek.com.pl\/fi\/wp-json\/wp\/v2\/product_tag?post=11215"}],"curies":[{"name":"wp","href":"https:\/\/api.w.org\/{rel}","templated":true}]}}