{"id":11101,"date":"2023-10-27T17:12:54","date_gmt":"2023-10-27T15:12:54","guid":{"rendered":"https:\/\/jacekplacek.com.pl\/?post_type=product&#038;p=11101"},"modified":"2025-11-18T18:30:58","modified_gmt":"2025-11-18T17:30:58","slug":"minipistaasikakku-3-kpl","status":"publish","type":"product","link":"https:\/\/jacekplacek.com.pl\/fi\/tallentaa\/torty_i_desery\/minijalkiruoat-kahviloihin\/minipistaasikakku-3-kpl\/","title":{"rendered":"Minipistaasikakku, 3 kpl"},"content":{"rendered":"<p><b>Tervetuloa pistaasikakun ainutlaatuisen maun maailmaan!<\/b><\/p>\n<p><span style=\"font-weight: 400;\">Se on yhdistelm\u00e4 herkk\u00e4\u00e4 v\u00e4limerellist\u00e4 pistaasimoussea ja mets\u00e4hedelm\u00e4hilloa. Kakun sis\u00e4puoli oli rikastettu rapeilla puffeilla, mik\u00e4 antoi sille mielenkiintoisen koostumuksen. Pistaasikakkumme on todellinen herkku pistaasip\u00e4hkin\u00f6iden ja hedelm\u00e4makujen yst\u00e4ville. Anna itsellesi hetki iloa t\u00e4m\u00e4n ainutlaatuisen kakun kanssa!<\/span><\/p>\n<p><span style=\"font-weight: 400;\">Suosittelemme tilaamaan kakun lahjaksi valitun kanssa <\/span><b>onnittelukortti<\/b><span style=\"font-weight: 400;\"> ja yhteensopivuus <\/span><b>kynttil\u00e4t<\/b><span style=\"font-weight: 400;\">.<\/span><\/p>\n<p>J\u00e4lkiruoka ei vain tyylikk\u00e4ille p\u00f6ydille - t\u00e4ydellinen nimip\u00e4ivien, syntym\u00e4p\u00e4ivien tai muiden juhlien viettoon kotona tai ty\u00f6paikalla...<\/p>\n<p>Tuote saatavilla osoitteessa\u00a0<strong>3 kpl yhteispakkauksessa (3 kpl n. 390g).<\/strong><\/p>","protected":false},"excerpt":{"rendered":"<p><span style=\"font-weight: 400;\">Pistaasikakkumme on todellinen herkku pistaasip\u00e4hkin\u00f6iden ja hedelm\u00e4makujen yst\u00e4ville. Anna itsellesi hetki iloa t\u00e4m\u00e4n ainutlaatuisen kakun kanssa!<\/span><\/p>\n<p>Tuote saatavilla osoitteessa\u00a0<strong>3 kpl yhteispakkauksessa (3 kpl n. 390g).<\/strong><\/p>","protected":false},"featured_media":11437,"comment_status":"closed","ping_status":"closed","template":"","meta":{"content-type":""},"product_brand":[],"product_cat":[723],"product_tag":[444,442,446,445,450,743],"class_list":{"0":"post-11101","1":"product","2":"type-product","3":"status-publish","4":"has-post-thumbnail","6":"product_cat-mini-desery-do-kawiarni","7":"product_tag-cukiernia-jacek-placek","8":"product_tag-deser-jednoporcjowy","9":"product_tag-jacek-placek-gdansk","10":"product_tag-jacek-placek-gowino","11":"product_tag-tort-mini","12":"product_tag-tort-pistacjowy","14":"entry","15":"has-media","17":"first","18":"instock","19":"shipping-taxable","20":"product-type-simple","21":"has-product-nav","22":"col","23":"span_1_of_4","24":"owp-content-center","25":"owp-thumbs-layout-horizontal","26":"owp-btn-normal","27":"owp-tabs-layout-horizontal"},"acf":[],"_links":{"self":[{"href":"https:\/\/jacekplacek.com.pl\/fi\/wp-json\/wp\/v2\/product\/11101","targetHints":{"allow":["GET"]}}],"collection":[{"href":"https:\/\/jacekplacek.com.pl\/fi\/wp-json\/wp\/v2\/product"}],"about":[{"href":"https:\/\/jacekplacek.com.pl\/fi\/wp-json\/wp\/v2\/types\/product"}],"replies":[{"embeddable":true,"href":"https:\/\/jacekplacek.com.pl\/fi\/wp-json\/wp\/v2\/comments?post=11101"}],"wp:featuredmedia":[{"embeddable":true,"href":"https:\/\/jacekplacek.com.pl\/fi\/wp-json\/wp\/v2\/media\/11437"}],"wp:attachment":[{"href":"https:\/\/jacekplacek.com.pl\/fi\/wp-json\/wp\/v2\/media?parent=11101"}],"wp:term":[{"taxonomy":"product_brand","embeddable":true,"href":"https:\/\/jacekplacek.com.pl\/fi\/wp-json\/wp\/v2\/product_brand?post=11101"},{"taxonomy":"product_cat","embeddable":true,"href":"https:\/\/jacekplacek.com.pl\/fi\/wp-json\/wp\/v2\/product_cat?post=11101"},{"taxonomy":"product_tag","embeddable":true,"href":"https:\/\/jacekplacek.com.pl\/fi\/wp-json\/wp\/v2\/product_tag?post=11101"}],"curies":[{"name":"wp","href":"https:\/\/api.w.org\/{rel}","templated":true}]}}