{"id":11059,"date":"2023-10-26T14:02:34","date_gmt":"2023-10-26T12:02:34","guid":{"rendered":"https:\/\/jacekplacek.com.pl\/?post_type=product&#038;p=11059"},"modified":"2025-11-18T18:31:00","modified_gmt":"2025-11-18T17:31:00","slug":"kakku-valkosuklaalla-ja-vadelmilla","status":"publish","type":"product","link":"https:\/\/jacekplacek.com.pl\/fi\/tallentaa\/torty_i_desery\/kakut\/kakku-valkosuklaalla-ja-vadelmilla\/","title":{"rendered":"Kakku valkosuklaalla ja vadelmilla"},"content":{"rendered":"<p><strong>Iloa aisteille \u2013 kakkumme valkosuklaalla ja vadelmilla! <\/strong><\/p>\n<p><span style=\"font-weight: 400;\">T\u00e4m\u00e4 on herkk\u00e4 kermavaahto, jossa yhdistyv\u00e4t kermainen valkoinen suklaa ja mehukkaat vadelmat. T\u00e4m\u00e4 on makuyhdistelm\u00e4, joka ilahduttaa sek\u00e4 makeisten ett\u00e4 hedelmien yst\u00e4v\u00e4\u00e4. Kutsumme sinut l\u00e4mpim\u00e4sti nauttimaan valkosuklaa-vadelman kakun mausta.<\/span><\/p>\n<p><span style=\"font-weight: 400;\">Suosittelemme tilaamaan kakun lahjaksi valitun kanssa <\/span><b>onnittelukortti<\/b><span style=\"font-weight: 400;\"> ja yhteensopivuus <\/span><b>kynttil\u00e4t<\/b><span style=\"font-weight: 400;\">.<\/span><\/p>","protected":false},"excerpt":{"rendered":"<p><span data-sheets-root=\"1\">Kevyit\u00e4 sokerikakkuja, jotka on liotettu herk\u00e4ll\u00e4 punssilla, kerrostettuna kermalla valkosuklaa ja vadelmia.<\/span><\/p>","protected":false},"featured_media":10961,"comment_status":"closed","ping_status":"closed","template":"","meta":{"content-type":""},"product_brand":[],"product_cat":[123],"product_tag":[739,166,736,291,730,733,735,731,737,738,732,734],"class_list":{"0":"post-11059","1":"product","2":"type-product","3":"status-publish","4":"has-post-thumbnail","6":"product_cat-torty","7":"product_tag-biala-czekolada-z-malinami","8":"product_tag-tort","9":"product_tag-tort-biala-czekolada","10":"product_tag-tort-malinowy","11":"product_tag-tort-na-urodziny","12":"product_tag-tort-naturalny","13":"product_tag-tort-owocowy","14":"product_tag-tort-urodzinowy","15":"product_tag-tort-z-bialej-czekolady","16":"product_tag-tort-z-malinami","17":"product_tag-torty-naturalne","18":"product_tag-zdrowy-sklad","20":"entry","21":"has-media","23":"first","24":"instock","25":"shipping-taxable","26":"product-type-variable","27":"has-product-nav","28":"col","29":"span_1_of_4","30":"owp-content-center","31":"owp-thumbs-layout-horizontal","32":"owp-btn-normal","33":"owp-tabs-layout-horizontal"},"acf":[],"_links":{"self":[{"href":"https:\/\/jacekplacek.com.pl\/fi\/wp-json\/wp\/v2\/product\/11059","targetHints":{"allow":["GET"]}}],"collection":[{"href":"https:\/\/jacekplacek.com.pl\/fi\/wp-json\/wp\/v2\/product"}],"about":[{"href":"https:\/\/jacekplacek.com.pl\/fi\/wp-json\/wp\/v2\/types\/product"}],"replies":[{"embeddable":true,"href":"https:\/\/jacekplacek.com.pl\/fi\/wp-json\/wp\/v2\/comments?post=11059"}],"wp:featuredmedia":[{"embeddable":true,"href":"https:\/\/jacekplacek.com.pl\/fi\/wp-json\/wp\/v2\/media\/10961"}],"wp:attachment":[{"href":"https:\/\/jacekplacek.com.pl\/fi\/wp-json\/wp\/v2\/media?parent=11059"}],"wp:term":[{"taxonomy":"product_brand","embeddable":true,"href":"https:\/\/jacekplacek.com.pl\/fi\/wp-json\/wp\/v2\/product_brand?post=11059"},{"taxonomy":"product_cat","embeddable":true,"href":"https:\/\/jacekplacek.com.pl\/fi\/wp-json\/wp\/v2\/product_cat?post=11059"},{"taxonomy":"product_tag","embeddable":true,"href":"https:\/\/jacekplacek.com.pl\/fi\/wp-json\/wp\/v2\/product_tag?post=11059"}],"curies":[{"name":"wp","href":"https:\/\/api.w.org\/{rel}","templated":true}]}}