{"id":11050,"date":"2023-10-26T14:02:29","date_gmt":"2023-10-26T12:02:29","guid":{"rendered":"https:\/\/jacekplacek.com.pl\/?post_type=product&#038;p=11050"},"modified":"2025-11-18T18:30:59","modified_gmt":"2025-11-18T17:30:59","slug":"pistaasi-kakku","status":"publish","type":"product","link":"https:\/\/jacekplacek.com.pl\/fi\/tallentaa\/torty_i_desery\/kakut\/pistaasi-kakku\/","title":{"rendered":"Pistaasi kakku"},"content":{"rendered":"<p><span style=\"font-weight: 400;\"><strong>Tervetuloa pistaasikakun ainutlaatuisen maun maailmaan!<\/strong> <\/span><\/p>\n<p><span style=\"font-weight: 400;\">Se on yhdistelm\u00e4 herkk\u00e4\u00e4 v\u00e4limerellist\u00e4 pistaasimoussea ja mets\u00e4hedelm\u00e4hilloa. Kakun sis\u00e4puoli oli rikastettu rapeilla puffeilla, mik\u00e4 antoi sille mielenkiintoisen koostumuksen. Pistaasikakkumme on todellinen herkku pistaasip\u00e4hkin\u00f6iden ja hedelm\u00e4makujen yst\u00e4ville. Anna itsellesi hetki iloa t\u00e4m\u00e4n ainutlaatuisen kakun kanssa!<\/span><\/p>\n<p><span style=\"font-weight: 400;\">Suosittelemme tilaamaan kakun lahjaksi valitun kanssa <\/span><b>onnittelukortti<\/b><span style=\"font-weight: 400;\"> ja yhteensopivuus <\/span><b>kynttil\u00e4t<\/b><span style=\"font-weight: 400;\">.<\/span><\/p>","protected":false},"excerpt":{"rendered":"<p><span data-sheets-root=\"1\">V\u00e4limeren pistaasip\u00e4hkin\u00e4pohjainen herkk\u00e4 kerma, jonka p\u00e4\u00e4ll\u00e4 on mets\u00e4hedelm\u00e4hilloa ja rikastettu rapealla lehtitaikinalla.<\/span><\/p>","protected":false},"featured_media":10905,"comment_status":"closed","ping_status":"closed","template":"","meta":{"content-type":""},"product_brand":[],"product_cat":[123],"product_tag":[744,166,730,733,743,731,745,732,734],"class_list":{"0":"post-11050","1":"product","2":"type-product","3":"status-publish","4":"has-post-thumbnail","6":"product_cat-torty","7":"product_tag-deser-pistacjowy","8":"product_tag-tort","9":"product_tag-tort-na-urodziny","10":"product_tag-tort-naturalny","11":"product_tag-tort-pistacjowy","12":"product_tag-tort-urodzinowy","13":"product_tag-tort-z-pistacjami","14":"product_tag-torty-naturalne","15":"product_tag-zdrowy-sklad","17":"entry","18":"has-media","20":"first","21":"instock","22":"shipping-taxable","23":"product-type-variable","24":"has-default-attributes","25":"has-product-nav","26":"col","27":"span_1_of_4","28":"owp-content-center","29":"owp-thumbs-layout-horizontal","30":"owp-btn-normal","31":"owp-tabs-layout-horizontal"},"acf":[],"_links":{"self":[{"href":"https:\/\/jacekplacek.com.pl\/fi\/wp-json\/wp\/v2\/product\/11050","targetHints":{"allow":["GET"]}}],"collection":[{"href":"https:\/\/jacekplacek.com.pl\/fi\/wp-json\/wp\/v2\/product"}],"about":[{"href":"https:\/\/jacekplacek.com.pl\/fi\/wp-json\/wp\/v2\/types\/product"}],"replies":[{"embeddable":true,"href":"https:\/\/jacekplacek.com.pl\/fi\/wp-json\/wp\/v2\/comments?post=11050"}],"wp:featuredmedia":[{"embeddable":true,"href":"https:\/\/jacekplacek.com.pl\/fi\/wp-json\/wp\/v2\/media\/10905"}],"wp:attachment":[{"href":"https:\/\/jacekplacek.com.pl\/fi\/wp-json\/wp\/v2\/media?parent=11050"}],"wp:term":[{"taxonomy":"product_brand","embeddable":true,"href":"https:\/\/jacekplacek.com.pl\/fi\/wp-json\/wp\/v2\/product_brand?post=11050"},{"taxonomy":"product_cat","embeddable":true,"href":"https:\/\/jacekplacek.com.pl\/fi\/wp-json\/wp\/v2\/product_cat?post=11050"},{"taxonomy":"product_tag","embeddable":true,"href":"https:\/\/jacekplacek.com.pl\/fi\/wp-json\/wp\/v2\/product_tag?post=11050"}],"curies":[{"name":"wp","href":"https:\/\/api.w.org\/{rel}","templated":true}]}}