{"id":11044,"date":"2023-10-26T14:02:26","date_gmt":"2023-10-26T12:02:26","guid":{"rendered":"https:\/\/jacekplacek.com.pl\/?post_type=product&#038;p=11044"},"modified":"2025-11-18T18:30:59","modified_gmt":"2025-11-18T17:30:59","slug":"kuninkaallinen-suklaakakku","status":"publish","type":"product","link":"https:\/\/jacekplacek.com.pl\/fi\/tallentaa\/torty_i_desery\/kakut\/kuninkaallinen-suklaakakku\/","title":{"rendered":"Kuninkaallinen suklaakakku"},"content":{"rendered":"<p><strong>Royal Chocolate -kakku on todellinen herkku suklaan yst\u00e4ville. <\/strong><\/p>\n<p><span style=\"font-weight: 400;\">T\u00e4m\u00e4 h\u00e4mm\u00e4stytt\u00e4v\u00e4 suklaamousse saa poikkeuksellisia makuja ripauksen biisonijuuston ansiosta, joka antaa sille luonnetta ja ainutlaatuisen maun syvyyden. Lis\u00e4ksi t\u00e4m\u00e4n ainutlaatuisen kakun kerrosten v\u00e4liss\u00e4 on rapeita pullia, jotka antavat sille ainutlaatuisen koostumuksen. <\/span><\/p>\n<p><span style=\"font-weight: 400;\">Mutta t\u00e4h\u00e4n ei yll\u00e4tykset lopu! Moussemme on peitetty herk\u00e4ll\u00e4 mustikka- ja herukkahillolla, joka lis\u00e4\u00e4 hieman tuoreutta ja hedelm\u00e4isyytt\u00e4. <strong>T\u00e4m\u00e4 on kakku, joka tarjoaa harmonian makeutta ja omaleimaista makua jokaisessa puremassa. Tule makeiskauppaamme ja hemmottele itse\u00e4si Royal Chocolate Cakella!<\/strong><\/span><\/p>\n<p><span style=\"font-weight: 400;\">Suosittelemme tilaamaan kakun lahjaksi valitun kanssa <\/span><b>onnittelukortti<\/b><span style=\"font-weight: 400;\"> ja yhteensopivuus <\/span><b>kynttil\u00e4t<\/b><span style=\"font-weight: 400;\">.<\/span><\/p>","protected":false},"excerpt":{"rendered":"<p><span style=\"font-weight: 400;\">T\u00e4m\u00e4 on kakku, joka tarjoaa harmonian makeutta ja omaleimaista makua jokaisessa puremassa. Tule makeiskauppaamme ja hemmottele itse\u00e4si Royal Chocolate Cakella!<\/span><\/p>","protected":false},"featured_media":10975,"comment_status":"closed","ping_status":"closed","template":"","meta":{"content-type":""},"product_brand":[],"product_cat":[123],"product_tag":[747,166,176,730,733,731,746,732,734],"class_list":{"0":"post-11044","1":"product","2":"type-product","3":"status-publish","4":"has-post-thumbnail","6":"product_cat-torty","7":"product_tag-luksusowy-tort","8":"product_tag-tort","9":"product_tag-tort-czekoladowy","10":"product_tag-tort-na-urodziny","11":"product_tag-tort-naturalny","12":"product_tag-tort-urodzinowy","13":"product_tag-tort-z-czekolada-jadalne-zloto","14":"product_tag-torty-naturalne","15":"product_tag-zdrowy-sklad","17":"entry","18":"has-media","20":"first","21":"instock","22":"shipping-taxable","23":"product-type-variable","24":"has-default-attributes","25":"has-product-nav","26":"col","27":"span_1_of_4","28":"owp-content-center","29":"owp-thumbs-layout-horizontal","30":"owp-btn-normal","31":"owp-tabs-layout-horizontal"},"acf":[],"_links":{"self":[{"href":"https:\/\/jacekplacek.com.pl\/fi\/wp-json\/wp\/v2\/product\/11044","targetHints":{"allow":["GET"]}}],"collection":[{"href":"https:\/\/jacekplacek.com.pl\/fi\/wp-json\/wp\/v2\/product"}],"about":[{"href":"https:\/\/jacekplacek.com.pl\/fi\/wp-json\/wp\/v2\/types\/product"}],"replies":[{"embeddable":true,"href":"https:\/\/jacekplacek.com.pl\/fi\/wp-json\/wp\/v2\/comments?post=11044"}],"wp:featuredmedia":[{"embeddable":true,"href":"https:\/\/jacekplacek.com.pl\/fi\/wp-json\/wp\/v2\/media\/10975"}],"wp:attachment":[{"href":"https:\/\/jacekplacek.com.pl\/fi\/wp-json\/wp\/v2\/media?parent=11044"}],"wp:term":[{"taxonomy":"product_brand","embeddable":true,"href":"https:\/\/jacekplacek.com.pl\/fi\/wp-json\/wp\/v2\/product_brand?post=11044"},{"taxonomy":"product_cat","embeddable":true,"href":"https:\/\/jacekplacek.com.pl\/fi\/wp-json\/wp\/v2\/product_cat?post=11044"},{"taxonomy":"product_tag","embeddable":true,"href":"https:\/\/jacekplacek.com.pl\/fi\/wp-json\/wp\/v2\/product_tag?post=11044"}],"curies":[{"name":"wp","href":"https:\/\/api.w.org\/{rel}","templated":true}]}}