{"id":11041,"date":"2023-10-26T14:02:24","date_gmt":"2023-10-26T12:02:24","guid":{"rendered":"https:\/\/jacekplacek.com.pl\/?post_type=product&#038;p=11041"},"modified":"2025-11-18T18:30:55","modified_gmt":"2025-11-18T17:30:55","slug":"italialainen-tiramisu-kakku","status":"publish","type":"product","link":"https:\/\/jacekplacek.com.pl\/fi\/tallentaa\/torty_i_desery\/kakut\/italialainen-tiramisu-kakku\/","title":{"rendered":"Italialainen tiramisu-kakku"},"content":{"rendered":"<p><strong>Italialainen klassikko herkullisimmassa versiossaan - italialainen Tiramisu-kakkumme. <\/strong><\/p>\n<p><span style=\"font-weight: 400;\">Kakkumme on kunnianosoitus perinteiselle italialaiselle mascarpone-juustopohjaiselle j\u00e4lkiruoalle, joka ei ole vain \u00e4\u00e4rimm\u00e4isen kermainen, vaan my\u00f6s t\u00e4ytel\u00e4inen. Tuoksun lis\u00e4\u00e4miseksi liotamme sit\u00e4 kahvipunssissa, jossa on ripaus amaretto-lik\u00f6\u00f6ri\u00e4. Se on makuyhdistelm\u00e4, joka ilahduttaa aisteja ja lumoaa makua. <\/span><\/p>\n<p><strong>Italialainen tiramisu-kakku on t\u00e4ydellinen valinta niille, jotka haluavat uppoutua Italian perinteisiin ja makuihin. Tule makeiskauppaamme ja l\u00e4hde t\u00e4lle makumatkalle kanssamme jo t\u00e4n\u00e4\u00e4n! <\/strong><\/p>\n<p><span style=\"font-weight: 400;\">Suosittelemme tilaamaan kakun lahjaksi valitun kanssa <\/span><b>onnittelukortti<\/b><span style=\"font-weight: 400;\"> ja yhteensopivuus <\/span><b>kynttil\u00e4t<\/b><span style=\"font-weight: 400;\">.<\/span><\/p>","protected":false},"excerpt":{"rendered":"<p><span data-sheets-root=\"1\">Kahvissa ja amarettolik\u00f6\u00f6riss\u00e4 kastettua sokerikakkua, yhdistettyn\u00e4 kermaiseen mascarponeen. Klassisia italialaisia j\u00e4lkiruokia hienon kakun muodossa.<\/span><\/p>","protected":false},"featured_media":10947,"comment_status":"closed","ping_status":"closed","template":"","meta":{"content-type":""},"product_brand":[],"product_cat":[123],"product_tag":[748,749,267,166,304,730,733,296,731,732,702,734],"class_list":{"0":"post-11041","1":"product","2":"type-product","3":"status-publish","4":"has-post-thumbnail","6":"product_cat-torty","7":"product_tag-deser-kawowy","8":"product_tag-deser-tiramisu","9":"product_tag-tiramisu","10":"product_tag-tort","11":"product_tag-tort-kawowy","12":"product_tag-tort-na-urodziny","13":"product_tag-tort-naturalny","14":"product_tag-tort-tiramisu","15":"product_tag-tort-urodzinowy","16":"product_tag-torty-naturalne","17":"product_tag-wloskie-tiramisu","18":"product_tag-zdrowy-sklad","20":"entry","21":"has-media","23":"first","24":"instock","25":"shipping-taxable","26":"product-type-variable","27":"has-default-attributes","28":"has-product-nav","29":"col","30":"span_1_of_4","31":"owp-content-center","32":"owp-thumbs-layout-horizontal","33":"owp-btn-normal","34":"owp-tabs-layout-horizontal"},"acf":[],"_links":{"self":[{"href":"https:\/\/jacekplacek.com.pl\/fi\/wp-json\/wp\/v2\/product\/11041","targetHints":{"allow":["GET"]}}],"collection":[{"href":"https:\/\/jacekplacek.com.pl\/fi\/wp-json\/wp\/v2\/product"}],"about":[{"href":"https:\/\/jacekplacek.com.pl\/fi\/wp-json\/wp\/v2\/types\/product"}],"replies":[{"embeddable":true,"href":"https:\/\/jacekplacek.com.pl\/fi\/wp-json\/wp\/v2\/comments?post=11041"}],"wp:featuredmedia":[{"embeddable":true,"href":"https:\/\/jacekplacek.com.pl\/fi\/wp-json\/wp\/v2\/media\/10947"}],"wp:attachment":[{"href":"https:\/\/jacekplacek.com.pl\/fi\/wp-json\/wp\/v2\/media?parent=11041"}],"wp:term":[{"taxonomy":"product_brand","embeddable":true,"href":"https:\/\/jacekplacek.com.pl\/fi\/wp-json\/wp\/v2\/product_brand?post=11041"},{"taxonomy":"product_cat","embeddable":true,"href":"https:\/\/jacekplacek.com.pl\/fi\/wp-json\/wp\/v2\/product_cat?post=11041"},{"taxonomy":"product_tag","embeddable":true,"href":"https:\/\/jacekplacek.com.pl\/fi\/wp-json\/wp\/v2\/product_tag?post=11041"}],"curies":[{"name":"wp","href":"https:\/\/api.w.org\/{rel}","templated":true}]}}