{"id":11036,"date":"2023-10-26T14:02:09","date_gmt":"2023-10-26T12:02:09","guid":{"rendered":"https:\/\/jacekplacek.com.pl\/?post_type=product&#038;p=11036"},"modified":"2025-11-18T18:30:55","modified_gmt":"2025-11-18T17:30:55","slug":"punainen-sametti-kakku-2","status":"publish","type":"product","link":"https:\/\/jacekplacek.com.pl\/fi\/tallentaa\/torty_i_desery\/kakut\/punainen-sametti-kakku-2\/","title":{"rendered":"Red Velvet kakku"},"content":{"rendered":"<p><strong>Kutsumme sinut kokeilemaan lippulaivaamme Red Velvet Cakea - klassista j\u00e4lkiruokaa uudella vivahteella. <\/strong><\/p>\n<p><span style=\"font-weight: 400;\"><strong>Kakkumme ei ole vain herkullista, vaan my\u00f6s terveellist\u00e4, koska v\u00e4lt\u00e4mme keinotekoisia lis\u00e4aineita k\u00e4ytt\u00e4m\u00e4ll\u00e4 tomaateista saatua luonnollista lykopeeniv\u00e4ri\u00e4.<\/strong> T\u00e4ytet\u00e4\u00e4n kakun sis\u00e4puoli herkullisella mascarpone-kermalla ja vadelmahillolla, mik\u00e4 antaa sille ainutlaatuisen maun. <\/span><span style=\"font-weight: 400;\">Katso itse, ett\u00e4 perinteinen maku voi kulkea k\u00e4si k\u00e4dess\u00e4 ainesosien laatuun kiinnitt\u00e4misen kanssa.<\/span><\/p>\n<p><span style=\"font-weight: 400;\">Suosittelemme tilaamaan kakun lahjaksi valitun kanssa <\/span><b>onnittelukortti<\/b><span style=\"font-weight: 400;\"> ja yhteensopivuus <\/span><b>kynttil\u00e4t<\/b><span style=\"font-weight: 400;\">.<\/span><\/p>","protected":false},"excerpt":{"rendered":"<p><span data-sheets-root=\"1\">Punainen sokerikakku, v\u00e4rj\u00e4tty luonnollisella tomaattilykopeenilla, kerroksittain mascarpone-kerma- ja vadelmahillolla. Klassikko moderni versio, ilman keinotekoisia lis\u00e4yksi\u00e4.<\/span><\/p>","protected":false},"featured_media":9379,"comment_status":"closed","ping_status":"closed","template":"","meta":{"content-type":""},"product_brand":[],"product_cat":[123],"product_tag":[336,166,730,733,447,731,732,734],"class_list":{"0":"post-11036","1":"product","2":"type-product","3":"status-publish","4":"has-post-thumbnail","6":"product_cat-torty","7":"product_tag-red-velvet","8":"product_tag-tort","9":"product_tag-tort-na-urodziny","10":"product_tag-tort-naturalny","11":"product_tag-tort-red-velvet","12":"product_tag-tort-urodzinowy","13":"product_tag-torty-naturalne","14":"product_tag-zdrowy-sklad","16":"entry","17":"has-media","19":"first","20":"instock","21":"shipping-taxable","22":"product-type-variable","23":"has-default-attributes","24":"has-product-nav","25":"col","26":"span_1_of_4","27":"owp-content-center","28":"owp-thumbs-layout-horizontal","29":"owp-btn-normal","30":"owp-tabs-layout-horizontal"},"acf":[],"_links":{"self":[{"href":"https:\/\/jacekplacek.com.pl\/fi\/wp-json\/wp\/v2\/product\/11036","targetHints":{"allow":["GET"]}}],"collection":[{"href":"https:\/\/jacekplacek.com.pl\/fi\/wp-json\/wp\/v2\/product"}],"about":[{"href":"https:\/\/jacekplacek.com.pl\/fi\/wp-json\/wp\/v2\/types\/product"}],"replies":[{"embeddable":true,"href":"https:\/\/jacekplacek.com.pl\/fi\/wp-json\/wp\/v2\/comments?post=11036"}],"wp:featuredmedia":[{"embeddable":true,"href":"https:\/\/jacekplacek.com.pl\/fi\/wp-json\/wp\/v2\/media\/9379"}],"wp:attachment":[{"href":"https:\/\/jacekplacek.com.pl\/fi\/wp-json\/wp\/v2\/media?parent=11036"}],"wp:term":[{"taxonomy":"product_brand","embeddable":true,"href":"https:\/\/jacekplacek.com.pl\/fi\/wp-json\/wp\/v2\/product_brand?post=11036"},{"taxonomy":"product_cat","embeddable":true,"href":"https:\/\/jacekplacek.com.pl\/fi\/wp-json\/wp\/v2\/product_cat?post=11036"},{"taxonomy":"product_tag","embeddable":true,"href":"https:\/\/jacekplacek.com.pl\/fi\/wp-json\/wp\/v2\/product_tag?post=11036"}],"curies":[{"name":"wp","href":"https:\/\/api.w.org\/{rel}","templated":true}]}}