{"id":11031,"date":"2023-10-26T14:00:48","date_gmt":"2023-10-26T12:00:48","guid":{"rendered":"https:\/\/jacekplacek.com.pl\/?post_type=product&#038;p=11031"},"modified":"2025-11-18T18:30:54","modified_gmt":"2025-11-18T17:30:54","slug":"mansikkakakku-2","status":"publish","type":"product","link":"https:\/\/jacekplacek.com.pl\/fi\/tallentaa\/torty_i_desery\/kakut\/mansikkakakku-2\/","title":{"rendered":"mansikkakakku"},"content":{"rendered":"<p><b>Mansikkakakku \u2013 makuel\u00e4mys. Meid\u00e4n versiomme t\u00e4st\u00e4 klassisesta herkusta on todellinen aistien juhla!<\/b><\/p>\n<p><span style=\"font-weight: 400;\">Kakku on valmistettu herk\u00e4st\u00e4 kermavaahdosta ja ainutlaatuisesta mansikkahillosta - se tyydytt\u00e4\u00e4 niin pienet kuin suuretkin herkuttelijat! Mik\u00e4 tekee siit\u00e4 erottuvan? Sen poikkeuksellinen maku, joka tulee vain luonnollisista ainesosista. T\u00e4m\u00e4 on luonnon luomaa mansikoiden makeutta - nauti niiden mausta joka suupalalla ja anna aistisi nauttia pienest\u00e4 herkusta!<\/span><\/p>\n<p><span style=\"font-weight: 400;\">Suosittelemme tilaamaan kakun lahjaksi valitun kanssa <\/span><b>onnittelukortti<\/b><span style=\"font-weight: 400;\"> ja yhteensopivuus <\/span><b>kynttil\u00e4t<\/b><span style=\"font-weight: 400;\">.<\/span><\/p>","protected":false},"excerpt":{"rendered":"<p><span data-sheets-root=\"1\">Kevyt kermavaahtoon ja mansikkahilloon perustuva kakku. Mansikoiden luonnollinen makeus ilahduttaa maullaan ja tekee jokaisesta puremasta puhtaan nautinnon.<\/span><\/p>","protected":false},"featured_media":10321,"comment_status":"closed","ping_status":"closed","template":"","meta":{"content-type":""},"product_brand":[],"product_cat":[123],"product_tag":[728,166,730,733,735,297,731,729,732,734],"class_list":{"0":"post-11031","1":"product","2":"type-product","3":"status-publish","4":"has-post-thumbnail","6":"product_cat-torty","7":"product_tag-ciasto-truskawkowe","8":"product_tag-tort","9":"product_tag-tort-na-urodziny","10":"product_tag-tort-naturalny","11":"product_tag-tort-owocowy","12":"product_tag-tort-truskawkowy","13":"product_tag-tort-urodzinowy","14":"product_tag-tort-z-truskawkami","15":"product_tag-torty-naturalne","16":"product_tag-zdrowy-sklad","18":"entry","19":"has-media","21":"first","22":"instock","23":"shipping-taxable","24":"product-type-variable","25":"has-default-attributes","26":"has-product-nav","27":"col","28":"span_1_of_4","29":"owp-content-center","30":"owp-thumbs-layout-horizontal","31":"owp-btn-normal","32":"owp-tabs-layout-horizontal"},"acf":[],"_links":{"self":[{"href":"https:\/\/jacekplacek.com.pl\/fi\/wp-json\/wp\/v2\/product\/11031","targetHints":{"allow":["GET"]}}],"collection":[{"href":"https:\/\/jacekplacek.com.pl\/fi\/wp-json\/wp\/v2\/product"}],"about":[{"href":"https:\/\/jacekplacek.com.pl\/fi\/wp-json\/wp\/v2\/types\/product"}],"replies":[{"embeddable":true,"href":"https:\/\/jacekplacek.com.pl\/fi\/wp-json\/wp\/v2\/comments?post=11031"}],"wp:featuredmedia":[{"embeddable":true,"href":"https:\/\/jacekplacek.com.pl\/fi\/wp-json\/wp\/v2\/media\/10321"}],"wp:attachment":[{"href":"https:\/\/jacekplacek.com.pl\/fi\/wp-json\/wp\/v2\/media?parent=11031"}],"wp:term":[{"taxonomy":"product_brand","embeddable":true,"href":"https:\/\/jacekplacek.com.pl\/fi\/wp-json\/wp\/v2\/product_brand?post=11031"},{"taxonomy":"product_cat","embeddable":true,"href":"https:\/\/jacekplacek.com.pl\/fi\/wp-json\/wp\/v2\/product_cat?post=11031"},{"taxonomy":"product_tag","embeddable":true,"href":"https:\/\/jacekplacek.com.pl\/fi\/wp-json\/wp\/v2\/product_tag?post=11031"}],"curies":[{"name":"wp","href":"https:\/\/api.w.org\/{rel}","templated":true}]}}