{"id":10997,"date":"2023-10-26T12:14:49","date_gmt":"2023-10-26T10:14:49","guid":{"rendered":"https:\/\/jacekplacek.com.pl\/?post_type=product&#038;p=10997"},"modified":"2025-11-18T18:30:48","modified_gmt":"2025-11-18T17:30:48","slug":"oreo-kakku-2","status":"publish","type":"product","link":"https:\/\/jacekplacek.com.pl\/fi\/tallentaa\/torty_i_desery\/kakut\/oreo-kakku-2\/","title":{"rendered":"kakku Oreo"},"content":{"rendered":"<p><strong>Oreo-kakkumme on makumatka maitosuklaatan maahan. <\/strong><\/p>\n<p><span style=\"font-weight: 400;\">Se on yhdistelm\u00e4 maitosuklaatan intensiivist\u00e4 makua ja rapeita keksipaloja, jotka ilahduttavat makuasi.\u00a0<\/span><\/p>\n<p><strong>T\u00e4m\u00e4 on t\u00e4ydellinen valinta klassikoiden yst\u00e4ville ja niille, jotka haluavat uusia makuel\u00e4myksi\u00e4. Hemmottele itse\u00e4si taivaallisella nautinnolla Oreo Cake -kakun muodossa!<\/strong><\/p>\n<p><span style=\"font-weight: 400;\">Suosittelemme tilaamaan kakun lahjaksi valitun kanssa <\/span><b>onnittelukortti<\/b><span style=\"font-weight: 400;\"> ja yhteensopivuus <\/span><b>kynttil\u00e4t<\/b><span style=\"font-weight: 400;\">.<\/span><\/p>","protected":false},"excerpt":{"rendered":"<p><span data-sheets-root=\"1\">Murotaikinasta tehty kakku aktiivihiilell\u00e4, kerros kuohkeaa kermamassaa, murotaikina t\u00e4ytteen\u00e4 ja koristeena alkuper\u00e4isist\u00e4 Oreo-keksist\u00e4.<\/span><\/p>","protected":false},"featured_media":11005,"comment_status":"closed","ping_status":"closed","template":"","meta":{"content-type":""},"product_brand":[],"product_cat":[123],"product_tag":[747,166,176,758,730,733,376,731,759,732,734],"class_list":{"0":"post-10997","1":"product","2":"type-product","3":"status-publish","4":"has-post-thumbnail","6":"product_cat-torty","7":"product_tag-luksusowy-tort","8":"product_tag-tort","9":"product_tag-tort-czekoladowy","10":"product_tag-tort-dla-dzieci","11":"product_tag-tort-na-urodziny","12":"product_tag-tort-naturalny","13":"product_tag-tort-oreo","14":"product_tag-tort-urodzinowy","15":"product_tag-tort-z-owocami","16":"product_tag-torty-naturalne","17":"product_tag-zdrowy-sklad","19":"entry","20":"has-media","22":"first","23":"instock","24":"shipping-taxable","25":"product-type-variable","26":"has-default-attributes","27":"has-product-nav","28":"col","29":"span_1_of_4","30":"owp-content-center","31":"owp-thumbs-layout-horizontal","32":"owp-btn-normal","33":"owp-tabs-layout-horizontal"},"acf":[],"_links":{"self":[{"href":"https:\/\/jacekplacek.com.pl\/fi\/wp-json\/wp\/v2\/product\/10997","targetHints":{"allow":["GET"]}}],"collection":[{"href":"https:\/\/jacekplacek.com.pl\/fi\/wp-json\/wp\/v2\/product"}],"about":[{"href":"https:\/\/jacekplacek.com.pl\/fi\/wp-json\/wp\/v2\/types\/product"}],"replies":[{"embeddable":true,"href":"https:\/\/jacekplacek.com.pl\/fi\/wp-json\/wp\/v2\/comments?post=10997"}],"wp:featuredmedia":[{"embeddable":true,"href":"https:\/\/jacekplacek.com.pl\/fi\/wp-json\/wp\/v2\/media\/11005"}],"wp:attachment":[{"href":"https:\/\/jacekplacek.com.pl\/fi\/wp-json\/wp\/v2\/media?parent=10997"}],"wp:term":[{"taxonomy":"product_brand","embeddable":true,"href":"https:\/\/jacekplacek.com.pl\/fi\/wp-json\/wp\/v2\/product_brand?post=10997"},{"taxonomy":"product_cat","embeddable":true,"href":"https:\/\/jacekplacek.com.pl\/fi\/wp-json\/wp\/v2\/product_cat?post=10997"},{"taxonomy":"product_tag","embeddable":true,"href":"https:\/\/jacekplacek.com.pl\/fi\/wp-json\/wp\/v2\/product_tag?post=10997"}],"curies":[{"name":"wp","href":"https:\/\/api.w.org\/{rel}","templated":true}]}}