{"id":10992,"date":"2023-10-26T12:14:45","date_gmt":"2023-10-26T10:14:45","guid":{"rendered":"https:\/\/jacekplacek.com.pl\/?post_type=product&#038;p=10992"},"modified":"2025-11-18T18:30:48","modified_gmt":"2025-11-18T17:30:48","slug":"suola-karamelli-kakku","status":"publish","type":"product","link":"https:\/\/jacekplacek.com.pl\/fi\/tallentaa\/torty_i_desery\/kakut\/suola-karamelli-kakku\/","title":{"rendered":"Suolattu karamellikakku"},"content":{"rendered":"<p><span style=\"font-weight: 400;\"><strong>Esittelemme Salted Caramel Cake -kakun, jossa yhdistyy ainutlaatuinen kermavaahto ja herkk\u00e4 suolainen karamelli.<\/strong> <\/span>Se on makuyhdistelm\u00e4, joka luo ep\u00e4tavallisen ja yll\u00e4tt\u00e4v\u00e4n kontrastin. Kakun sis\u00e4puoli on koristeltu rapeilla karamellimaap\u00e4hkin\u00f6ill\u00e4, ja ranskalainen &quot;Dulce de Leche&quot; -koriste ja karamellipopcornit ovat t\u00e4m\u00e4n herkullisen kakun ainutlaatuinen huipentuma. Se on makean ja suolaisen paratiisi herkkusuille.<\/p>\n<p><strong>Nauti suolaisen karamellikakun mausta kanssamme!<\/strong><\/p>\n<p><span style=\"font-weight: 400;\">Suosittelemme tilaamaan kakun lahjaksi valitun kanssa <\/span><b>onnittelukortti<\/b><span style=\"font-weight: 400;\"> ja yhteensopivuus <\/span><b>kynttil\u00e4t<\/b><span style=\"font-weight: 400;\">.<\/span><\/p>","protected":false},"excerpt":{"rendered":"<p><span data-sheets-root=\"1\">Kermainen vaniljakastike suolaisella karamellilla, kerroksella karamellisoituja p\u00e4hkin\u00f6it\u00e4 ja koristeena Dulce de Leche ja popcorn.<\/span><\/p>","protected":false},"featured_media":11007,"comment_status":"closed","ping_status":"closed","template":"","meta":{"content-type":""},"product_brand":[],"product_cat":[123],"product_tag":[166,176,730,733,760,731,732,734],"class_list":{"0":"post-10992","1":"product","2":"type-product","3":"status-publish","4":"has-post-thumbnail","6":"product_cat-torty","7":"product_tag-tort","8":"product_tag-tort-czekoladowy","9":"product_tag-tort-na-urodziny","10":"product_tag-tort-naturalny","11":"product_tag-tort-slony-karmel","12":"product_tag-tort-urodzinowy","13":"product_tag-torty-naturalne","14":"product_tag-zdrowy-sklad","16":"entry","17":"has-media","19":"first","20":"instock","21":"shipping-taxable","22":"product-type-variable","23":"has-default-attributes","24":"has-product-nav","25":"col","26":"span_1_of_4","27":"owp-content-center","28":"owp-thumbs-layout-horizontal","29":"owp-btn-normal","30":"owp-tabs-layout-horizontal"},"acf":[],"_links":{"self":[{"href":"https:\/\/jacekplacek.com.pl\/fi\/wp-json\/wp\/v2\/product\/10992","targetHints":{"allow":["GET"]}}],"collection":[{"href":"https:\/\/jacekplacek.com.pl\/fi\/wp-json\/wp\/v2\/product"}],"about":[{"href":"https:\/\/jacekplacek.com.pl\/fi\/wp-json\/wp\/v2\/types\/product"}],"replies":[{"embeddable":true,"href":"https:\/\/jacekplacek.com.pl\/fi\/wp-json\/wp\/v2\/comments?post=10992"}],"wp:featuredmedia":[{"embeddable":true,"href":"https:\/\/jacekplacek.com.pl\/fi\/wp-json\/wp\/v2\/media\/11007"}],"wp:attachment":[{"href":"https:\/\/jacekplacek.com.pl\/fi\/wp-json\/wp\/v2\/media?parent=10992"}],"wp:term":[{"taxonomy":"product_brand","embeddable":true,"href":"https:\/\/jacekplacek.com.pl\/fi\/wp-json\/wp\/v2\/product_brand?post=10992"},{"taxonomy":"product_cat","embeddable":true,"href":"https:\/\/jacekplacek.com.pl\/fi\/wp-json\/wp\/v2\/product_cat?post=10992"},{"taxonomy":"product_tag","embeddable":true,"href":"https:\/\/jacekplacek.com.pl\/fi\/wp-json\/wp\/v2\/product_tag?post=10992"}],"curies":[{"name":"wp","href":"https:\/\/api.w.org\/{rel}","templated":true}]}}